{"id":1084,"date":"2014-02-17T08:55:55","date_gmt":"2014-02-17T08:55:55","guid":{"rendered":"http:\/\/www.zegevege.com\/?page_id=1084"},"modified":"2026-04-22T10:03:08","modified_gmt":"2026-04-22T10:03:08","slug":"sudionici","status":"publish","type":"page","link":"http:\/\/www.zegevege.com\/?page_id=1084","title":{"rendered":"Sudionici"},"content":{"rendered":"\t\t<div data-elementor-type=\"wp-page\" data-elementor-id=\"1084\" class=\"elementor elementor-1084\">\n\t\t\t\t<div class=\"elementor-element elementor-element-dcbe381 e-flex e-con-boxed e-con e-parent\" data-id=\"dcbe381\" data-element_type=\"container\" data-e-type=\"container\">\n\t\t\t\t\t<div class=\"e-con-inner\">\n\t\t<div class=\"elementor-element elementor-element-9409d20 e-con-full e-flex e-con e-child\" data-id=\"9409d20\" data-element_type=\"container\" data-e-type=\"container\">\n\t\t\t\t<div class=\"elementor-element elementor-element-64b51f6b elementor-widget elementor-widget-text-editor\" data-id=\"64b51f6b\" data-element_type=\"widget\" data-e-type=\"widget\" data-widget_type=\"text-editor.default\">\n\t\t\t\t\t\t\t\t\t<h2>Generalni sponzor<\/h2><p>\n<table id=\"tablepress-22\" class=\"tablepress tablepress-id-22\">\n<tbody>\n<tr class=\"row-1\">\n\t<td class=\"column-1\"><\/td><td class=\"column-2\"><img decoding=\"async\" src=\"http:\/\/www.zegevege.com\/wp-content\/uploads\/2018\/07\/Spar-logo-1.jpg\" alt=\"Veggie Spar logo\" width=\"180\" height=\"122\" class=\"aligncenter size-full wp-image-3578\" \/><\/td><td class=\"column-3\"><\/td>\n<\/tr>\n<\/tbody>\n<\/table>\n<!-- #tablepress-22 from cache --><\/p><h2>Izlaga\u010di<\/h2><p>\n<table id=\"tablepress-44\" class=\"tablepress tablepress-id-44\">\n<tbody>\n<tr class=\"row-1\">\n\t<td class=\"column-1\"><a href=\"http:\/\/www.zegevege.com\/wp-content\/uploads\/2014\/08\/DM.jpg\"><img decoding=\"async\" src=\"http:\/\/www.zegevege.com\/wp-content\/uploads\/2014\/08\/DM.jpg\" alt=\"\" width=\"180\" height=\"122\" class=\"aligncenter size-full wp-image-1789\" \/><\/a><\/td>\n<\/tr>\n<tr class=\"row-2\">\n\t<td class=\"column-1\"><a href=\"http:\/\/www.zegevege.com\/wp-content\/uploads\/2025\/08\/nomu-logo.png\"><img decoding=\"async\" src=\"http:\/\/www.zegevege.com\/wp-content\/uploads\/2025\/08\/nomu-logo-300x159.png\" alt=\"\" width=\"300\" height=\"159\" class=\"aligncenter size-medium wp-image-4801\" srcset=\"http:\/\/www.zegevege.com\/wp-content\/uploads\/2025\/08\/nomu-logo-300x159.png 300w, http:\/\/www.zegevege.com\/wp-content\/uploads\/2025\/08\/nomu-logo-470x250.png 470w, http:\/\/www.zegevege.com\/wp-content\/uploads\/2025\/08\/nomu-logo.png 682w\" sizes=\"(max-width: 300px) 100vw, 300px\" \/><\/a><\/td>\n<\/tr>\n<tr class=\"row-3\">\n\t<td class=\"column-1\"><a href=\"http:\/\/www.zegevege.com\/wp-content\/uploads\/2025\/08\/fire-and-stone-logo.png\"><img loading=\"lazy\" decoding=\"async\" src=\"http:\/\/www.zegevege.com\/wp-content\/uploads\/2025\/08\/fire-and-stone-logo-300x134.png\" alt=\"\" width=\"300\" height=\"134\" class=\"aligncenter size-medium wp-image-4800\" srcset=\"http:\/\/www.zegevege.com\/wp-content\/uploads\/2025\/08\/fire-and-stone-logo-300x134.png 300w, http:\/\/www.zegevege.com\/wp-content\/uploads\/2025\/08\/fire-and-stone-logo.png 543w\" sizes=\"(max-width: 300px) 100vw, 300px\" \/><\/a><\/td>\n<\/tr>\n<\/tbody>\n<\/table>\n<!-- #tablepress-44 from cache --><\/p><ul><li>Bormax dekorateri<\/li><li>Centar za egzoti\u010dno vo\u0107e<\/li><li>Crunch you<\/li><li>Doma\u0107a radinost Borka Plav\u0161i\u0107<\/li><li>Falafel, etc.<\/li><li>Flafi pelene<\/li><li>Ghrei story<\/li><li>Graska d.o.o.<\/li><li>Iris &amp; Branimir Delicije (Braniteljska zadruga Arka na\u0161a)<\/li><li>Lika Garden<\/li><li>Makam<\/li><li>Maritimo Recycling<\/li><li>Meow me<\/li><li>Mohanji Hrvatska<\/li><li>Norsan Adriatik<\/li><li>Oaza Joyful Kitchen<\/li><li>OPG Benkoti\u0107 Bo\u017eena<\/li><li>OPG Grivi\u010di\u0107 (Aurelia Natura)<\/li><li>OPG Hukavec<\/li><li>OPG Kali\u0107 Zvonimir (Croaticanna)<\/li><li>OPG Korade<\/li><li>OPG Kova\u010di\u0107<\/li><li>OPG Kranj\u010devi\u0107<\/li><li>OPG Marijana \u0160anti\u0107<\/li><li>OPG Mlinari\u0107<\/li><li>OPG Rogi\u0107<\/li><li>OPG Rossi<\/li><li>OPG Diana Romi\u0107<\/li><li>OPG Rosa Petalis<\/li><li>OPG Sinkovi\u0107 Danijel<\/li><li>Slatko moje zeleno<\/li><li>OPG Svarog<\/li><li>OPG Valen<\/li><li>people2people<\/li><li>Piterija Zvrk<\/li><li>Prava \u0161apa<\/li><li>Sana Delikatese<\/li><li>Skloni\u0161te za nezbrinute \u017eivotinje Grada Zagreba Dumovec<\/li><li>SMID<\/li><li>Smion<\/li><li>Socijalna zadruga Humana nova<\/li><li>SOS cat<\/li><li>Spar<\/li><li>Thai Thai Street food<\/li><li>Udruga Pobjede<\/li><li>Udruga Sattva<\/li><li>Vegehop<\/li><li>Vindija<\/li><li>Zelene tehnologije (Reencle)<\/li><li>Zovko obrt<\/li><\/ul><h2>Restorani izlaga\u010di<\/h2><ul><li>Spar<\/li><li>Oaza Joyful Kitchen<\/li><li>Falafel, etc<\/li><li>Thai Thai Street food<\/li><li>Makam Naturkost<\/li><\/ul>\t\t\t\t\t\t\t\t<\/div>\n\t\t\t\t<\/div>\n\t\t<div class=\"elementor-element elementor-element-cd63a5e e-con-full e-flex e-con e-child\" data-id=\"cd63a5e\" data-element_type=\"container\" data-e-type=\"container\">\n\t\t\t\t<div class=\"elementor-element elementor-element-bbc1ce3 elementor-widget elementor-widget-sidebar\" data-id=\"bbc1ce3\" data-element_type=\"widget\" data-e-type=\"widget\" data-widget_type=\"sidebar.default\">\n\t\t\t\t\t<aside id=\"block-4\" class=\"widget widget_block\"><h2 class=\"widgettitle\">Arhiva<\/h2>\n<a href=\u201chttps:\/\/www.zegevege.com\/?page_id=4781\u201c>Sudionici 2024<\/a> <\/br>\n<a href=\"http:\/\/www.zegevege.com\/?page_id=4563\">Sudionici 2023<\/a>\n<\/br>\n\n\n<a href=\"http:\/\/www.zegevege.com\/?page_id=4469\">Sudionici 2022<\/a>\n<\/br>\n<a href=\"http:\/\/www.zegevege.com\/?page_id=4365\">Sudionici 2021<\/a>\n<\/br>\n<a href=\"http:\/\/www.zegevege.com\/?page_id=4188\">Sudionici 2019<\/a>\n<\/br>\n<a href=\"http:\/\/www.zegevege.com\/?page_id=3791\">Sudionici 2018<\/a>\n<\/br>\n<a href=\"http:\/\/www.zegevege.com\/?page_id=3472\">Sudionici 2017<\/a>\n<\/br>\n<a href=\"http:\/\/www.zegevege.com\/?page_id=3234\">Sudionici 2016<\/a>\n<\/br>\n<a href=\"http:\/\/www.zegevege.com\/?page_id=2873\">Sudionici 2015<\/a>\n<\/br>\n<a href=\"http:\/\/www.zegevege.com\/?page_id=2152\">Sudionici 2014<\/a>\n<\/br>\n<a href=\"http:\/\/www.zegevege.com\/?page_id=34&lang=hr\">Sudionici 2013<\/a><\/aside>\t\t\t\t<\/div>\n\t\t\t\t<\/div>\n\t\t\t\t\t<\/div>\n\t\t\t\t<\/div>\n\t\t<div class=\"elementor-element elementor-element-09a89ac e-flex e-con-boxed e-con e-parent\" data-id=\"09a89ac\" data-element_type=\"container\" data-e-type=\"container\">\n\t\t\t\t\t<div class=\"e-con-inner\">\n\t\t<div class=\"elementor-element elementor-element-79495eb e-con-full e-flex e-con e-child\" data-id=\"79495eb\" data-element_type=\"container\" data-e-type=\"container\">\n\t\t\t\t<div class=\"elementor-element elementor-element-6bb9ed8 elementor-widget elementor-widget-text-editor\" data-id=\"6bb9ed8\" data-element_type=\"widget\" data-e-type=\"widget\" data-widget_type=\"text-editor.default\">\n\t\t\t\t\t\t\t\t\t<h2 style=\"text-align: left;\"><span style=\"font-style: inherit;\"><b>Medijski pokrovitelji<\/b><\/span><\/h2><p><span style=\"font-style: inherit; font-weight: inherit;\">\n<table id=\"tablepress-45\" class=\"tablepress tablepress-id-45\">\n<tbody>\n<tr class=\"row-1\">\n\t<td class=\"column-1\"><a href=\"http:\/\/www.zegevege.com\/wp-content\/uploads\/2021\/08\/LOGO-Vecernji-list.jpg\"><img loading=\"lazy\" decoding=\"async\" src=\"http:\/\/www.zegevege.com\/wp-content\/uploads\/2021\/08\/LOGO-Vecernji-list-300x150.jpg\" alt=\"\" width=\"300\" height=\"150\" class=\"aligncenter size-medium wp-image-4280\" srcset=\"http:\/\/www.zegevege.com\/wp-content\/uploads\/2021\/08\/LOGO-Vecernji-list-300x150.jpg 300w, http:\/\/www.zegevege.com\/wp-content\/uploads\/2021\/08\/LOGO-Vecernji-list-768x385.jpg 768w, http:\/\/www.zegevege.com\/wp-content\/uploads\/2021\/08\/LOGO-Vecernji-list.jpg 994w\" sizes=\"(max-width: 300px) 100vw, 300px\" \/><\/a><\/td><td class=\"column-2\"><a href=\"http:\/\/www.zegevege.com\/wp-content\/uploads\/2025\/08\/zagrebi-logo-plavi-1.png\"><img loading=\"lazy\" decoding=\"async\" src=\"http:\/\/www.zegevege.com\/wp-content\/uploads\/2025\/08\/zagrebi-logo-plavi-1-300x93.png\" alt=\"\" width=\"300\" height=\"93\" class=\"aligncenter size-medium wp-image-4806\" srcset=\"http:\/\/www.zegevege.com\/wp-content\/uploads\/2025\/08\/zagrebi-logo-plavi-1-300x93.png 300w, http:\/\/www.zegevege.com\/wp-content\/uploads\/2025\/08\/zagrebi-logo-plavi-1-1024x317.png 1024w, http:\/\/www.zegevege.com\/wp-content\/uploads\/2025\/08\/zagrebi-logo-plavi-1-768x238.png 768w, http:\/\/www.zegevege.com\/wp-content\/uploads\/2025\/08\/zagrebi-logo-plavi-1.png 1200w\" sizes=\"(max-width: 300px) 100vw, 300px\" \/><\/a><\/td>\n<\/tr>\n<tr class=\"row-2\">\n\t<td class=\"column-1\"><a href=\"http:\/\/www.zegevege.com\/wp-content\/uploads\/2020\/08\/metro-logo.jpg\"><img loading=\"lazy\" decoding=\"async\" src=\"http:\/\/www.zegevege.com\/wp-content\/uploads\/2020\/08\/metro-logo.jpg\" alt=\"Metro portal - logo\" width=\"180\" height=\"93\" class=\"aligncenter size-full wp-image-4226\" \/><\/a><\/td><td class=\"column-2\"><a href=\"http:\/\/www.zegevege.com\/wp-content\/uploads\/2024\/08\/Rijeka_Danas_Logo_rdlogo_fb_profile.png\"><img loading=\"lazy\" decoding=\"async\" src=\"http:\/\/www.zegevege.com\/wp-content\/uploads\/2024\/08\/Rijeka_Danas_Logo_rdlogo_fb_profile-300x300.png\" alt=\"\" width=\"300\" height=\"300\" class=\"alignnone size-medium wp-image-4585\" srcset=\"http:\/\/www.zegevege.com\/wp-content\/uploads\/2024\/08\/Rijeka_Danas_Logo_rdlogo_fb_profile-300x300.png 300w, http:\/\/www.zegevege.com\/wp-content\/uploads\/2024\/08\/Rijeka_Danas_Logo_rdlogo_fb_profile-150x150.png 150w, http:\/\/www.zegevege.com\/wp-content\/uploads\/2024\/08\/Rijeka_Danas_Logo_rdlogo_fb_profile-768x768.png 768w, http:\/\/www.zegevege.com\/wp-content\/uploads\/2024\/08\/Rijeka_Danas_Logo_rdlogo_fb_profile-60x60.png 60w, http:\/\/www.zegevege.com\/wp-content\/uploads\/2024\/08\/Rijeka_Danas_Logo_rdlogo_fb_profile.png 960w\" sizes=\"(max-width: 300px) 100vw, 300px\" \/><\/a><\/td>\n<\/tr>\n<tr class=\"row-3\">\n\t<td class=\"column-1\"><a href=\"http:\/\/www.zegevege.com\/wp-content\/uploads\/2023\/08\/europlakat-logo.png\"><img loading=\"lazy\" decoding=\"async\" src=\"http:\/\/www.zegevege.com\/wp-content\/uploads\/2023\/08\/europlakat-logo-300x150.png\" alt=\"\" width=\"300\" height=\"150\" class=\"aligncenter size-medium wp-image-4505\" srcset=\"http:\/\/www.zegevege.com\/wp-content\/uploads\/2023\/08\/europlakat-logo-300x150.png 300w, http:\/\/www.zegevege.com\/wp-content\/uploads\/2023\/08\/europlakat-logo-1024x512.png 1024w, http:\/\/www.zegevege.com\/wp-content\/uploads\/2023\/08\/europlakat-logo-768x384.png 768w, http:\/\/www.zegevege.com\/wp-content\/uploads\/2023\/08\/europlakat-logo-1536x768.png 1536w, http:\/\/www.zegevege.com\/wp-content\/uploads\/2023\/08\/europlakat-logo.png 1600w\" sizes=\"(max-width: 300px) 100vw, 300px\" \/><\/a><\/td><td class=\"column-2\"><\/td>\n<\/tr>\n<tr class=\"row-4\">\n\t<td class=\"column-1\"><a href=\"http:\/\/www.zegevege.com\/wp-content\/uploads\/2022\/09\/zagreb-plakat.jpg\"><img loading=\"lazy\" decoding=\"async\" src=\"http:\/\/www.zegevege.com\/wp-content\/uploads\/2022\/09\/zagreb-plakat-300x109.jpg\" alt=\"\" width=\"300\" height=\"109\" class=\"aligncenter size-medium wp-image-4403\" srcset=\"http:\/\/www.zegevege.com\/wp-content\/uploads\/2022\/09\/zagreb-plakat-300x109.jpg 300w, http:\/\/www.zegevege.com\/wp-content\/uploads\/2022\/09\/zagreb-plakat.jpg 359w\" sizes=\"(max-width: 300px) 100vw, 300px\" \/><\/a><\/td><td class=\"column-2\"><\/td>\n<\/tr>\n<\/tbody>\n<\/table>\n<!-- #tablepress-45 from cache --><\/span><\/p><h2>Sponzori<\/h2><p>\n<table id=\"tablepress-46\" class=\"tablepress tablepress-id-46\">\n<tbody>\n<tr class=\"row-1\">\n\t<td class=\"column-1\"><a href=\"http:\/\/www.zegevege.com\/wp-content\/uploads\/2020\/08\/HDS-ZAMP-logo-2.jpg\"><img loading=\"lazy\" decoding=\"async\" src=\"http:\/\/www.zegevege.com\/wp-content\/uploads\/2020\/08\/HDS-ZAMP-logo-2.jpg\" alt=\"\" width=\"180\" height=\"111\" class=\"aligncenter size-full wp-image-4205\" \/><\/a><\/td>\n<\/tr>\n<tr class=\"row-2\">\n\t<td class=\"column-1\"><a href=\"http:\/\/www.zegevege.com\/wp-content\/uploads\/2024\/09\/holding.png\"><img loading=\"lazy\" decoding=\"async\" src=\"http:\/\/www.zegevege.com\/wp-content\/uploads\/2024\/09\/holding-300x112.png\" alt=\"\" width=\"300\" height=\"112\" class=\"alignnone size-medium wp-image-4619\" srcset=\"http:\/\/www.zegevege.com\/wp-content\/uploads\/2024\/09\/holding-300x112.png 300w, http:\/\/www.zegevege.com\/wp-content\/uploads\/2024\/09\/holding.png 469w\" sizes=\"(max-width: 300px) 100vw, 300px\" \/><\/a><\/td>\n<\/tr>\n<\/tbody>\n<\/table>\n<!-- #tablepress-46 from cache --><\/p>\t\t\t\t\t\t\t\t<\/div>\n\t\t\t\t<\/div>\n\t\t<div class=\"elementor-element elementor-element-a6d7d77 e-con-full e-flex e-con e-child\" data-id=\"a6d7d77\" data-element_type=\"container\" data-e-type=\"container\">\n\t\t\t\t<div class=\"elementor-element elementor-element-02a52c2 elementor-widget elementor-widget-text-editor\" data-id=\"02a52c2\" data-element_type=\"widget\" data-e-type=\"widget\" data-widget_type=\"text-editor.default\">\n\t\t\t\t\t\t\t\t\t<h2 style=\"text-align: left;\"><span style=\"font-size: 1.875rem; font-style: inherit;\">Prijatelji festivala<\/span><\/h2><ul><li>Annapurna<\/li><li>ILIRIC-EKO d.o.o.<\/li><li>Subsonic Events<\/li><\/ul><h2>\u00a0<\/h2><h2>Potporu dali<\/h2><ul><li>Predsjednik Republike Hrvatske &#8211; Zoran Milanovi\u0107<\/li><li>Vlada Republike Hrvatske<\/li><li>Ministarstvo poljoprivrede, \u0161umarstva i ribarstva<\/li><li>Ministarstvo znanosti, obrazovanja i mladih<\/li><li>Ministarstvo zdravstva<\/li><li>Grad Zagreb<\/li><li>Odbor za za\u0161titu okoli\u0161a i prirode Hrvatskoga sabora<\/li><li>Turisti\u010dka zajednica Grada Zagreba<\/li><li>Agencija za poljoprivredu i hranu<\/li><\/ul>\t\t\t\t\t\t\t\t<\/div>\n\t\t\t\t<\/div>\n\t\t\t\t\t<\/div>\n\t\t\t\t<\/div>\n\t\t\t\t<\/div>\n\t\t","protected":false},"excerpt":{"rendered":"<p>Generalni sponzor Izlaga\u010di Bormax dekorateri Centar za egzoti\u010dno vo\u0107e Crunch you Doma\u0107a radinost Borka Plav\u0161i\u0107 Falafel, etc. Flafi pelene Ghrei [&hellip;]<\/p>\n","protected":false},"author":1,"featured_media":0,"parent":0,"menu_order":0,"comment_status":"closed","ping_status":"closed","template":"","meta":{"site-sidebar-layout":"default","site-content-layout":"","ast-site-content-layout":"default","site-content-style":"default","site-sidebar-style":"default","ast-global-header-display":"","ast-banner-title-visibility":"","ast-main-header-display":"","ast-hfb-above-header-display":"","ast-hfb-below-header-display":"","ast-hfb-mobile-header-display":"","site-post-title":"","ast-breadcrumbs-content":"","ast-featured-img":"","footer-sml-layout":"","ast-disable-related-posts":"","theme-transparent-header-meta":"","adv-header-id-meta":"","stick-header-meta":"","header-above-stick-meta":"","header-main-stick-meta":"","header-below-stick-meta":"","astra-migrate-meta-layouts":"default","ast-page-background-enabled":"default","ast-page-background-meta":{"desktop":{"background-color":"var(--ast-global-color-5)","background-image":"","background-repeat":"repeat","background-position":"center center","background-size":"auto","background-attachment":"scroll","background-type":"","background-media":"","overlay-type":"","overlay-color":"","overlay-opacity":"","overlay-gradient":""},"tablet":{"background-color":"","background-image":"","background-repeat":"repeat","background-position":"center center","background-size":"auto","background-attachment":"scroll","background-type":"","background-media":"","overlay-type":"","overlay-color":"","overlay-opacity":"","overlay-gradient":""},"mobile":{"background-color":"","background-image":"","background-repeat":"repeat","background-position":"center center","background-size":"auto","background-attachment":"scroll","background-type":"","background-media":"","overlay-type":"","overlay-color":"","overlay-opacity":"","overlay-gradient":""}},"ast-content-background-meta":{"desktop":{"background-color":"var(--ast-global-color-4)","background-image":"","background-repeat":"repeat","background-position":"center center","background-size":"auto","background-attachment":"scroll","background-type":"","background-media":"","overlay-type":"","overlay-color":"","overlay-opacity":"","overlay-gradient":""},"tablet":{"background-color":"var(--ast-global-color-4)","background-image":"","background-repeat":"repeat","background-position":"center center","background-size":"auto","background-attachment":"scroll","background-type":"","background-media":"","overlay-type":"","overlay-color":"","overlay-opacity":"","overlay-gradient":""},"mobile":{"background-color":"var(--ast-global-color-4)","background-image":"","background-repeat":"repeat","background-position":"center center","background-size":"auto","background-attachment":"scroll","background-type":"","background-media":"","overlay-type":"","overlay-color":"","overlay-opacity":"","overlay-gradient":""}},"footnotes":""},"class_list":["post-1084","page","type-page","status-publish","hentry"],"_links":{"self":[{"href":"http:\/\/www.zegevege.com\/index.php?rest_route=\/wp\/v2\/pages\/1084","targetHints":{"allow":["GET"]}}],"collection":[{"href":"http:\/\/www.zegevege.com\/index.php?rest_route=\/wp\/v2\/pages"}],"about":[{"href":"http:\/\/www.zegevege.com\/index.php?rest_route=\/wp\/v2\/types\/page"}],"author":[{"embeddable":true,"href":"http:\/\/www.zegevege.com\/index.php?rest_route=\/wp\/v2\/users\/1"}],"replies":[{"embeddable":true,"href":"http:\/\/www.zegevege.com\/index.php?rest_route=%2Fwp%2Fv2%2Fcomments&post=1084"}],"version-history":[{"count":603,"href":"http:\/\/www.zegevege.com\/index.php?rest_route=\/wp\/v2\/pages\/1084\/revisions"}],"predecessor-version":[{"id":4987,"href":"http:\/\/www.zegevege.com\/index.php?rest_route=\/wp\/v2\/pages\/1084\/revisions\/4987"}],"wp:attachment":[{"href":"http:\/\/www.zegevege.com\/index.php?rest_route=%2Fwp%2Fv2%2Fmedia&parent=1084"}],"curies":[{"name":"wp","href":"https:\/\/api.w.org\/{rel}","templated":true}]}}