{"id":2152,"date":"2015-03-16T11:20:24","date_gmt":"2015-03-16T11:20:24","guid":{"rendered":"http:\/\/www.zegevege.com\/?page_id=2152"},"modified":"2026-04-21T12:16:15","modified_gmt":"2026-04-21T12:16:15","slug":"sudionici-2014-2","status":"publish","type":"page","link":"http:\/\/www.zegevege.com\/?page_id=2152","title":{"rendered":"Sudionici 2014"},"content":{"rendered":"<p>[accordion title=&#8221;Izlaga\u010di&#8221; close=&#8221;1&#8243;] \n<table id=\"tablepress-1\" class=\"tablepress tablepress-id-1\">\n<tbody>\n<tr class=\"row-1\">\n\t<td class=\"column-1\"><img decoding=\"async\" src=\"http:\/\/www.zegevege.com\/wp-content\/uploads\/2014\/02\/MELVITA_LOGO_GREEN_HR-tisk-300x109.jpg\" alt=\"\" width=\"180\" height=\"66\" class=\"alignnone size-medium wp-image-1347\" srcset=\"http:\/\/www.zegevege.com\/wp-content\/uploads\/2014\/02\/MELVITA_LOGO_GREEN_HR-tisk-300x109.jpg 300w, http:\/\/www.zegevege.com\/wp-content\/uploads\/2014\/02\/MELVITA_LOGO_GREEN_HR-tisk-1024x372.jpg 1024w\" sizes=\"(max-width: 180px) 100vw, 180px\" \/><\/td><td class=\"column-2\"><img decoding=\"async\" src=\"http:\/\/www.zegevege.com\/wp-content\/uploads\/2014\/07\/Sapunoteka.jpg\" alt=\"\" width=\"180\" height=\"81\" class=\"aligncenter size-full wp-image-1506\" \/><\/td><td class=\"column-3\"><img decoding=\"async\" src=\"http:\/\/www.zegevege.com\/wp-content\/uploads\/2015\/07\/Encian.jpg\" alt=\"\" width=\"180\" height=\"122\" class=\"aligncenter size-full wp-image-1505\" \/><\/td>\n<\/tr>\n<tr class=\"row-2\">\n\t<td class=\"column-1\"><img loading=\"lazy\" decoding=\"async\" src=\"http:\/\/www.zegevege.com\/wp-content\/uploads\/2014\/07\/Alpro-300x203.jpg\" alt=\"\" width=\"180\" height=\"122\" class=\"aligncenter size-medium wp-image-1507\" srcset=\"http:\/\/www.zegevege.com\/wp-content\/uploads\/2014\/07\/Alpro-300x203.jpg 300w, http:\/\/www.zegevege.com\/wp-content\/uploads\/2014\/07\/Alpro.jpg 326w\" sizes=\"(max-width: 180px) 100vw, 180px\" \/><\/td><td class=\"column-2\"><img loading=\"lazy\" decoding=\"async\" src=\"http:\/\/www.zegevege.com\/wp-content\/uploads\/2014\/07\/GreenPoint.jpg\" alt=\"\" width=\"180\" height=\"122\" class=\"aligncenter size-full wp-image-1503\" \/><\/td><td class=\"column-3\"><img loading=\"lazy\" decoding=\"async\" src=\"http:\/\/www.zegevege.com\/wp-content\/uploads\/2014\/07\/Ekozona.jpg\" alt=\"\" width=\"180\" height=\"122\" class=\"aligncenter size-full wp-image-1590\" \/><\/td>\n<\/tr>\n<tr class=\"row-3\">\n\t<td class=\"column-1\"><img loading=\"lazy\" decoding=\"async\" src=\"http:\/\/www.zegevege.com\/wp-content\/uploads\/2014\/07\/BioBio.jpg\" alt=\"\" width=\"180\" height=\"122\" class=\"aligncenter size-full wp-image-1592\" \/><\/td><td class=\"column-2\"><img loading=\"lazy\" decoding=\"async\" src=\"http:\/\/www.zegevege.com\/wp-content\/uploads\/2014\/07\/Vegehop-logo.jpg\" alt=\"\" width=\"180\" height=\"122\" class=\"aligncenter size-full wp-image-1637\" \/><\/td><td class=\"column-3\"><img loading=\"lazy\" decoding=\"async\" src=\"http:\/\/www.zegevege.com\/wp-content\/uploads\/2014\/07\/Spar-veggie.jpg\" alt=\"\" width=\"180\" height=\"122\" class=\"aligncenter size-full wp-image-1639\" \/><\/td>\n<\/tr>\n<tr class=\"row-4\">\n\t<td class=\"column-1\"><img loading=\"lazy\" decoding=\"async\" src=\"http:\/\/www.zegevege.com\/wp-content\/uploads\/2014\/07\/Bio-bistro-zrno.jpg\" alt=\"\" width=\"180\" height=\"122\" class=\"aligncenter size-full wp-image-1648\" \/><\/td><td class=\"column-2\"><img loading=\"lazy\" decoding=\"async\" src=\"http:\/\/www.zegevege.com\/wp-content\/uploads\/2014\/08\/Zelena-pri\u010da.jpg\" alt=\"\" width=\"180\" height=\"122\" class=\"aligncenter size-full wp-image-1699\" \/><\/td><td class=\"column-3\"><img loading=\"lazy\" decoding=\"async\" src=\"http:\/\/www.zegevege.com\/wp-content\/uploads\/2014\/08\/DM.jpg\" alt=\"\" width=\"180\" height=\"122\" class=\"aligncenter size-full wp-image-1789\" \/><\/td>\n<\/tr>\n<\/tbody>\n<\/table>\n<!-- #tablepress-1 from cache --><\/p>\n<p>Annapurna<br \/>\nClavis consultor<br \/>\nOPG Ana Kova\u010di\u0107<br \/>\nOmegol<br \/>\nElecta Sol<br \/>\nRimac Automobili<br \/>\nGreencajg<br \/>\nRo\u017ei\u0107<br \/>\nBioherba<br \/>\nAWT International<br \/>\nBeauty &amp; The Beast<br \/>\nMakam Naturkost<br \/>\nRumena<br \/>\nBruna nat\u00fcrlich Eis<br \/>\nArt of Raw<br \/>\nEko OPG Huji\u0107<br \/>\nZlata Nani\u0107<br \/>\nSana delikatese<br \/>\nOPG Brolich<br \/>\nNutristo.com\/vegan<br \/>\nLarimar Essentia<br \/>\nOPG Ira Branilovi\u0107<br \/>\nBokun<br \/>\nEnzita<br \/>\nOPG Vladimir \u0160inko<br \/>\nOPG Jakopovi\u0107<br \/>\nVegetariana<br \/>\nOPG Paulik<br \/>\nHERBAS Jasmina Avbar s.p.<br \/>\nBoBo trgovina, ugostiteljstvo i usluge<br \/>\nOPG Ili\u010di\u0107 \u017deljko<br \/>\nGala natura<br \/>\nUdruga RODA &#8211; Roditelji u akciji<br \/>\nCannaBio<br \/>\nPlanetopija<br \/>\nInternacionalna zaklada Gabriele<br \/>\nGlas \u017eivotinja<br \/>\nOrganica Vita<br \/>\nZmajevna<br \/>\nOPG Roland Bakal<br \/>\nGarden d.o.o.<br \/>\nSocijalna zadruga Humana Nova<br \/>\nNaturo eko proizvodi i usluge<br \/>\nOPG Pe\u0161a Marija<br \/>\nOPG Branko \u010cegec<br \/>\nHerbio plus<br \/>\nZelena akcija<br \/>\nZelena mre\u017ea aktivisti\u010dkih grupa<br \/>\nParkticipacija<br \/>\nBiodar<br \/>\nPOSTIRA poljoprivredna zadruga<br \/>\nAdvent<br \/>\nKonoplja &amp; Co.<br \/>\nAmi hrana za pse i ma\u010dke<br \/>\nSkloni\u0161te za nezbrinute \u017eivotinje grada Zagreba<br \/>\nObrt za eko igra\u010dke<br \/>\nSattva udruga za promicanje ajurvede i vegetarijanstva<br \/>\nBormax obrt za trgovinu<br \/>\nSlovensko vegansko dru\u0161tvo<br \/>\nOPG Pereglin Tomislav<br \/>\nOPG Anto Juri\u0107<br \/>\nUdruga Pobjede<br \/>\nDrveni kutak<br \/>\nSindikat biciklista<br \/>\nZlata Nani\u0107<br \/>\nDvostruka duga<br \/>\nOPG Marija Mudri\u0107<br \/>\nOPG Veseli\u0107<br \/>\nOPG \u010ci\u017emek Ljubica<br \/>\nK naravi<br \/>\nOPG Ore\u0161kovi\u0107<br \/>\nSMID &#8211; Mirjana Strancari\u0107<br \/>\nPrijatelji \u017eivotinja[\/accordion]<br \/>\n[accordion title=&#8221;Izvo\u0111a\u010di&#8221; close=&#8221;1&#8243;]<\/p>\n<p>Udruga Savr\u0161en krug<br \/>\nTrostruka svjetska viceprvakinja u gimnastici Lana Momirovi\u0107<br \/>\nBack to Swing<br \/>\nPlesna skupina Sheherezade<br \/>\nSebastian Doe<br \/>\nVikend Revolucija<br \/>\n\u0160kola trbu\u0161nog plesa Zuzana<br \/>\nPicksiebner<br \/>\nBend Navarro<br \/>\nDje\u010dji zbor Kiki\u0107i i Teen grupa Genijalci<br \/>\nSeine<br \/>\nKim Verson<br \/>\nIFEEL<br \/>\nBaby Blue<br \/>\nJuraj Jurlina band<br \/>\nDetour<br \/>\nSchool of Street Styles &#8211; SOSS<br \/>\nZoran Mi\u0161i\u0107<br \/>\nDino Jelusi\u0107<br \/>\nBojan Jambro\u0161i\u0107<br \/>\nDj Akademija<br \/>\nAtomic Dance Factory<br \/>\nU pol&#8217; 9 kod Sabe<br \/>\nKinoKlub<br \/>\n[\/accordion] [accordion title=&#8221;Medijski pokrovitelji&#8221; close=&#8221;1&#8243;] \n<table id=\"tablepress-3\" class=\"tablepress tablepress-id-3\">\n<tbody>\n<tr class=\"row-1\">\n\t<td class=\"column-1\"><a href=\"http:\/\/www.krenizdravo.com\/\" target=\"_blank\" title=\"Kreni zdravo\"><img loading=\"lazy\" decoding=\"async\" src=\"http:\/\/www.zegevege.com\/wp-content\/uploads\/2014\/06\/KreniZdravo-300x214.jpg\" alt=\"\" width=\"95\" height=\"68\" class=\"aligncenter size-medium wp-image-1458\" srcset=\"http:\/\/www.zegevege.com\/wp-content\/uploads\/2014\/06\/KreniZdravo-300x214.jpg 300w, http:\/\/www.zegevege.com\/wp-content\/uploads\/2014\/06\/KreniZdravo-305x223.jpg 305w, http:\/\/www.zegevege.com\/wp-content\/uploads\/2014\/06\/KreniZdravo-220x160.jpg 220w, http:\/\/www.zegevege.com\/wp-content\/uploads\/2014\/06\/KreniZdravo.jpg 312w\" sizes=\"(max-width: 95px) 100vw, 95px\" \/><\/a><\/td><td class=\"column-2\"><a href=\"http:\/\/www.ekomreza.org\/\" target=\"_blank\" title=\"Eko Mre\u017ea\"><img loading=\"lazy\" decoding=\"async\" src=\"http:\/\/www.zegevege.com\/wp-content\/uploads\/2014\/06\/EkoMreza-300x80.jpg\" alt=\"\" width=\"180\" height=\"48\" class=\"alignnone size-medium wp-image-1434\" srcset=\"http:\/\/www.zegevege.com\/wp-content\/uploads\/2014\/06\/EkoMreza-300x80.jpg 300w, http:\/\/www.zegevege.com\/wp-content\/uploads\/2014\/06\/EkoMreza-1024x275.jpg 1024w, http:\/\/www.zegevege.com\/wp-content\/uploads\/2014\/06\/EkoMreza.jpg 1104w\" sizes=\"(max-width: 180px) 100vw, 180px\" \/><\/a><\/td><td class=\"column-3\"><a href=\"http:\/\/www.centar-zdravlja.net\/\" target=\"_blank\" title=\"Centar Zdravlja\"> <img loading=\"lazy\" decoding=\"async\" src=\"http:\/\/www.zegevege.com\/wp-content\/uploads\/2014\/06\/CentarZdravljaLogo.jpg\" alt=\"\" width=\"180\" height=\"72\" class=\"aligncenter size-full wp-image-1477\" \/><\/a><\/td>\n<\/tr>\n<tr class=\"row-2\">\n\t<td class=\"column-1\"><a href=\"http:\/\/www.zagrebinfo.hr\/\"target=\"_blank\" title=\"Zagreb Info\"> <img loading=\"lazy\" decoding=\"async\" src=\"http:\/\/www.zegevege.com\/wp-content\/uploads\/2014\/06\/ZagrebInfo.png\" alt=\"\" width=\"180\" height=\"72\" class=\"aligncenter size-full wp-image-1474\" \/><\/a><\/td><td class=\"column-2\"><a href=\"http:\/\/www.naturala.hr\/\"  target=\"_blank\" title=\"Naturala\"><img loading=\"lazy\" decoding=\"async\" src=\"http:\/\/www.zegevege.com\/wp-content\/uploads\/2014\/06\/NaturalaLogo2.jpg\" alt=\"\" width=\"180\" height=\"72\" class=\"alignnone size-full wp-image-1448\" \/><\/a><\/td><td class=\"column-3\"><a href=\"http:\/\/www.zdravakrava.hr\/\" target=\"_blank\" title=\"Zdrava krava\"><img loading=\"lazy\" decoding=\"async\" src=\"http:\/\/www.zegevege.com\/wp-content\/uploads\/2014\/06\/ZdravaKravaLogo.jpg\" alt=\"\" width=\"180\" height=\"72\" class=\"alignnone size-full wp-image-1455\" \/><\/a><\/td>\n<\/tr>\n<tr class=\"row-3\">\n\t<td class=\"column-1\"><a href=\"http:\/\/www.licke-novine.hr\/\" target=\"_blank\" title=\"Li\u010dke novine\"><img loading=\"lazy\" decoding=\"async\" src=\"http:\/\/www.zegevege.com\/wp-content\/uploads\/2014\/06\/Licke-novine--300x104.jpg\" alt=\"\" width=\"180\" height=\"63\" class=\"alignnone size-medium wp-image-1461\" srcset=\"http:\/\/www.zegevege.com\/wp-content\/uploads\/2014\/06\/Licke-novine--300x104.jpg 300w, http:\/\/www.zegevege.com\/wp-content\/uploads\/2014\/06\/Licke-novine--1024x357.jpg 1024w\" sizes=\"(max-width: 180px) 100vw, 180px\" \/><\/a><\/td><td class=\"column-2\"><a href=\"http:\/\/metro-portal.hr\/\" target=\"_blank\" title=\"Metro Portal\"><img loading=\"lazy\" decoding=\"async\" src=\"http:\/\/www.zegevege.com\/wp-content\/uploads\/2014\/06\/LogoMetroPortal-300x113.jpg\" alt=\"\" width=\"180\" height=\"68\" class=\"alignnone size-medium wp-image-1460\" srcset=\"http:\/\/www.zegevege.com\/wp-content\/uploads\/2014\/06\/LogoMetroPortal-300x113.jpg 300w, http:\/\/www.zegevege.com\/wp-content\/uploads\/2014\/06\/LogoMetroPortal.jpg 549w\" sizes=\"(max-width: 180px) 100vw, 180px\" \/><\/a><\/td><td class=\"column-3\"><a href=\"http:\/\/www.korzo.net\/\"  target=\"_blank\" title=\"Korzo.net\"><img loading=\"lazy\" decoding=\"async\" src=\"http:\/\/www.zegevege.com\/wp-content\/uploads\/2014\/06\/KorzoNet-300x119.jpg\" alt=\"\" width=\"180\" height=\"72\" class=\"alignnone size-medium wp-image-1441\" srcset=\"http:\/\/www.zegevege.com\/wp-content\/uploads\/2014\/06\/KorzoNet-300x119.jpg 300w, http:\/\/www.zegevege.com\/wp-content\/uploads\/2014\/06\/KorzoNet-1024x406.jpg 1024w, http:\/\/www.zegevege.com\/wp-content\/uploads\/2014\/06\/KorzoNet-960x380.jpg 960w, http:\/\/www.zegevege.com\/wp-content\/uploads\/2014\/06\/KorzoNet.jpg 1646w\" sizes=\"(max-width: 180px) 100vw, 180px\" \/><\/a><\/td>\n<\/tr>\n<tr class=\"row-4\">\n\t<td class=\"column-1\"><a href=\"http:\/\/zena.hr\/\"  target=\"_blank\" title=\"\u017dena.hr\"><img loading=\"lazy\" decoding=\"async\" src=\"http:\/\/www.zegevege.com\/wp-content\/uploads\/2014\/07\/ZenaHR.jpg\" alt=\"\" width=\"180\" height=\"72\" class=\"aligncenter size-full wp-image-1482\" \/><\/a><\/td><td class=\"column-2\"><a href=\"http:\/\/www.cabledirect.hr\/CR\/index.html\" target=\"_blank\" title=\"Cable Direct\"><img loading=\"lazy\" decoding=\"async\" src=\"http:\/\/www.zegevege.com\/wp-content\/uploads\/2014\/07\/CableDirect.jpg\" alt=\"\" width=\"180\" height=\"72\" class=\"aligncenter size-full wp-image-1489\" \/><\/a><\/td><td class=\"column-3\"><a href=\"http:\/\/www.glamour.hr\/\" target=\"_blank\" title=\"Glamour\"><img loading=\"lazy\" decoding=\"async\" src=\"http:\/\/www.zegevege.com\/wp-content\/uploads\/2014\/07\/Glamour.jpg\" alt=\"\" width=\"180\" height=\"72\" class=\"aligncenter size-full wp-image-1492\" \/><\/a><\/td>\n<\/tr>\n<tr class=\"row-5\">\n\t<td class=\"column-1\"><a href=\"http:\/\/drumtidam.info\/\" target=\"_blank\" title=\"Drumtidam\"><img loading=\"lazy\" decoding=\"async\" src=\"http:\/\/www.zegevege.com\/wp-content\/uploads\/2014\/07\/Drumtidam.png\" alt=\"\" width=\"180\" height=\"72\" class=\"aligncenter size-full wp-image-1494\" \/><\/a><\/td><td class=\"column-2\"><a href=\"http:\/\/vikendplaner.info\/\" target=\"_blank\" title=\"VIKENDplaner\" ><img loading=\"lazy\" decoding=\"async\" src=\"http:\/\/www.zegevege.com\/wp-content\/uploads\/2014\/07\/Vikendplaner.png\" alt=\"\" width=\"180\" height=\"72\" class=\"aligncenter size-full wp-image-1498\" \/><\/a><\/td><td class=\"column-3\"><a href=\"http:\/\/www.h-alter.org\/\" target=\"_blank\" title=\"H-Alter\"><img loading=\"lazy\" decoding=\"async\" src=\"http:\/\/www.zegevege.com\/wp-content\/uploads\/2014\/07\/HAlter.jpg\" alt=\"\" width=\"180\" height=\"72\" class=\"aligncenter size-full wp-image-1510\" \/><\/a><\/td>\n<\/tr>\n<tr class=\"row-6\">\n\t<td class=\"column-1\"><a href=\"http:\/\/www.zagrebonline.hr\/\" target=\"_blank\" title=\"Zagreb online\"><img loading=\"lazy\" decoding=\"async\" src=\"http:\/\/www.zegevege.com\/wp-content\/uploads\/2014\/07\/ZagrebOnline.png\" alt=\"\" width=\"180\" height=\"78\" class=\"aligncenter size-full wp-image-1533\" \/><\/a><\/td><td class=\"column-2\"><a href=\"http:\/\/she.hr\/\" target=\"_blank\" title=\"She.hr\"><img loading=\"lazy\" decoding=\"async\" src=\"http:\/\/www.zegevege.com\/wp-content\/uploads\/2014\/07\/she.jpg\" alt=\"\" width=\"180\" height=\"78\" class=\"aligncenter size-full wp-image-1532\" \/><\/a><\/td><td class=\"column-3\"><a href=\"http:\/\/www.index.hr\/\" target=\"_blank\" title=\"Index.hr\" ><img loading=\"lazy\" decoding=\"async\" src=\"http:\/\/www.zegevege.com\/wp-content\/uploads\/2014\/07\/Index.jpg\" alt=\"\" width=\"180\" height=\"78\" class=\"aligncenter size-full wp-image-1579\" \/><\/a><\/td>\n<\/tr>\n<tr class=\"row-7\">\n\t<td class=\"column-1\"><a href=\"http:\/\/www.aktual.hr\/\" target=\"_blank\" title=\"Aktual.hr\"><img loading=\"lazy\" decoding=\"async\" src=\"http:\/\/www.zegevege.com\/wp-content\/uploads\/2014\/07\/Aktual.jpg\" alt=\"\" width=\"180\" height=\"78\" class=\"aligncenter size-full wp-image-1581\" \/><\/a><\/td><td class=\"column-2\"><a href=\"http:\/\/www.zagrebmojgrad.hr\/\" target=\"_blank\" title=\"Zagreb moj grad\"><img loading=\"lazy\" decoding=\"async\" src=\"http:\/\/www.zegevege.com\/wp-content\/uploads\/2014\/07\/ZagrebMojGrad.jpg\" alt=\"\" width=\"180\" height=\"78\" class=\"aligncenter size-full wp-image-1588\" \/><\/a><\/td><td class=\"column-3\"><a href=\"http:\/\/www.radio-martin.hr\/\" target=\"_blank\" title=\"Radio Martin\"><img loading=\"lazy\" decoding=\"async\" src=\"http:\/\/www.zegevege.com\/wp-content\/uploads\/2014\/07\/RadioMartin.jpg\" alt=\"\" width=\"180\" height=\"78\" class=\"aligncenter size-full wp-image-1655\" \/><\/a><\/td>\n<\/tr>\n<tr class=\"row-8\">\n\t<td class=\"column-1\"><a href=\"http:\/\/www.radiostudent.hr\/\"  target=\"_blank\" title=\"Radio student\"><img loading=\"lazy\" decoding=\"async\" src=\"http:\/\/www.zegevege.com\/wp-content\/uploads\/2014\/07\/Radio-student-mali.jpg\" alt=\"\" width=\"180\" height=\"78\" class=\"aligncenter size-full wp-image-1652\" \/><\/a><\/td><td class=\"column-2\"><a href=\"http:\/\/www.znano.st\/\" target=\"_blank\" title=\"Znano.st\"> <img loading=\"lazy\" decoding=\"async\" src=\"http:\/\/www.zegevege.com\/wp-content\/uploads\/2014\/08\/znano.st_.jpg\" alt=\"\" width=\"180\" height=\"78\" class=\"aligncenter size-full wp-image-1735\" \/><\/a><\/td><td class=\"column-3\"><a href=\"http:\/\/hr.zdrava-televizija.com\/\" target=\"_blank\" title=\"Zdrava televizija\"><img loading=\"lazy\" decoding=\"async\" src=\"http:\/\/www.zegevege.com\/wp-content\/uploads\/2014\/08\/Zdrava-tv.jpg\" alt=\"\" width=\"180\" height=\"78\" class=\"aligncenter size-full wp-image-1738\" \/><\/a><\/td>\n<\/tr>\n<tr class=\"row-9\">\n\t<td class=\"column-1\"><a href=\"http:\/\/kvarnernews.hr\/\" target=\"_blank\" title=\"Kvarner News\"><img loading=\"lazy\" decoding=\"async\" src=\"http:\/\/www.zegevege.com\/wp-content\/uploads\/2014\/09\/KvarnerNews.png\" alt=\"\" width=\"180\" height=\"80\" class=\"aligncenter size-full wp-image-1791\" \/> <\/a><\/td><td class=\"column-2\"><\/td><td class=\"column-3\"><\/td>\n<\/tr>\n<\/tbody>\n<\/table>\n<!-- #tablepress-3 from cache --> [\/accordion] [accordion title=&#8221;Sponzori&#8221; close=&#8221;1&#8243;]\n<table id=\"tablepress-4\" class=\"tablepress tablepress-id-4\">\n<tbody>\n<tr class=\"row-1\">\n\t<td class=\"column-1\"><a href=\"http:\/\/zale.hr\/#\"  target=\"_blank\" title=\"Zale design\"><img loading=\"lazy\" decoding=\"async\" src=\"http:\/\/www.zegevege.com\/wp-content\/uploads\/2014\/07\/ZaleLogo.jpg\" alt=\"\" width=\"180\" height=\"80\" class=\"aligncenter size-full wp-image-1551\" \/><\/a><\/td><td class=\"column-2\"><img loading=\"lazy\" decoding=\"async\" src=\"http:\/\/www.zegevege.com\/wp-content\/uploads\/2014\/07\/Ozujsko-cool-mali.jpg\" alt=\"\" width=\"180\" height=\"80\" class=\"aligncenter size-full wp-image-1653\" \/><\/td><td class=\"column-3\"><img loading=\"lazy\" decoding=\"async\" src=\"http:\/\/www.zegevege.com\/wp-content\/uploads\/2014\/08\/Europlakat.png\" alt=\"\" width=\"180\" height=\"80\" class=\"aligncenter size-full wp-image-1668\" \/><\/td>\n<\/tr>\n<tr class=\"row-2\">\n\t<td class=\"column-1\"><img loading=\"lazy\" decoding=\"async\" src=\"http:\/\/www.zegevege.com\/wp-content\/uploads\/2014\/08\/Chillout.jpg\" alt=\"\" width=\"180\" height=\"80\" class=\"aligncenter size-full wp-image-1671\" \/><\/td><td class=\"column-2\"><img loading=\"lazy\" decoding=\"async\" src=\"http:\/\/www.zegevege.com\/wp-content\/uploads\/2014\/08\/Avalon.png\" alt=\"\" width=\"180\" height=\"80\" class=\"aligncenter size-full wp-image-1701\" \/><\/td><td class=\"column-3\"><img loading=\"lazy\" decoding=\"async\" src=\"http:\/\/www.zegevege.com\/wp-content\/uploads\/2014\/08\/Arto.jpg\" alt=\"\" width=\"180\" height=\"80\" class=\"aligncenter size-full wp-image-1705\" \/><\/td>\n<\/tr>\n<tr class=\"row-3\">\n\t<td class=\"column-1\"><img loading=\"lazy\" decoding=\"async\" src=\"http:\/\/www.zegevege.com\/wp-content\/uploads\/2014\/08\/Vektor.jpg\" alt=\"\" width=\"180\" height=\"80\" class=\"aligncenter size-full wp-image-1706\" \/><\/td><td class=\"column-2\"><a href=\"http:\/\/www.cetina.hr\/\"  target=\"_blank\" title=\"Cetina\"> <img loading=\"lazy\" decoding=\"async\" src=\"http:\/\/www.zegevege.com\/wp-content\/uploads\/2014\/08\/Cetina.png\" alt=\"\" width=\"180\" height=\"80\" class=\"aligncenter size-full wp-image-1769\" \/><\/a><\/td><td class=\"column-3\"><img loading=\"lazy\" decoding=\"async\" src=\"http:\/\/www.zegevege.com\/wp-content\/uploads\/2014\/08\/Pellini.png\" alt=\"\" width=\"180\" height=\"80\" class=\"aligncenter size-full wp-image-1770\" \/><\/a><\/td>\n<\/tr>\n<tr class=\"row-4\">\n\t<td class=\"column-1\"><img loading=\"lazy\" decoding=\"async\" src=\"http:\/\/www.zegevege.com\/wp-content\/uploads\/2014\/09\/vocko.jpg\" alt=\"\" width=\"180\" height=\"80\" class=\"aligncenter size-full wp-image-1793\" \/><\/td><td class=\"column-2\"><\/td><td class=\"column-3\"><\/td>\n<\/tr>\n<\/tbody>\n<\/table>\n<!-- #tablepress-4 from cache --> [\/accordion] [accordion title=&#8221;Sponzori restorana&#8221; close=&#8221;1&#8243;]<\/p>\n<p>Green Planet<br \/>\nEkopak d.o.o.<br \/>\nAnnapurna<br \/>\nTomar<br \/>\nOPG Solina<br \/>\nbio&amp;bio<br \/>\n[\/accordion] [accordion title=&#8221;Potporu dali&#8221; close=&#8221;1&#8243;]<\/p>\n<p>Predsjednik Republike Hrvatske Ivo Josipovi\u0107<br \/>\nUred gradona\u010delnika Milana Bandi\u0107a<br \/>\nGradski ured za zdravstvo<br \/>\nFond za za\u0161titu okoli\u0161a i energetsku u\u010dinkovitost<br \/>\nHrvatska gospodarska komora &#8211; Sektor za turizam<br \/>\nGradski ured za gospodarstvo, rad i poduzetni\u0161tvo<br \/>\nAgencija za za\u0161titu okoli\u0161a<br \/>\nHrvatska poljoprivredna agencija<br \/>\nGradski ured za poljoprivredu i \u0161umarstvo<br \/>\nGradski ured za energetiku, za\u0161titu okoli\u0161a i odr\u017eivi razvoj<br \/>\nTuristi\u010dka zajednica grada Zagreba[\/accordion] [accordion title=&#8221;Prijatelji festivala&#8221; close=&#8221;1&#8243;]\n<table id=\"tablepress-5\" class=\"tablepress tablepress-id-5\">\n<tbody>\n<tr class=\"row-1\">\n\t<td class=\"column-1\"><a href=\"http:\/\/www.deejay.hr\/akademija\/\" target=\"_blank\" title=\"Dj Akademija\" ><img loading=\"lazy\" decoding=\"async\" src=\"http:\/\/www.zegevege.com\/wp-content\/uploads\/2014\/07\/akademija2.jpg\" alt=\"\" width=\"178\" height=\"43\" class=\"aligncenter size-full wp-image-1559\" \/><\/a> <p align= \"center\"> Dj Akademija<\/p><br \/>\n<\/td>\n<\/tr>\n<\/tbody>\n<\/table>\n<!-- #tablepress-5 from cache --><br \/>\nInki Dinki<br \/>\nNova Glazbala [\/accordion]<\/p>\n","protected":false},"excerpt":{"rendered":"<p>[accordion title=&#8221;Izlaga\u010di&#8221; close=&#8221;1&#8243;] Annapurna Clavis consultor OPG Ana Kova\u010di\u0107 Omegol Electa Sol Rimac Automobili Greencajg Ro\u017ei\u0107 Bioherba AWT International Beauty [&hellip;]<\/p>\n","protected":false},"author":1,"featured_media":0,"parent":0,"menu_order":0,"comment_status":"closed","ping_status":"closed","template":"","meta":{"site-sidebar-layout":"default","site-content-layout":"","ast-site-content-layout":"default","site-content-style":"default","site-sidebar-style":"default","ast-global-header-display":"","ast-banner-title-visibility":"","ast-main-header-display":"","ast-hfb-above-header-display":"","ast-hfb-below-header-display":"","ast-hfb-mobile-header-display":"","site-post-title":"","ast-breadcrumbs-content":"","ast-featured-img":"","footer-sml-layout":"","ast-disable-related-posts":"","theme-transparent-header-meta":"","adv-header-id-meta":"","stick-header-meta":"","header-above-stick-meta":"","header-main-stick-meta":"","header-below-stick-meta":"","astra-migrate-meta-layouts":"default","ast-page-background-enabled":"default","ast-page-background-meta":{"desktop":{"background-color":"var(--ast-global-color-5)","background-image":"","background-repeat":"repeat","background-position":"center center","background-size":"auto","background-attachment":"scroll","background-type":"","background-media":"","overlay-type":"","overlay-color":"","overlay-opacity":"","overlay-gradient":""},"tablet":{"background-color":"","background-image":"","background-repeat":"repeat","background-position":"center center","background-size":"auto","background-attachment":"scroll","background-type":"","background-media":"","overlay-type":"","overlay-color":"","overlay-opacity":"","overlay-gradient":""},"mobile":{"background-color":"","background-image":"","background-repeat":"repeat","background-position":"center center","background-size":"auto","background-attachment":"scroll","background-type":"","background-media":"","overlay-type":"","overlay-color":"","overlay-opacity":"","overlay-gradient":""}},"ast-content-background-meta":{"desktop":{"background-color":"var(--ast-global-color-4)","background-image":"","background-repeat":"repeat","background-position":"center center","background-size":"auto","background-attachment":"scroll","background-type":"","background-media":"","overlay-type":"","overlay-color":"","overlay-opacity":"","overlay-gradient":""},"tablet":{"background-color":"var(--ast-global-color-4)","background-image":"","background-repeat":"repeat","background-position":"center center","background-size":"auto","background-attachment":"scroll","background-type":"","background-media":"","overlay-type":"","overlay-color":"","overlay-opacity":"","overlay-gradient":""},"mobile":{"background-color":"var(--ast-global-color-4)","background-image":"","background-repeat":"repeat","background-position":"center center","background-size":"auto","background-attachment":"scroll","background-type":"","background-media":"","overlay-type":"","overlay-color":"","overlay-opacity":"","overlay-gradient":""}},"footnotes":""},"class_list":["post-2152","page","type-page","status-publish","hentry"],"_links":{"self":[{"href":"http:\/\/www.zegevege.com\/index.php?rest_route=\/wp\/v2\/pages\/2152","targetHints":{"allow":["GET"]}}],"collection":[{"href":"http:\/\/www.zegevege.com\/index.php?rest_route=\/wp\/v2\/pages"}],"about":[{"href":"http:\/\/www.zegevege.com\/index.php?rest_route=\/wp\/v2\/types\/page"}],"author":[{"embeddable":true,"href":"http:\/\/www.zegevege.com\/index.php?rest_route=\/wp\/v2\/users\/1"}],"replies":[{"embeddable":true,"href":"http:\/\/www.zegevege.com\/index.php?rest_route=%2Fwp%2Fv2%2Fcomments&post=2152"}],"version-history":[{"count":3,"href":"http:\/\/www.zegevege.com\/index.php?rest_route=\/wp\/v2\/pages\/2152\/revisions"}],"predecessor-version":[{"id":4835,"href":"http:\/\/www.zegevege.com\/index.php?rest_route=\/wp\/v2\/pages\/2152\/revisions\/4835"}],"wp:attachment":[{"href":"http:\/\/www.zegevege.com\/index.php?rest_route=%2Fwp%2Fv2%2Fmedia&parent=2152"}],"curies":[{"name":"wp","href":"https:\/\/api.w.org\/{rel}","templated":true}]}}