{"id":22,"date":"2014-01-25T18:08:38","date_gmt":"2014-01-25T18:08:38","guid":{"rendered":"http:\/\/www.zegevege.com\/?page_id=22"},"modified":"2026-04-21T16:37:20","modified_gmt":"2026-04-21T16:37:20","slug":"pocetna","status":"publish","type":"page","link":"http:\/\/www.zegevege.com\/","title":{"rendered":""},"content":{"rendered":"\t\t<div data-elementor-type=\"wp-page\" data-elementor-id=\"22\" class=\"elementor elementor-22\">\n\t\t\t\t<div class=\"elementor-element elementor-element-6e61f90 e-flex e-con-boxed e-con e-parent\" data-id=\"6e61f90\" data-element_type=\"container\" data-e-type=\"container\">\n\t\t\t\t\t<div class=\"e-con-inner\">\n\t\t\t\t<div class=\"elementor-element elementor-element-6d343ecb elementor-widget elementor-widget-text-editor\" data-id=\"6d343ecb\" data-element_type=\"widget\" data-e-type=\"widget\" data-widget_type=\"text-editor.default\">\n\t\t\t\t\t\t\t\t\t<p><!--:hr--><span style=\"color: #31a864;\">17. ZeGeVege festival<\/span><\/p><p><strong>Zagreb \u2013 Europski trg \u2013 05., 06. i 07. rujna 2026.! \u2013 hrvatska Veganmania <\/strong>\u2764<\/p><p>Iznimno nas raduje \u0161to \u0107emo i ove, 2026. godine, organizirati ZeGeVege festival, 18. po redu. ZeGeVege \u0107e trajati puna tri dana kako bismo \u0161to vi\u0161e u\u017eivali u bogatoj i raznovrsnoj ponudi izlaga\u010da zdrave hrane, ekoproizvoda i kozmetike koja nije testirana na \u017eivotinjama. Uz to \u0107emo educirati zainteresirane gra\u0111ane putem zanimljivih razgovora na pozornici te ponuditi korisne i zabavne radionice za najmla\u0111e. Ne propustite posjetiti Europski trg u Zagrebu kojeg \u0107emo za\u0161areniti i ispuniti primamljivim mirisima.<\/p><p>ZeGeVege dio je me\u0111unarodne manifestacije Veganmania koja se odr\u017eava u Be\u010du, M\u00fcnchenu i u jo\u0161 15 europskih gradova, a ostale bratske festivale ZeGeVege nadma\u0161uje po svojoj veli\u010dini, brojnosti izlaga\u010da i posje\u0107enosti.<\/p><p>Obavezno do\u0111ite te pozovite sve da se pridru\u017ee veseloj proslavi zdravlja, o\u010duvanja planeta i po\u0161tovanja \u017eivota svih bi\u0107a!<\/p><p>Pogledajte kako nam je bilo na 17.-om <a href=\"https:\/\/www.facebook.com\/ZeGeVegeFestival\" target=\"_blank\" rel=\"noopener\">ZeGeVegeu<\/a>, a za novosti nas pratite na <a href=\"https:\/\/fb.me\/e\/KoYJODl9\">Facebooku<\/a>.<\/p><p><div class=\"ast-oembed-container \" style=\"height: 100%;\"><iframe title=\"Goran Vi\u0161nji\u0107 poziva na 15. veganski ZeGeVege festival odr\u017eivog \u017eivljenja\" width=\"500\" height=\"281\" src=\"https:\/\/www.youtube.com\/embed\/0KrsD6_K1AE?feature=oembed\" frameborder=\"0\" allow=\"accelerometer; autoplay; clipboard-write; encrypted-media; gyroscope; picture-in-picture; web-share\" referrerpolicy=\"strict-origin-when-cross-origin\" allowfullscreen><\/iframe><\/div><\/p><p style=\"text-align: justify;\"><b>\u0160to je odr\u017eivo \u017eivljenje?<\/b><\/p><p>Odr\u017eivo \u017eivljenje je na\u010din \u017eivota kojim se pri kori\u0161tenju prirodnih resursa ne ugro\u017eavaju okoli\u0161, \u017eivoti ostalih \u017eivotinja i dobrobit drugih ljudi. Takav na\u010din \u017eivljenja dugoro\u010dno omogu\u0107ava opstanak biljnih i \u017eivotinjskih vrsta, bioraznolikost i miran su\u017eivot svih bi\u0107a na planetu. Suosje\u0107anje za druge i briga za svijet oko nas temelji su odr\u017eivog na\u010dina \u017eivljenja.<\/p><p>Odr\u017eivim na\u010dinom \u017eivljenja unaprje\u0111ujemo vlastito zdravlje te \u017eivimo punim plu\u0107ima i mirne savjesti jer svojim \u017eivotom ne \u0161kodimo drugim bi\u0107ima. Odr\u017eiv na\u010din \u017eivljenja podrazumijeva prehranu namirnicama biljnog podrijetla, odijevanje odje\u0107e od ne\u017eivotinjskih materijala, kori\u0161tenje proizvoda koji nisu testirani na \u017eivotinjama, udomljavanje umjesto kupnje \u017eivotinja, razvrstavanje otpada i \u0161tedljivo postupanje s energijom.<\/p><p>Vi\u0161e razloga za veganstvo prona\u0111ite na <a href=\"http:\/\/www.spremi-klopu.com\/\" target=\"_blank\" rel=\"noopener\">Spremi klopu<\/a> i <a href=\"https:\/\/www.veganopolis.net\/\" target=\"_blank\" rel=\"noopener\">Veganopolisu<\/a>.<\/p><p><!--:--><\/p>\t\t\t\t\t\t\t\t<\/div>\n\t\t\t\t\t<\/div>\n\t\t\t\t<\/div>\n\t\t\t\t<\/div>\n\t\t","protected":false},"excerpt":{"rendered":"<p>17. ZeGeVege festival Zagreb \u2013 Europski trg \u2013 05., 06. i 07. rujna 2026.! \u2013 hrvatska Veganmania \u2764 Iznimno nas [&hellip;]<\/p>\n","protected":false},"author":1,"featured_media":0,"parent":0,"menu_order":0,"comment_status":"closed","ping_status":"closed","template":"","meta":{"site-sidebar-layout":"default","site-content-layout":"","ast-site-content-layout":"default","site-content-style":"default","site-sidebar-style":"default","ast-global-header-display":"","ast-banner-title-visibility":"","ast-main-header-display":"","ast-hfb-above-header-display":"","ast-hfb-below-header-display":"","ast-hfb-mobile-header-display":"","site-post-title":"","ast-breadcrumbs-content":"","ast-featured-img":"","footer-sml-layout":"","ast-disable-related-posts":"","theme-transparent-header-meta":"","adv-header-id-meta":"","stick-header-meta":"","header-above-stick-meta":"","header-main-stick-meta":"","header-below-stick-meta":"","astra-migrate-meta-layouts":"default","ast-page-background-enabled":"default","ast-page-background-meta":{"desktop":{"background-color":"var(--ast-global-color-5)","background-image":"","background-repeat":"repeat","background-position":"center center","background-size":"auto","background-attachment":"scroll","background-type":"","background-media":"","overlay-type":"","overlay-color":"","overlay-opacity":"","overlay-gradient":""},"tablet":{"background-color":"","background-image":"","background-repeat":"repeat","background-position":"center center","background-size":"auto","background-attachment":"scroll","background-type":"","background-media":"","overlay-type":"","overlay-color":"","overlay-opacity":"","overlay-gradient":""},"mobile":{"background-color":"","background-image":"","background-repeat":"repeat","background-position":"center center","background-size":"auto","background-attachment":"scroll","background-type":"","background-media":"","overlay-type":"","overlay-color":"","overlay-opacity":"","overlay-gradient":""}},"ast-content-background-meta":{"desktop":{"background-color":"var(--ast-global-color-4)","background-image":"","background-repeat":"repeat","background-position":"center center","background-size":"auto","background-attachment":"scroll","background-type":"","background-media":"","overlay-type":"","overlay-color":"","overlay-opacity":"","overlay-gradient":""},"tablet":{"background-color":"var(--ast-global-color-4)","background-image":"","background-repeat":"repeat","background-position":"center center","background-size":"auto","background-attachment":"scroll","background-type":"","background-media":"","overlay-type":"","overlay-color":"","overlay-opacity":"","overlay-gradient":""},"mobile":{"background-color":"var(--ast-global-color-4)","background-image":"","background-repeat":"repeat","background-position":"center center","background-size":"auto","background-attachment":"scroll","background-type":"","background-media":"","overlay-type":"","overlay-color":"","overlay-opacity":"","overlay-gradient":""}},"footnotes":""},"class_list":["post-22","page","type-page","status-publish","hentry"],"_links":{"self":[{"href":"http:\/\/www.zegevege.com\/index.php?rest_route=\/wp\/v2\/pages\/22","targetHints":{"allow":["GET"]}}],"collection":[{"href":"http:\/\/www.zegevege.com\/index.php?rest_route=\/wp\/v2\/pages"}],"about":[{"href":"http:\/\/www.zegevege.com\/index.php?rest_route=\/wp\/v2\/types\/page"}],"author":[{"embeddable":true,"href":"http:\/\/www.zegevege.com\/index.php?rest_route=\/wp\/v2\/users\/1"}],"replies":[{"embeddable":true,"href":"http:\/\/www.zegevege.com\/index.php?rest_route=%2Fwp%2Fv2%2Fcomments&post=22"}],"version-history":[{"count":173,"href":"http:\/\/www.zegevege.com\/index.php?rest_route=\/wp\/v2\/pages\/22\/revisions"}],"predecessor-version":[{"id":4971,"href":"http:\/\/www.zegevege.com\/index.php?rest_route=\/wp\/v2\/pages\/22\/revisions\/4971"}],"wp:attachment":[{"href":"http:\/\/www.zegevege.com\/index.php?rest_route=%2Fwp%2Fv2%2Fmedia&parent=22"}],"curies":[{"name":"wp","href":"https:\/\/api.w.org\/{rel}","templated":true}]}}