{"id":3528,"date":"2018-04-24T13:10:38","date_gmt":"2018-04-24T13:10:38","guid":{"rendered":"http:\/\/www.zegevege.com\/?page_id=3528"},"modified":"2018-05-30T10:48:41","modified_gmt":"2018-05-30T10:48:41","slug":"politika-o-kolacicima","status":"publish","type":"page","link":"http:\/\/www.zegevege.com\/?page_id=3528","title":{"rendered":"Politika o kola\u010di\u0107ima"},"content":{"rendered":"<p><strong>\u0160to su kola\u010di\u0107i?<\/strong><br \/>\nHTTP kola\u010di\u0107i (<em>cookies<\/em>) su male tekstualne datoteke koje koriste brojne dana\u0161nje <em>web<\/em>-stranice, uklju\u010duju\u0107i i na\u0161u (www.zegevege.com). Kola\u010di\u0107i se koriste za spremanje malih koli\u010dina podataka na Va\u0161 ure\u0111aj (kompjuter, mobitel i sl.), prilikom Va\u0161e posjete na\u0161oj web stranici. Oni nam poma\u017eu u statisti\u010dkom pra\u0107enju posjeta na\u0161oj <em>web<\/em>-stranici te generalno pru\u017eanju boljeg korisni\u010dkog iskustva. Vi\u0161e o kola\u010di\u0107ima saznajte na: <a href=\"https:\/\/hr.wikipedia.org\/wiki\/HTTP_kola%C4%8Di%C4%87i\" target=\"_blank\" rel=\"noopener\"><span style=\"color: #367313;\">wikipedia\/HTTPkolacici<\/span><\/a><\/p>\n<p><strong>Koje kola\u010di\u0107e koristimo?<\/strong><br \/>\nKola\u010di\u0107i koje koristimo pru\u017eaju podatke za Va\u0161e bolje iskustvo posjete <em>web<\/em>-stranici, npr. Va\u0161e jezi\u010dne preferencije na\u0161e <em>web<\/em>-stranice (hrvatski, engleski).<br \/>\nDrugi kola\u010di\u0107i skupljaju statisti\u010dke podatke o posje\u0107enosti na\u0161e <em>web<\/em>-stranice, koliko puta je neki Youtube video pogledan na stranici i sl.<br \/>\nBudu\u0107i da na\u0161a <em>web<\/em>-stranica sadr\u017ei i poveznice na druge stranice, napominjemo da nismo odgovorni za sadr\u017eaj ostalih, vanjskih <em>web<\/em>-stranica tre\u0107ih strana koje mogu i ne moraju sadr\u017eavati kola\u010di\u0107e. Za vi\u0161e informacija o njihovim kola\u010di\u0107ima, pro\u010ditajte njihove Politike o kola\u010di\u0107ima.<br \/>\nPrimjerice, kada s na\u0161e <em>web<\/em>-stranice kliknete na link koji vodi na na\u0161u Facebook stranicu, pro\u010ditajte koje kola\u010di\u0107e prikuplja i obra\u0111uje Facebook: <a href=\"https:\/\/hr-hr.facebook.com\/policies\/cookies\" target=\"_blank\" rel=\"noopener\"><span style=\"color: #367313;\">hr.facebook.com\/policies\/cookies<\/span><\/a><\/p>\n<p><strong>Vrste kola\u010di\u0107a:<\/strong><\/p>\n<p><strong>Nu\u017eni kola\u010di\u0107i<\/strong><br \/>\nOva vrsta kola\u010di\u0107a je nu\u017ena za funkcioniranje <em>web<\/em>-stranice i mi ih u svojem sustavu ne mo\u017eemo isklju\u010diti. No, Vi ih mo\u017eete isklju\u010diti u postavkama svojeg internetskog preglednika.<\/p>\n<p><strong>Opcionalni kola\u010di\u0107i<\/strong><br \/>\nVrsta kola\u010di\u0107a koji prate posjete <em>web<\/em>-stranici, YouTube videima na njoj i sl. podatke radi pra\u0107enja pona\u0161anje prilikom posjete. Podaci koje ovi kola\u010di\u0107i prikupljaju se zajedni\u010dki skupljaju i statisti\u010dki obra\u0111uju te su stoga anonimni. Ove kola\u010di\u0107e tako\u0111er mo\u017eete sami isklju\u010diti, no u tom slu\u010daju mi ne\u0107emo imati povratnu informaciju o posje\u0107enosti <em>web<\/em>-stranice i gledanosti YouTube videa \u0161to nam poma\u017ee u radu.<\/p>\n<p><strong>Koliko se dugo kola\u010di\u0107i \u010duvaju?<\/strong><br \/>\nPostoji nekoliko vrsta kola\u010di\u0107a ovisno o njihovom vremenskom roku trajanja:<\/p>\n<p>\u2022 <strong>Sesijski kola\u010di\u0107i<\/strong> (<em>session cookie<\/em>) se spremaju u privremenu memoriju. Takvi kola\u010di\u0107i se bri\u0161u s Va\u0161eg ra\u010dunala nakon \u0161to zavr\u0161i sama sesija, odnosno nakon \u0161to ugasite internetski preglednik.<\/p>\n<p>\u2022 <strong>Ustrajni kola\u010di\u0107i <\/strong>(<em>persistent cookies<\/em>) je vrsta kola\u010di\u0107a koja se sprema na tvrdi disk prilikom Va\u0161e posjete <em>web<\/em>-stranici. Oni imaju odre\u0111eni rok trajanja koji je specifi\u010dan za svaki kola\u010di\u0107 pojedina\u010dno. Kola\u010di\u0107i vezani za na\u0161u <em>web<\/em>-stranicu imaju rok trajanja do 1 godine. Neovisno o odre\u0111enom roku, oni mogu nestati i ranije ako ih Vi sami obri\u0161ete sa svog ra\u010dunala. Oni slu\u017ee za prikupljanje infrmacija o pona\u0161anju korisnika (npr. preferencije na odre\u0111enoj <em>web<\/em>-stranici i sl).<\/p>\n<p>\u2022 <strong>Trajni kola\u010di\u0107i<\/strong> (<em>permanent cookies<\/em>) su jednaki ustrajnim kola\u010di\u0107ima s razlikom da nemaju rok isteka ve\u0107 se bri\u0161u s Va\u0161eg ra\u010dunala tek kada ih sami izbri\u0161ete. Takve kola\u010di\u0107e trenutno ne koristimo na ovoj (www.zegevege.com) <em>web<\/em>-stranici.<\/p>\n<p><strong>Kako mo\u017eete upravljati kola\u010di\u0107ima?<\/strong><br \/>\nImate mogu\u0107nost u svakom trenutku onemogu\u0107iti kola\u010di\u0107e uz pomo\u0107 postavki Va\u0161eg internetskog preglednika. Slijedite upute za pomo\u0107 u Va\u0161em internetskom pregledniku ili na njihovim <em>web<\/em>-stranicama za onemogu\u0107avanje kola\u010di\u0107a s na\u0161e ili bilo koje druge <em>web<\/em>-stranice. Mo\u017eete i odlu\u010diti ubudu\u0107e trajno blokirati postavljanje kola\u010di\u0107a s na\u0161e ili ostalih <em>web<\/em>-stranica.<\/p>\n<p>Za pojedinosti posjetite slu\u017ebenim <em>web<\/em>-stranicama preglednika:<br \/>\n<a href=\"https:\/\/support.mozilla.org\/hr\/kb\/Kola%C4%8Di%C4%87i?redirectlocale=en-US&amp;redirectslug=Cookies\" target=\"_blank\" rel=\"noopener\"><span style=\"color: #367313;\">Mozilla Firefox<\/span><\/a><br \/>\n<a href=\"https:\/\/support.microsoft.com\/hr-hr\/help\/17442\/windows-internet-explorer-delete-manage-cookies\" target=\"_blank\" rel=\"noopener\"><span style=\"color: #367313;\">Internet Explorer<\/span><\/a><br \/>\n<a href=\"https:\/\/support.google.com\/chrome\/answer\/95647?hl=hr%20Internet%20Explorer:%20https:\/\/support.microsoft.com\/hr-hr\/help\/17442\/windows-internet-explorer-delete-manage-cookies\" target=\"_blank\" rel=\"noopener\"><span style=\"color: #367313;\">Chrome<\/span><\/a><br \/>\n<a href=\"https:\/\/support.office.com\/hr-hr\/article\/omogu%C4%87ivanje-kola%C4%8Di%C4%87a-6b018d22-1d24-43d9-8543-3d35ddb2cb52#__toc325669870\" target=\"_blank\" rel=\"noopener\"><span style=\"color: #367313;\">Safari<\/span><\/a><\/p>\n<p><strong>Novosti i kontakt<\/strong><br \/>\nIako smo ovdje naveli kako trenutno koristimo kola\u010di\u0107e, postoji mogu\u0107nost da se s vremenom izmjenama na na\u0161oj <em>web<\/em>-stranici promijeni i na\u010din na koji koristimo kola\u010di\u0107e i vrste kola\u010di\u0107a koje su vezani za na\u0161u stranicu. Podatak o zadnjoj reviziji ove Politike stoji u potpisu.<\/p>\n<p>Ako imate dodatnih pitanja oko ove Politike, slobodno nam se obratite:<br \/>\nPrijatelji \u017eivotinja, Juri\u0161i\u0107eva 25, 10 000 Zagreb, info@zegevege.com<\/p>\n<p>Zadnje a\u017euriranje Politike: 28. 5. 2018.<\/p>\n","protected":false},"excerpt":{"rendered":"<p>\u0160to su kola\u010di\u0107i? HTTP kola\u010di\u0107i (cookies) su male tekstualne datoteke koje koriste brojne dana\u0161nje web-stranice, uklju\u010duju\u0107i i na\u0161u (www.zegevege.com). Kola\u010di\u0107i se koriste za spremanje malih koli\u010dina podataka na Va\u0161 ure\u0111aj (kompjuter, mobitel i sl.), prilikom Va\u0161e posjete na\u0161oj web stranici. Oni nam poma\u017eu u statisti\u010dkom pra\u0107enju posjeta na\u0161oj web-stranici te generalno pru\u017eanju boljeg korisni\u010dkog iskustva. [&hellip;]<\/p>\n","protected":false},"author":1,"featured_media":0,"parent":0,"menu_order":0,"comment_status":"closed","ping_status":"closed","template":"","meta":[],"_links":{"self":[{"href":"http:\/\/www.zegevege.com\/index.php?rest_route=\/wp\/v2\/pages\/3528"}],"collection":[{"href":"http:\/\/www.zegevege.com\/index.php?rest_route=\/wp\/v2\/pages"}],"about":[{"href":"http:\/\/www.zegevege.com\/index.php?rest_route=\/wp\/v2\/types\/page"}],"author":[{"embeddable":true,"href":"http:\/\/www.zegevege.com\/index.php?rest_route=\/wp\/v2\/users\/1"}],"replies":[{"embeddable":true,"href":"http:\/\/www.zegevege.com\/index.php?rest_route=%2Fwp%2Fv2%2Fcomments&post=3528"}],"version-history":[{"count":12,"href":"http:\/\/www.zegevege.com\/index.php?rest_route=\/wp\/v2\/pages\/3528\/revisions"}],"predecessor-version":[{"id":3568,"href":"http:\/\/www.zegevege.com\/index.php?rest_route=\/wp\/v2\/pages\/3528\/revisions\/3568"}],"wp:attachment":[{"href":"http:\/\/www.zegevege.com\/index.php?rest_route=%2Fwp%2Fv2%2Fmedia&parent=3528"}],"curies":[{"name":"wp","href":"https:\/\/api.w.org\/{rel}","templated":true}]}}