{"id":4178,"date":"2020-08-10T16:16:15","date_gmt":"2020-08-10T16:16:15","guid":{"rendered":"http:\/\/www.zegevege.com\/?page_id=4178"},"modified":"2026-04-21T12:34:59","modified_gmt":"2026-04-21T12:34:59","slug":"program-2019","status":"publish","type":"page","link":"http:\/\/www.zegevege.com\/?page_id=4178","title":{"rendered":"Program 2019."},"content":{"rendered":"<p><!--:en--><br \/>\n[frame_center src=&#8221;<img decoding=\"async\" class=\"aligncenter size-medium wp-image-3677\" src=\"http:\/\/www.zegevege.com\/wp-content\/uploads\/2020\/08\/radionica-e1597240373305.jpg\" alt=\"ZeGeVege radionica\">&#8220;]<span style=\"color: #367313;\">Lectures and cooking workshops<\/span>[\/frame_center]<br \/>\n[accordion title=&#8221;Friday September 6th 2019&#8243; close=&#8221;1&#8243;]<\/p>\n<p>[\/accordion]<br \/>\n09:00 Movie projection \u201eMeat the truth\u201d<\/p>\n<p>10:00 Nikolina Plenar Jeli\u010di\u0107 \u2013 Vegan sarma*<\/p>\n<p>11:00 Ana Marija Mileusni\u0107 (Zelena akcija) \u2013 How do we pollute our planet with the plastic<\/p>\n<p>12:00 Ivan Zokovi\u0107 \u2013 Energy in the hands of citizens<\/p>\n<p>13:00 Agneza Le\u0161dedaj (Plavi kri\u017e) \u2013 Why don&#8217;t we see meat as an animal<\/p>\n<p>14:00 Ana i Veljko Armano Linta \u2013 Goals of sustainable living<\/p>\n<p>15:00 Antonio Sunara \u2013 Efficient vegan advocasy<\/p>\n<p>16:00 doc. dr. sc. Lidija Bakota \u2013 Specizm in the Croatian language<\/p>\n<p>17:00 Zlata Nani\u0107 \u2013 My path through natural nutrition<\/p>\n<p>18:00 dr. sc. Lada \u010cale Feldman \u2013 Herbs, plants, non-plants: in the (eco)feminist new age<\/p>\n<p>19:00 Marina Ladavac i Jelena Top\u010di\u0107 \u2013 Tradicional pasta and sauce in vegan way*<\/p>\n<p>20:00 Vedran Romac \u2013 About cats, dogs, and invisible animals<\/p>\n<p>*cooking class<\/p>\n<p>[accordion title=&#8221;Saturday September 7th 2019&#8243; close=&#8221;1&#8243;]<br \/>\n09:00 Videoprojekcija \u201eKarnizam \u2013 Psychology of eating animals\u201d<\/p>\n<p>10:00 Iva Jane\u0161 i mag. nutr. Ivana \u0160imi\u0107 \u2013 Green life of veggie mum*<\/p>\n<p>11:00 Anamarija Prgomet (Zero Waste Croatia) \u2013 Veganism and zero-waste living<\/p>\n<p>12:00 Mihaela Brijak Gutierrez \u2013 Yummy raw treats*<\/p>\n<p>13:00 Vlatka Bala\u0161 (Udruga Pobjede) \u2013 What is rotten in eggs?<\/p>\n<p>14:00 Anita Petrovi\u0107 \u2013 Veganism needs brain and heart, not eggs* (2 h)<\/p>\n<p>16:00 Ana \u0160tefulj \u2013 42,195 km on a plant-based diet<br \/>\n17:00 Marko Samard\u017eija \u2013 How to get fit on a plant-based diet?<\/p>\n<p>18:00 Nikolina \u010cunko (Vesela veganska kuhinja) \u2013 Vegan kebab*<\/p>\n<p>19:00 Dragan \u0160urlan i group VEGAN THUGZ \u2013 10 advices for better life<br \/>\n*cooking class<br \/>\n[\/accordion]<br \/>\n[frame_center src=&#8221;<img fetchpriority=\"high\" decoding=\"async\" class=\"aligncenter size-full wp-image-3680\" src=\"http:\/\/www.zegevege.com\/wp-content\/uploads\/2020\/08\/plesa\u010dice-2019-e1597241032206.jpg\" alt=\"Additional program\" width=\"600\" height=\"325\">&#8221; href=&#8221;&#8221;]<span style=\"color: #367313;\">Performers and additional program<\/span>[\/frame_center]<br \/>\n<span style=\"color: #367313;\">Performers and additional program<\/span>[\/frame_center]<br \/>\n[accordion title=&#8221;Friday September 6th 2019&#8243; close=&#8221;1&#8243;]<br \/>\n18:30 Plesni punktovi Zagreb<br \/>\n18:45 Plesni punktovi Zagreb<br \/>\n19:00 Plesni punktovi Zagreb<br \/>\n19:15 Cube of truth<br \/>\n20:00 Dance club Megablast<br \/>\n20:50 School of Street Styles \u2013 SOSS<\/p>\n<p>16:00 &#8211; 20:00 DJ Mental Blue<\/p>\n<p>[\/accordion]<\/p>\n<p>[accordion title=&#8221;Saturday September 7th 2019&#8243; close=&#8221;1&#8243;]<br \/>\n10:00 Zumba with Jelena Diklic<br \/>\n12:00 \u201eMeet vegans who run marathons\u201c<br \/>\n14:00 \u201eVegan treasure hunt\u201c<br \/>\n17:15 Cube of truth<br \/>\n17:30 Las Reinas<br \/>\n19:50 Atomic Dance Factory<\/p>\n<p>17:00 &#8211; 21:00 DJ Mental Blue<\/p>\n<p>[\/accordion]<\/p>\n<p><!--:hr--><\/p>\n<p>[frame_center src=&#8221;<img decoding=\"async\" class=\"aligncenter size-medium wp-image-3677\" src=\"http:\/\/www.zegevege.com\/wp-content\/uploads\/2020\/08\/radionica-e1597240373305.jpg\" alt=\"ZeGeVege radionica\">&#8220;]<span style=\"color: #367313;\">Predavanja i radionice<\/span>[\/frame_center]<\/p>\n<p>[accordion title=&#8221;6. 9. Petak&#8221; close=&#8221;1&#8243;]<br \/>\n09:00 Videoprojekcija \u201eMeso istine\u201d<\/p>\n<p>10:00 Nikolina Plenar Jeli\u010di\u0107 \u2013 Veganska sarma*<\/p>\n<p>11:00 Ana Marija Mileusni\u0107 (Zelena akcija) \u2013 Kako plastikom potpaljujemo u\u017eareni planet<\/p>\n<p>12:00 Ivan Zokovi\u0107 \u2013 Energija u rukama gra\u0111ana<\/p>\n<p>13:00 Agneza Le\u0161dedaj (Plavi kri\u017e) \u2013 Za\u0161to meso ne vidimo kao \u017eivo bi\u0107e?<\/p>\n<p>14:00 Ana i Veljko Armano Linta \u2013 Ciljevi odr\u017eivog razvoja<\/p>\n<p>15:00 Antonio Sunara \u2013 U\u010dinkovit veganski aktivizam<\/p>\n<p>16:00 doc. dr. sc. Lidija Bakota \u2013 Nisam glupa kao guska i nemam jezik kao krava rep (specizmi u hrvatskom jeziku)<\/p>\n<p>17:00 Zlata Nani\u0107 \u2013 Moj put kroz prirodnu prehranu<\/p>\n<p>18:00 dr. sc. Lada \u010cale Feldman \u2013 Bilje, raslinje, ne-umlje: Lutonjica Toporko i devet \u017eupan\u010di\u0107a u optici (eko)feministi\u010dkog novo-ro\u0111enja<\/p>\n<p>19:00 Marina Ladavac i Jelena Top\u010di\u0107 \u2013 Tradicionalne tjestenine i umaci na veganski na\u010din*<\/p>\n<p>20:00 Vedran Romac \u2013 O macama, pesekima i nevidljivima \u2013 za\u0161to ih trebamo vi\u0161e nego \u0161to oni trebaju nas<\/p>\n<p>*radionica kuhanja<br \/>\n[\/accordion]<\/p>\n<p>[accordion title=&#8221; 7. 9. Subota&#8221; close=&#8221;1&#8243;]<br \/>\n09:00 Videoprojekcija \u201eKarnizam \u2013 Psihologija jedenja \u017eivotinja\u201d<\/p>\n<p>10:00 Iva Jane\u0161 i mag. nutr. Ivana \u0160imi\u0107 \u2013 Zeleni \u017eivot vege mama: radionica i brbljaonica*<\/p>\n<p>11:00 Anamarija Prgomet (Zero Waste Croatia) \u2013 Kakve veze veganstvo ima sa \u017eivotom bez otpada?<\/p>\n<p>12:00 Mihaela Brijak Gutierrez \u2013 Najzdravije sirove slastice*<\/p>\n<p>13:00 Vlatka Bala\u0161 (Udruga Pobjede) \u2013 \u0160to je trulo u jajima?<\/p>\n<p>14:00 Anita Petrovi\u0107 \u2013 Veganstvo tra\u017ei mozak i srce, a ne jaja* (2 h)<\/p>\n<p>16:00 Ana \u0160tefulj \u2013 42,195 km na biljnoj prehrani<\/p>\n<p>17:00 Marko Samard\u017eija \u2013 Kako do\u0107i u formu \u017eivota pomo\u0107u biljne prehrane?<\/p>\n<p>18:00 Nikolina \u010cunko (Vesela veganska kuhinja) \u2013 Veganski \u0107evapi*<\/p>\n<p>19:00 Dragan \u0160urlan i grupa VEGAN THUGZ \u2013 10 savjeta VEGAN THUGZ-a za bolji \u017eivot<\/p>\n<p>*radionica kuhanja<br \/>\n[\/accordion]<\/p>\n<p>[frame_center src=&#8221;<img decoding=\"async\" class=\"aligncenter size-medium wp-image-3677\" src=\"http:\/\/www.zegevege.com\/wp-content\/uploads\/2020\/08\/plesa\u010dice-2019-e1597241032206.jpg\" alt=\"ZeGeVege radionica\">&#8220;]<span style=\"color: #367313;\">Izvo\u0111a\u010di i popratna doga\u0111anja<\/span>[\/frame_center]<br \/>\n[accordion title=&#8221;6. 9. Petak&#8221; close=&#8221;1&#8243;]<br \/>\n18:30 Plesni punktovi Zagreb<br \/>\n18:45 Plesni punktovi Zagreb<br \/>\n19:00 Plesni punktovi Zagreb<br \/>\n19:15 Kocka istine<br \/>\n20:00 Plesni klub Megablast<br \/>\n20:50 School of Street Styles \u2013 SOSS<\/p>\n<p>16:00 &#8211; 20:00 DJ Mental Blue<br \/>\n[\/accordion]<\/p>\n<p>[accordion title=&#8221;7. 9. Subota&#8221; close=&#8221;1&#8243;]<br \/>\n10:00 Zumba with Jelena Diklic<br \/>\n12:00 \u201eUpoznajte veganske maratonce\u201c<br \/>\n14:00 \u201eVeganski lov na zdravo blago\u201c<br \/>\n17:15 Kocka istine<br \/>\n17:30 Las Reinas<br \/>\n19:50 Atomic Dance Factory<\/p>\n<p>17:00 &#8211; 21:00 DJ Mental Blue<br \/>\n[\/accordion]<\/p>\n","protected":false},"excerpt":{"rendered":"<p>[frame_center src=&#8221;&#8220;]Lectures and cooking workshops[\/frame_center] [accordion title=&#8221;Friday September 6th 2019&#8243; close=&#8221;1&#8243;] [\/accordion] 09:00 Movie projection \u201eMeat the truth\u201d 10:00 Nikolina [&hellip;]<\/p>\n","protected":false},"author":1,"featured_media":0,"parent":0,"menu_order":0,"comment_status":"closed","ping_status":"closed","template":"","meta":{"site-sidebar-layout":"default","site-content-layout":"","ast-site-content-layout":"default","site-content-style":"default","site-sidebar-style":"default","ast-global-header-display":"","ast-banner-title-visibility":"","ast-main-header-display":"","ast-hfb-above-header-display":"","ast-hfb-below-header-display":"","ast-hfb-mobile-header-display":"","site-post-title":"","ast-breadcrumbs-content":"","ast-featured-img":"","footer-sml-layout":"","ast-disable-related-posts":"","theme-transparent-header-meta":"","adv-header-id-meta":"","stick-header-meta":"","header-above-stick-meta":"","header-main-stick-meta":"","header-below-stick-meta":"","astra-migrate-meta-layouts":"default","ast-page-background-enabled":"default","ast-page-background-meta":{"desktop":{"background-color":"var(--ast-global-color-5)","background-image":"","background-repeat":"repeat","background-position":"center center","background-size":"auto","background-attachment":"scroll","background-type":"","background-media":"","overlay-type":"","overlay-color":"","overlay-opacity":"","overlay-gradient":""},"tablet":{"background-color":"","background-image":"","background-repeat":"repeat","background-position":"center center","background-size":"auto","background-attachment":"scroll","background-type":"","background-media":"","overlay-type":"","overlay-color":"","overlay-opacity":"","overlay-gradient":""},"mobile":{"background-color":"","background-image":"","background-repeat":"repeat","background-position":"center center","background-size":"auto","background-attachment":"scroll","background-type":"","background-media":"","overlay-type":"","overlay-color":"","overlay-opacity":"","overlay-gradient":""}},"ast-content-background-meta":{"desktop":{"background-color":"var(--ast-global-color-4)","background-image":"","background-repeat":"repeat","background-position":"center center","background-size":"auto","background-attachment":"scroll","background-type":"","background-media":"","overlay-type":"","overlay-color":"","overlay-opacity":"","overlay-gradient":""},"tablet":{"background-color":"var(--ast-global-color-4)","background-image":"","background-repeat":"repeat","background-position":"center center","background-size":"auto","background-attachment":"scroll","background-type":"","background-media":"","overlay-type":"","overlay-color":"","overlay-opacity":"","overlay-gradient":""},"mobile":{"background-color":"var(--ast-global-color-4)","background-image":"","background-repeat":"repeat","background-position":"center center","background-size":"auto","background-attachment":"scroll","background-type":"","background-media":"","overlay-type":"","overlay-color":"","overlay-opacity":"","overlay-gradient":""}},"footnotes":""},"class_list":["post-4178","page","type-page","status-publish","hentry"],"_links":{"self":[{"href":"http:\/\/www.zegevege.com\/index.php?rest_route=\/wp\/v2\/pages\/4178","targetHints":{"allow":["GET"]}}],"collection":[{"href":"http:\/\/www.zegevege.com\/index.php?rest_route=\/wp\/v2\/pages"}],"about":[{"href":"http:\/\/www.zegevege.com\/index.php?rest_route=\/wp\/v2\/types\/page"}],"author":[{"embeddable":true,"href":"http:\/\/www.zegevege.com\/index.php?rest_route=\/wp\/v2\/users\/1"}],"replies":[{"embeddable":true,"href":"http:\/\/www.zegevege.com\/index.php?rest_route=%2Fwp%2Fv2%2Fcomments&post=4178"}],"version-history":[{"count":10,"href":"http:\/\/www.zegevege.com\/index.php?rest_route=\/wp\/v2\/pages\/4178\/revisions"}],"predecessor-version":[{"id":4860,"href":"http:\/\/www.zegevege.com\/index.php?rest_route=\/wp\/v2\/pages\/4178\/revisions\/4860"}],"wp:attachment":[{"href":"http:\/\/www.zegevege.com\/index.php?rest_route=%2Fwp%2Fv2%2Fmedia&parent=4178"}],"curies":[{"name":"wp","href":"https:\/\/api.w.org\/{rel}","templated":true}]}}