{"id":1013,"date":"2014-02-05T13:01:16","date_gmt":"2014-02-05T13:01:16","guid":{"rendered":"http:\/\/www.zegevege.com\/?page_id=1013"},"modified":"2026-04-21T16:00:04","modified_gmt":"2026-04-21T16:00:04","slug":"volonteri","status":"publish","type":"page","link":"https:\/\/www.zegevege.com\/?page_id=1013","title":{"rendered":"Volonteri"},"content":{"rendered":"<p><strong>ZeGeVege nam dolazi! Najve\u0107i festival veganstva u regiji \u0107e se odr\u017eati i ove, 2026. godine!<\/strong><\/p>\n<p>Kao i svake godine za organizaciju ZeGeVege-a potrebne su vrijedne ruke volontera!<\/p>\n<p>Posebno nam je potrebna pomo\u0107:<\/p>\n<ul>\n<li>u \u010detvrtak 04.9. od 10 ujutro do 17 sati u uredu u Juri\u0161i\u0107evoj 25 te nakon 17 sati na Europskom trgu s postavljanjem festivala<\/li>\n<li>u petak ujutro od 7 do 9 sati (zavr\u0161ne pripreme na Europskom trgu)<\/li>\n<li>u subotu nave\u010der od 21 sati na Europskom trgu u raspremanju festivala<\/li>\n<\/ul>\n<p><b>Ako ima\u0161 slobodnog vremena od <strong>04. do 07. rujna 2026. godine<\/strong> i \u017eeli\u0161 ga iskoristiti promi\u010du\u0107i veganstvo i za\u0161titu \u017eivotinja svakako nam se javi jer \u0107emo doista trebati svaku pomo\u0107.<\/b><\/p>\n<p>Uz tvoju pomo\u0107 vjerujemo da \u0107e 18. ZeGeVege biti \u0161arolik, zabavan i pou\u010dan kao i njegovi prethodnici.<\/p>\n<p>Nudimo ti dobru glazbu i jo\u0161 bolje dru\u0161tvo, razne edukacije i radionice, nova znanja i vje\u0161tine, a sve uz puno zabave i smijeha. Pomo\u0107 nam treba kako bismo na vrijeme postavili \u0161atore, podijelili bro\u0161ure, nahranili vrijedne volontere, ali i u administracijskim poslovima kroz kolovoz.<\/p>\n<p>Prijavi se <a href=\"https:\/\/docs.google.com\/forms\/d\/e\/1FAIpQLSc-1ZBO-LhB2Dep22dNZGCZ0Mg0Gr278n2ANRdZYetmw-ZAnQ\/viewform\" target=\"_blank\" rel=\"noopener\">online prijavnicom<\/a>, podijeli s nama svoje interese i jake strane i postani dio ZeGeVege tima! Sve \u0161to ti treba je dobra volja, drugih uvjeta nema. Ako ima\u0161 bilo kakva pitanja za nas i potrebne su ti dodatne informacije, ne ustru\u010davaj se, ve\u0107 nam se javi na mail: <a href=\"mailto:info@zegevege.com\">info@zegevege.com<\/a>.<\/p>\n<p>\u017deljno i\u0161\u010dekujemo tvoju prijavu!<\/p>\n<h3><strong>-&gt; <a href=\"https:\/\/docs.google.com\/forms\/d\/e\/1FAIpQLSc-1ZBO-LhB2Dep22dNZGCZ0Mg0Gr278n2ANRdZYetmw-ZAnQ\/viewform\" target=\"_blank\" rel=\"noopener\">Prijavnica za volontiranje<\/a> &lt;-<\/strong><\/h3>\n<p style=\"font-size: 11px;\">Ispunjavanjem obrasca na linku pristajete na to da obra\u0111ujemo Va\u0161e podatke za potrebe komunikacije i dogovora oko volontiranja. Va\u0161e podatke koristit \u0107emo samo za tu svrhu, a ako se u bilo kojem trenutku predomislite i vi\u0161e ne \u017eelite volontirati, slobodno nam javite i obrisat \u0107emo Va\u0161e podatke. Za vi\u0161e informacija pro\u010ditajte i na\u0161u <a href=\"http:\/\/www.zegevege.com\/?page_id=3537\">Politiku o privatnosti<\/a> koja se ti\u010de za\u0161tite Va\u0161ih osobnih podataka.<\/p>\n","protected":false},"excerpt":{"rendered":"<p>ZeGeVege nam dolazi! Najve\u0107i festival veganstva u regiji \u0107e se odr\u017eati i ove, 2026. godine! Kao i svake godine za [&hellip;]<\/p>\n","protected":false},"author":1,"featured_media":0,"parent":0,"menu_order":0,"comment_status":"closed","ping_status":"closed","template":"","meta":{"site-sidebar-layout":"default","site-content-layout":"","ast-site-content-layout":"default","site-content-style":"default","site-sidebar-style":"default","ast-global-header-display":"","ast-banner-title-visibility":"","ast-main-header-display":"","ast-hfb-above-header-display":"","ast-hfb-below-header-display":"","ast-hfb-mobile-header-display":"","site-post-title":"","ast-breadcrumbs-content":"","ast-featured-img":"","footer-sml-layout":"","ast-disable-related-posts":"","theme-transparent-header-meta":"","adv-header-id-meta":"","stick-header-meta":"","header-above-stick-meta":"","header-main-stick-meta":"","header-below-stick-meta":"","astra-migrate-meta-layouts":"default","ast-page-background-enabled":"default","ast-page-background-meta":{"desktop":{"background-color":"var(--ast-global-color-5)","background-image":"","background-repeat":"repeat","background-position":"center center","background-size":"auto","background-attachment":"scroll","background-type":"","background-media":"","overlay-type":"","overlay-color":"","overlay-opacity":"","overlay-gradient":""},"tablet":{"background-color":"","background-image":"","background-repeat":"repeat","background-position":"center center","background-size":"auto","background-attachment":"scroll","background-type":"","background-media":"","overlay-type":"","overlay-color":"","overlay-opacity":"","overlay-gradient":""},"mobile":{"background-color":"","background-image":"","background-repeat":"repeat","background-position":"center center","background-size":"auto","background-attachment":"scroll","background-type":"","background-media":"","overlay-type":"","overlay-color":"","overlay-opacity":"","overlay-gradient":""}},"ast-content-background-meta":{"desktop":{"background-color":"var(--ast-global-color-4)","background-image":"","background-repeat":"repeat","background-position":"center center","background-size":"auto","background-attachment":"scroll","background-type":"","background-media":"","overlay-type":"","overlay-color":"","overlay-opacity":"","overlay-gradient":""},"tablet":{"background-color":"var(--ast-global-color-4)","background-image":"","background-repeat":"repeat","background-position":"center center","background-size":"auto","background-attachment":"scroll","background-type":"","background-media":"","overlay-type":"","overlay-color":"","overlay-opacity":"","overlay-gradient":""},"mobile":{"background-color":"var(--ast-global-color-4)","background-image":"","background-repeat":"repeat","background-position":"center center","background-size":"auto","background-attachment":"scroll","background-type":"","background-media":"","overlay-type":"","overlay-color":"","overlay-opacity":"","overlay-gradient":""}},"footnotes":""},"class_list":["post-1013","page","type-page","status-publish","hentry"],"_links":{"self":[{"href":"https:\/\/www.zegevege.com\/index.php?rest_route=\/wp\/v2\/pages\/1013","targetHints":{"allow":["GET"]}}],"collection":[{"href":"https:\/\/www.zegevege.com\/index.php?rest_route=\/wp\/v2\/pages"}],"about":[{"href":"https:\/\/www.zegevege.com\/index.php?rest_route=\/wp\/v2\/types\/page"}],"author":[{"embeddable":true,"href":"https:\/\/www.zegevege.com\/index.php?rest_route=\/wp\/v2\/users\/1"}],"replies":[{"embeddable":true,"href":"https:\/\/www.zegevege.com\/index.php?rest_route=%2Fwp%2Fv2%2Fcomments&post=1013"}],"version-history":[{"count":35,"href":"https:\/\/www.zegevege.com\/index.php?rest_route=\/wp\/v2\/pages\/1013\/revisions"}],"predecessor-version":[{"id":4945,"href":"https:\/\/www.zegevege.com\/index.php?rest_route=\/wp\/v2\/pages\/1013\/revisions\/4945"}],"wp:attachment":[{"href":"https:\/\/www.zegevege.com\/index.php?rest_route=%2Fwp%2Fv2%2Fmedia&parent=1013"}],"curies":[{"name":"wp","href":"https:\/\/api.w.org\/{rel}","templated":true}]}}