{"id":1015,"date":"2014-02-05T13:01:42","date_gmt":"2014-02-05T13:01:42","guid":{"rendered":"http:\/\/www.zegevege.com\/?page_id=1015"},"modified":"2026-04-21T12:17:20","modified_gmt":"2026-04-21T12:17:20","slug":"izlagaci","status":"publish","type":"page","link":"https:\/\/www.zegevege.com\/?page_id=1015","title":{"rendered":"Izlaga\u010d"},"content":{"rendered":"<p><!--:en--><\/p>\n<p>If you would like to participate in the next ZeGeVege festival, please fill in the from below.<\/p>\n<p>By submitting this from, you are giving us permission to process your information for purpose of communication and agreement of possible collaboration in the festival. Your information will be used solely for that purpose. For more details about protections of your data and privacy, please check our <a href=\"http:\/\/www.zegevege.com\/?page_id=3537&amp;lang=en\" target=\"_blank\" rel=\"noopener\">Privacy policy<\/a>.<\/p>\n<div class=\"frm_forms  with_frm_style frm_style_formidable-style\" id=\"frm_form_14_container\" >\n<form enctype=\"multipart\/form-data\" method=\"post\" class=\"frm-show-form \" id=\"form_p2dkj2\" >\n<div class=\"frm_form_fields \">\n<fieldset>\n<legend class=\"frm_screen_reader\">Exhibitor<\/legend>\r\n\r\n<div class=\"frm_fields_container\">\n<input type=\"hidden\" name=\"frm_action\" value=\"create\" \/>\n<input type=\"hidden\" name=\"form_id\" value=\"14\" \/>\n<input type=\"hidden\" name=\"frm_hide_fields_14\" id=\"frm_hide_fields_14\" value=\"\" \/>\n<input type=\"hidden\" name=\"form_key\" value=\"p2dkj2\" \/>\n<input type=\"hidden\" name=\"item_meta[0]\" value=\"\" \/>\n<input type=\"hidden\" id=\"frm_submit_entry_14\" name=\"frm_submit_entry_14\" value=\"d4e9b5e097\" \/><input type=\"hidden\" name=\"_wp_http_referer\" value=\"\/index.php?rest_route=%2Fwp%2Fv2%2Fpages%2F1015\" \/><div id=\"frm_field_90_container\" class=\"frm_form_field form-field  frm_required_field frm_top_container\">\r\n    <label for=\"field_722iy2\" class=\"frm_primary_label\">Name and Surname:\r\n        <span class=\"frm_required\">*<\/span>\r\n    <\/label>\r\n    <input type=\"text\" id=\"field_722iy2\" name=\"item_meta[90]\" value=\"\"  data-reqmsg=\"Name and Surname: cannot be blank.\" aria-required=\"true\" data-invmsg=\"Text is invalid\" aria-invalid=\"false\"  \/>\r\n    \r\n    \r\n<\/div>\n<div id=\"frm_field_91_container\" class=\"frm_form_field form-field  frm_required_field frm_top_container\">\r\n    <label for=\"field_mwnq\" class=\"frm_primary_label\">Organization\/Firm\r\n        <span class=\"frm_required\">*<\/span>\r\n    <\/label>\r\n    <input type=\"text\" id=\"field_mwnq\" name=\"item_meta[91]\" value=\"\"  data-reqmsg=\"Organization\/Firm cannot be blank.\" aria-required=\"true\" data-invmsg=\"Text is invalid\" aria-invalid=\"false\"  \/>\r\n    \r\n    \r\n<\/div>\n<div id=\"frm_field_92_container\" class=\"frm_form_field form-field  frm_required_field frm_top_container\">\r\n    <label for=\"field_300eb2\" class=\"frm_primary_label\">Address:\r\n        <span class=\"frm_required\">*<\/span>\r\n    <\/label>\r\n    <input type=\"text\" id=\"field_300eb2\" name=\"item_meta[92]\" value=\"\"  data-reqmsg=\"Address: cannot be blank.\" aria-required=\"true\" data-invmsg=\"Text is invalid\" aria-invalid=\"false\"  \/>\r\n    \r\n    \r\n<\/div>\n<div id=\"frm_field_93_container\" class=\"frm_form_field form-field  frm_required_field frm_top_container\">\r\n    <label for=\"field_ux4cm2\" class=\"frm_primary_label\">City:\r\n        <span class=\"frm_required\">*<\/span>\r\n    <\/label>\r\n    <input type=\"text\" id=\"field_ux4cm2\" name=\"item_meta[93]\" value=\"\"  data-reqmsg=\"City: cannot be blank.\" aria-required=\"true\" data-invmsg=\"Text is invalid\" aria-invalid=\"false\"  \/>\r\n    \r\n    \r\n<\/div>\n<div id=\"frm_field_95_container\" class=\"frm_form_field form-field  frm_required_field frm_top_container\">\r\n    <label for=\"field_ipsxk2\" class=\"frm_primary_label\">Phone number:\r\n        <span class=\"frm_required\">*<\/span>\r\n    <\/label>\r\n    <input type=\"tel\" id=\"field_ipsxk2\" name=\"item_meta[95]\" value=\"\"  data-reqmsg=\"Phone number: cannot be blank.\" aria-required=\"true\" data-invmsg=\"Phone is invalid\" aria-invalid=\"false\" pattern=\"((\\+\\d{1,3}(-|.| )?\\(?\\d\\)?(-| |.)?\\d{1,5})|(\\(?\\d{2,6}\\)?))(-|.| )?(\\d{3,4})(-|.| )?(\\d{4})(( x| ext)\\d{1,5}){0,1}$\"  \/>\r\n    \r\n    \r\n<\/div>\n<div id=\"frm_field_96_container\" class=\"frm_form_field form-field  frm_required_field frm_top_container\">\r\n    <label for=\"field_fkyml2\" class=\"frm_primary_label\">Email:\r\n        <span class=\"frm_required\">*<\/span>\r\n    <\/label>\r\n    <input type=\"email\" id=\"field_fkyml2\" name=\"item_meta[96]\" value=\"\"  data-reqmsg=\"Email: cannot be blank.\" aria-required=\"true\" data-invmsg=\"Email is invalid\" aria-invalid=\"false\"  \/>\r\n    \r\n    \r\n<\/div>\n<div id=\"frm_field_97_container\" class=\"frm_form_field form-field  frm_top_container\">\r\n    <label for=\"field_rr3bp2\" class=\"frm_primary_label\">Web\/Facebook:\r\n        <span class=\"frm_required\"><\/span>\r\n    <\/label>\r\n    <input type=\"url\" id=\"field_rr3bp2\" name=\"item_meta[97]\" value=\"\"  data-invmsg=\"Website\/URL is invalid\" aria-invalid=\"false\"  \/>\r\n    \r\n    \r\n<\/div>\n<div id=\"frm_field_98_container\" class=\"frm_form_field form-field  frm_required_field frm_top_container vertical_radio\">\r\n    <label for=\"field_cdf4u2\" class=\"frm_primary_label\">I understand that ZeGeVege festival promotes veganism and sustainability and therefore is intended for exclusively vegan products:\r\n        <span class=\"frm_required\">*<\/span>\r\n    <\/label>\r\n    <div class=\"frm_opt_container\">\t\t<div class=\"frm_checkbox\" id=\"frm_checkbox_98-0\">\t\t\t<label  for=\"field_cdf4u2-0\">\n\t\t\t<input type=\"checkbox\" name=\"item_meta[98][]\" id=\"field_cdf4u2-0\" value=\"Prihva\u0107am\"  data-reqmsg=\"I understand that ZeGeVege festival promotes veganism and sustainability and therefore is intended for exclusively vegan products: cannot be blank.\" data-invmsg=\"I understand that ZeGeVege festival promotes veganism and sustainability and therefore is intended for exclusively vegan products: is invalid\"   aria-required=\"true\"  \/> Prihva\u0107am<\/label><\/div>\n<\/div>\r\n    \r\n    \r\n<\/div>\n<div id=\"frm_field_99_container\" class=\"frm_form_field form-field  frm_required_field frm_top_container\">\r\n    <label for=\"field_8evac2\" class=\"frm_primary_label\">Please cite and describe your products that you'll have on the festival:\r\n        <span class=\"frm_required\">*<\/span>\r\n    <\/label>\r\n    <textarea name=\"item_meta[99]\" id=\"field_8evac2\" rows=\"5\"  data-reqmsg=\"Please cite and describe your products that you&#039;ll have on the festival: cannot be blank.\" aria-required=\"true\" data-invmsg=\"Please cite and describe your products that you&#039;ll have on the festival: is invalid\" aria-invalid=\"false\"  ><\/textarea>\r\n    \r\n    \r\n<\/div>\n\t<input type=\"hidden\" name=\"item_key\" value=\"\" \/>\n\t\t\t<div id=\"frm_field_109_container\">\n\t\t\t<label for=\"field_zjp7\" >\n\t\t\t\tIf you are human, leave this field blank.\t\t\t<\/label>\n\t\t\t<input  id=\"field_zjp7\" type=\"text\" class=\"frm_form_field form-field frm_verify\" name=\"item_meta[109]\" value=\"\"  \/>\n\t\t<\/div>\n\t\t<input name=\"frm_state\" type=\"hidden\" value=\"wqPsY\/lw\/jY7xiGFSou8tEN4WUrpUsJhhgjuVFnDK4A=\" \/><div class=\"frm_submit\">\r\n\r\n<button class=\"frm_button_submit\" type=\"submit\"  >Submit<\/button>\r\n\r\n<\/div><\/div>\n<\/fieldset>\n<\/div>\n\n<\/form>\n<\/div>\n\n<p><!--:--><\/p>\n<p><!--:hr--><\/p>\n<p>Ako \u017eelite sudjelovati na idu\u0107em ZeGeVege festivalu (2025.), molimo Vas da ispunite prijavnicu u nastavku.<\/p>\n<p>Ispunjavanjem ovog obrasca, pristajete na to da obra\u0111ujemo Va\u0161e podatke za potrebe komunikacije i dogovora oko suradnje. Va\u0161e podatke koristit \u0107emo samo za tu svrhu, a ako se u bilo kojem trenutku predomislite, slobodno nam javite i obrisat \u0107emo Va\u0161e podatke. Za vi\u0161e informacija pro\u010ditajte i na\u0161u <a href=\"http:\/\/www.zegevege.com\/?page_id=3537 target=\">Politiku o privatnosti<\/a> koja se ti\u010de za\u0161tite Va\u0161ih osobnih podataka.<\/p>\n<div class=\"frm_forms  with_frm_style frm_style_formidable-style\" id=\"frm_form_13_container\" >\n<form enctype=\"multipart\/form-data\" method=\"post\" class=\"frm-show-form \" id=\"form_p2dkj\" >\n<div class=\"frm_form_fields \">\n<fieldset>\n<legend class=\"frm_screen_reader\">Izlaga\u010d<\/legend>\r\n\r\n<div class=\"frm_fields_container\">\n<input type=\"hidden\" name=\"frm_action\" value=\"create\" \/>\n<input type=\"hidden\" name=\"form_id\" value=\"13\" \/>\n<input type=\"hidden\" name=\"frm_hide_fields_13\" id=\"frm_hide_fields_13\" value=\"\" \/>\n<input type=\"hidden\" name=\"form_key\" value=\"p2dkj\" \/>\n<input type=\"hidden\" name=\"item_meta[0]\" value=\"\" \/>\n<input type=\"hidden\" id=\"frm_submit_entry_13\" name=\"frm_submit_entry_13\" value=\"d4e9b5e097\" \/><input type=\"hidden\" name=\"_wp_http_referer\" value=\"\/index.php?rest_route=%2Fwp%2Fv2%2Fpages%2F1015\" \/><div id=\"frm_field_79_container\" class=\"frm_form_field form-field  frm_required_field frm_top_container\">\r\n    <label for=\"field_722iy\" class=\"frm_primary_label\">Ime i prezime:\r\n        <span class=\"frm_required\">*<\/span>\r\n    <\/label>\r\n    <input type=\"text\" id=\"field_722iy\" name=\"item_meta[79]\" value=\"\"  data-reqmsg=\"Ime i prezime: cannot be blank.\" aria-required=\"true\" data-invmsg=\"Text is invalid\" aria-invalid=\"false\"  \/>\r\n    \r\n    \r\n<\/div>\n<div id=\"frm_field_80_container\" class=\"frm_form_field form-field  frm_required_field frm_top_container\">\r\n    <label for=\"field_mwnq2\" class=\"frm_primary_label\">Naziv tvrtke\/udruge:\r\n        <span class=\"frm_required\">*<\/span>\r\n    <\/label>\r\n    <input type=\"text\" id=\"field_mwnq2\" name=\"item_meta[80]\" value=\"\"  data-reqmsg=\"Naziv tvrtke\/udruge: cannot be blank.\" aria-required=\"true\" data-invmsg=\"Text is invalid\" aria-invalid=\"false\"  \/>\r\n    \r\n    \r\n<\/div>\n<div id=\"frm_field_83_container\" class=\"frm_form_field form-field  frm_required_field frm_top_container\">\r\n    <label for=\"field_300eb\" class=\"frm_primary_label\">Adresa Sjedi\u0161ta:\r\n        <span class=\"frm_required\">*<\/span>\r\n    <\/label>\r\n    <input type=\"text\" id=\"field_300eb\" name=\"item_meta[83]\" value=\"\"  data-reqmsg=\"Adresa Sjedi\u0161ta: cannot be blank.\" aria-required=\"true\" data-invmsg=\"Text is invalid\" aria-invalid=\"false\"  \/>\r\n    \r\n    \r\n<\/div>\n<div id=\"frm_field_84_container\" class=\"frm_form_field form-field  frm_required_field frm_top_container\">\r\n    <label for=\"field_ux4cm\" class=\"frm_primary_label\">Grad:\r\n        <span class=\"frm_required\">*<\/span>\r\n    <\/label>\r\n    <input type=\"text\" id=\"field_ux4cm\" name=\"item_meta[84]\" value=\"\"  data-reqmsg=\"Grad: cannot be blank.\" aria-required=\"true\" data-invmsg=\"Text is invalid\" aria-invalid=\"false\"  \/>\r\n    \r\n    \r\n<\/div>\n<div id=\"frm_field_85_container\" class=\"frm_form_field form-field  frm_required_field frm_top_container\">\r\n    <label for=\"field_j7vc1\" class=\"frm_primary_label\">OIB:\r\n        <span class=\"frm_required\">*<\/span>\r\n    <\/label>\r\n    <input type=\"text\" id=\"field_j7vc1\" name=\"item_meta[85]\" value=\"\"  data-reqmsg=\"OIB: cannot be blank.\" aria-required=\"true\" data-invmsg=\"Number is invalid\" aria-invalid=\"false\"  \/>\r\n    \r\n    \r\n<\/div>\n<div id=\"frm_field_81_container\" class=\"frm_form_field form-field  frm_required_field frm_top_container\">\r\n    <label for=\"field_ipsxk\" class=\"frm_primary_label\">Telefon:\r\n        <span class=\"frm_required\">*<\/span>\r\n    <\/label>\r\n    <input type=\"tel\" id=\"field_ipsxk\" name=\"item_meta[81]\" value=\"\"  data-reqmsg=\"Telefon: cannot be blank.\" aria-required=\"true\" data-invmsg=\"Phone is invalid\" aria-invalid=\"false\" pattern=\"((\\+\\d{1,3}(-|.| )?\\(?\\d\\)?(-| |.)?\\d{1,5})|(\\(?\\d{2,6}\\)?))(-|.| )?(\\d{3,4})(-|.| )?(\\d{4})(( x| ext)\\d{1,5}){0,1}$\"  \/>\r\n    \r\n    \r\n<\/div>\n<div id=\"frm_field_82_container\" class=\"frm_form_field form-field  frm_required_field frm_top_container\">\r\n    <label for=\"field_fkyml\" class=\"frm_primary_label\">Email:\r\n        <span class=\"frm_required\">*<\/span>\r\n    <\/label>\r\n    <input type=\"email\" id=\"field_fkyml\" name=\"item_meta[82]\" value=\"\"  data-reqmsg=\"Email: cannot be blank.\" aria-required=\"true\" data-invmsg=\"Email is invalid\" aria-invalid=\"false\"  \/>\r\n    \r\n    \r\n<\/div>\n<div id=\"frm_field_86_container\" class=\"frm_form_field form-field  frm_top_container\">\r\n    <label for=\"field_rr3bp\" class=\"frm_primary_label\">Web\/Facebook:\r\n        <span class=\"frm_required\"><\/span>\r\n    <\/label>\r\n    <input type=\"url\" id=\"field_rr3bp\" name=\"item_meta[86]\" value=\"\"  data-invmsg=\"Website\/URL is invalid\" aria-invalid=\"false\"  \/>\r\n    \r\n    \r\n<\/div>\n<div id=\"frm_field_88_container\" class=\"frm_form_field form-field  frm_required_field frm_top_container vertical_radio\">\r\n    <label for=\"field_cdf4u\" class=\"frm_primary_label\">Shva\u0107am da je ZeGeVege festival odr\u017eivog \u017eivljenja veganski festival na kojem se ne promoviraju niti prodaju proizvodi i sastojci \u017eivotinjskog porijekla:\r\n        <span class=\"frm_required\">*<\/span>\r\n    <\/label>\r\n    <div class=\"frm_opt_container\">\t\t<div class=\"frm_checkbox\" id=\"frm_checkbox_88-0\">\t\t\t<label  for=\"field_cdf4u-0\">\n\t\t\t<input type=\"checkbox\" name=\"item_meta[88][]\" id=\"field_cdf4u-0\" value=\"Prihva\u0107am\"  data-reqmsg=\"Shva\u0107am da je ZeGeVege festival odr\u017eivog \u017eivljenja veganski festival na kojem se ne promoviraju niti prodaju proizvodi i sastojci \u017eivotinjskog porijekla: cannot be blank.\" data-invmsg=\"Shva\u0107am da je ZeGeVege festival odr\u017eivog \u017eivljenja veganski festival na kojem se ne promoviraju niti prodaju proizvodi i sastojci \u017eivotinjskog porijekla: is invalid\"   aria-required=\"true\"  \/> Prihva\u0107am<\/label><\/div>\n<\/div>\r\n    \r\n    \r\n<\/div>\n<div id=\"frm_field_89_container\" class=\"frm_form_field form-field  frm_required_field frm_top_container\">\r\n    <label for=\"field_8evac\" class=\"frm_primary_label\">Molimo opi\u0161ite\/navedite svoju ponudu koju \u017eelite izlo\u017eiti na festivalu:\r\n        <span class=\"frm_required\">*<\/span>\r\n    <\/label>\r\n    <textarea name=\"item_meta[89]\" id=\"field_8evac\" rows=\"5\"  data-reqmsg=\"Molimo opi\u0161ite\/navedite svoju ponudu koju \u017eelite izlo\u017eiti na festivalu: cannot be blank.\" aria-required=\"true\" data-invmsg=\"Molimo opi\u0161ite\/navedite svoju ponudu koju \u017eelite izlo\u017eiti na festivalu: is invalid\" aria-invalid=\"false\"  ><\/textarea>\r\n    \r\n    \r\n<\/div>\n\t<input type=\"hidden\" name=\"item_key\" value=\"\" \/>\n\t\t\t<div id=\"frm_field_110_container\">\n\t\t\t<label for=\"field_mabzo\" >\n\t\t\t\tIf you are human, leave this field blank.\t\t\t<\/label>\n\t\t\t<input  id=\"field_mabzo\" type=\"text\" class=\"frm_form_field form-field frm_verify\" name=\"item_meta[110]\" value=\"\"  \/>\n\t\t<\/div>\n\t\t<input name=\"frm_state\" type=\"hidden\" value=\"wqPsY\/lw\/jY7xiGFSou8tLFdcny5MAO2H9+ZjKQqss8=\" \/><div class=\"frm_submit\">\r\n\r\n<button class=\"frm_button_submit\" type=\"submit\"  >Submit<\/button>\r\n\r\n<\/div><\/div>\n<\/fieldset>\n<\/div>\n\n<\/form>\n<\/div>\n\n<p><!--:--><\/p>\n","protected":false},"excerpt":{"rendered":"<p>If you would like to participate in the next ZeGeVege festival, please fill in the from below. By submitting this [&hellip;]<\/p>\n","protected":false},"author":1,"featured_media":0,"parent":0,"menu_order":0,"comment_status":"closed","ping_status":"closed","template":"","meta":{"site-sidebar-layout":"default","site-content-layout":"","ast-site-content-layout":"default","site-content-style":"default","site-sidebar-style":"default","ast-global-header-display":"","ast-banner-title-visibility":"","ast-main-header-display":"","ast-hfb-above-header-display":"","ast-hfb-below-header-display":"","ast-hfb-mobile-header-display":"","site-post-title":"","ast-breadcrumbs-content":"","ast-featured-img":"","footer-sml-layout":"","ast-disable-related-posts":"","theme-transparent-header-meta":"","adv-header-id-meta":"","stick-header-meta":"","header-above-stick-meta":"","header-main-stick-meta":"","header-below-stick-meta":"","astra-migrate-meta-layouts":"default","ast-page-background-enabled":"default","ast-page-background-meta":{"desktop":{"background-color":"var(--ast-global-color-5)","background-image":"","background-repeat":"repeat","background-position":"center center","background-size":"auto","background-attachment":"scroll","background-type":"","background-media":"","overlay-type":"","overlay-color":"","overlay-opacity":"","overlay-gradient":""},"tablet":{"background-color":"","background-image":"","background-repeat":"repeat","background-position":"center center","background-size":"auto","background-attachment":"scroll","background-type":"","background-media":"","overlay-type":"","overlay-color":"","overlay-opacity":"","overlay-gradient":""},"mobile":{"background-color":"","background-image":"","background-repeat":"repeat","background-position":"center center","background-size":"auto","background-attachment":"scroll","background-type":"","background-media":"","overlay-type":"","overlay-color":"","overlay-opacity":"","overlay-gradient":""}},"ast-content-background-meta":{"desktop":{"background-color":"var(--ast-global-color-4)","background-image":"","background-repeat":"repeat","background-position":"center center","background-size":"auto","background-attachment":"scroll","background-type":"","background-media":"","overlay-type":"","overlay-color":"","overlay-opacity":"","overlay-gradient":""},"tablet":{"background-color":"var(--ast-global-color-4)","background-image":"","background-repeat":"repeat","background-position":"center center","background-size":"auto","background-attachment":"scroll","background-type":"","background-media":"","overlay-type":"","overlay-color":"","overlay-opacity":"","overlay-gradient":""},"mobile":{"background-color":"var(--ast-global-color-4)","background-image":"","background-repeat":"repeat","background-position":"center center","background-size":"auto","background-attachment":"scroll","background-type":"","background-media":"","overlay-type":"","overlay-color":"","overlay-opacity":"","overlay-gradient":""}},"footnotes":""},"class_list":["post-1015","page","type-page","status-publish","hentry"],"_links":{"self":[{"href":"https:\/\/www.zegevege.com\/index.php?rest_route=\/wp\/v2\/pages\/1015","targetHints":{"allow":["GET"]}}],"collection":[{"href":"https:\/\/www.zegevege.com\/index.php?rest_route=\/wp\/v2\/pages"}],"about":[{"href":"https:\/\/www.zegevege.com\/index.php?rest_route=\/wp\/v2\/types\/page"}],"author":[{"embeddable":true,"href":"https:\/\/www.zegevege.com\/index.php?rest_route=\/wp\/v2\/users\/1"}],"replies":[{"embeddable":true,"href":"https:\/\/www.zegevege.com\/index.php?rest_route=%2Fwp%2Fv2%2Fcomments&post=1015"}],"version-history":[{"count":20,"href":"https:\/\/www.zegevege.com\/index.php?rest_route=\/wp\/v2\/pages\/1015\/revisions"}],"predecessor-version":[{"id":4840,"href":"https:\/\/www.zegevege.com\/index.php?rest_route=\/wp\/v2\/pages\/1015\/revisions\/4840"}],"wp:attachment":[{"href":"https:\/\/www.zegevege.com\/index.php?rest_route=%2Fwp%2Fv2%2Fmedia&parent=1015"}],"curies":[{"name":"wp","href":"https:\/\/api.w.org\/{rel}","templated":true}]}}