{"id":1019,"date":"2014-02-05T13:02:34","date_gmt":"2014-02-05T13:02:34","guid":{"rendered":"http:\/\/www.zegevege.com\/?page_id=1019"},"modified":"2026-04-21T12:35:25","modified_gmt":"2026-04-21T12:35:25","slug":"sponzor","status":"publish","type":"page","link":"https:\/\/www.zegevege.com\/?page_id=1019","title":{"rendered":"Sponzor"},"content":{"rendered":"<p><!--:en--><br \/>\nIf you are interested in participating in ZeGeVege festival as an sponsor, please fill in the from below.<\/p>\n<p>By submitting this from, you are giving us permission to process your information for purpose of communication and agreement of possible collaboration in the festival. Your information will be used solely for that purpose. For more details about protections of your data and privacy, please check our <a href=\"http:\/\/www.zegevege.com\/?page_id=3537&amp;lang=en\">Privacy policy<\/a>.<\/p>\n<div class=\"frm_forms  with_frm_style frm_style_formidable-style\" id=\"frm_form_9_container\" >\n<form enctype=\"multipart\/form-data\" method=\"post\" class=\"frm-show-form \" id=\"form_v3k0z1\" >\n<div class=\"frm_form_fields \">\n<fieldset>\n\r\n<div class=\"frm_fields_container\">\n<input type=\"hidden\" name=\"frm_action\" value=\"create\" \/>\n<input type=\"hidden\" name=\"form_id\" value=\"9\" \/>\n<input type=\"hidden\" name=\"frm_hide_fields_9\" id=\"frm_hide_fields_9\" value=\"\" \/>\n<input type=\"hidden\" name=\"form_key\" value=\"v3k0z1\" \/>\n<input type=\"hidden\" name=\"item_meta[0]\" value=\"\" \/>\n<input type=\"hidden\" id=\"frm_submit_entry_9\" name=\"frm_submit_entry_9\" value=\"d4e9b5e097\" \/><input type=\"hidden\" name=\"_wp_http_referer\" value=\"\/index.php?rest_route=%2Fwp%2Fv2%2Fpages%2F1019\" \/><div id=\"frm_field_49_container\" class=\"frm_form_field form-field  frm_top_container frm_first_half\">\r\n    <label for=\"field_xdmjlw\" class=\"frm_primary_label\">Name and Surname*:\r\n        <span class=\"frm_required\"><\/span>\r\n    <\/label>\r\n    <input type=\"text\" id=\"field_xdmjlw\" name=\"item_meta[49]\" value=\"\"  data-invmsg=\"Name and Surname*: is invalid\" aria-invalid=\"false\"  \/>\r\n    \r\n    \r\n<\/div>\n<div id=\"frm_field_50_container\" class=\"frm_form_field form-field  frm_top_container frm_first_half\">\r\n    <label for=\"field_tkq703\" class=\"frm_primary_label\">Organisation\/Firm*:\r\n        <span class=\"frm_required\"><\/span>\r\n    <\/label>\r\n    <input type=\"text\" id=\"field_tkq703\" name=\"item_meta[50]\" value=\"\"  data-invmsg=\"Organisation\/Firm*: is invalid\" aria-invalid=\"false\"  \/>\r\n    \r\n    \r\n<\/div>\n<div id=\"frm_field_51_container\" class=\"frm_form_field form-field  frm_top_container frm_first_half\">\r\n    <label for=\"field_5cp1mw\" class=\"frm_primary_label\">Phone*:\r\n        <span class=\"frm_required\"><\/span>\r\n    <\/label>\r\n    <input type=\"text\" id=\"field_5cp1mw\" name=\"item_meta[51]\" value=\"\"  data-invmsg=\"Phone*: is invalid\" aria-invalid=\"false\"  \/>\r\n    \r\n    \r\n<\/div>\n<div id=\"frm_field_52_container\" class=\"frm_form_field form-field  frm_top_container frm_first_half\">\r\n    <label for=\"field_9v9hmg\" class=\"frm_primary_label\">E-mail*:\r\n        <span class=\"frm_required\"><\/span>\r\n    <\/label>\r\n    <input type=\"text\" id=\"field_9v9hmg\" name=\"item_meta[52]\" value=\"\"  data-invmsg=\"E-mail*: is invalid\" aria-invalid=\"false\"  \/>\r\n    \r\n    \r\n<\/div>\n\t<input type=\"hidden\" name=\"item_key\" value=\"\" \/>\n\t\t\t<div id=\"frm_field_109_container\">\n\t\t\t<label for=\"field_hj2qh\" >\n\t\t\t\tIf you are human, leave this field blank.\t\t\t<\/label>\n\t\t\t<input  id=\"field_hj2qh\" type=\"text\" class=\"frm_form_field form-field frm_verify\" name=\"item_meta[109]\" value=\"\"  \/>\n\t\t<\/div>\n\t\t<input name=\"frm_state\" type=\"hidden\" value=\"wqPsY\/lw\/jY7xiGFSou8tEN4WUrpUsJhhgjuVFnDK4A=\" \/><div class=\"frm_submit\">\r\n\r\n<input type=\"submit\" value=\"Submit\"  \/>\r\n<img decoding=\"async\" class=\"frm_ajax_loading\" src=\"https:\/\/www.zegevege.com\/wp-content\/plugins\/formidable\/images\/ajax_loader.gif\" alt=\"Sending\" style=\"visibility:hidden;\" \/>\r\n\r\n<\/div><\/div>\n<\/fieldset>\n<\/div>\n\n<\/form>\n<\/div>\n\n<p><!--:--><\/p>\n<p><!--:hr--><\/p>\n<p>Ako ste \u017eelite podr\u017eati ZeGeVege festival svojim sponzorstvom, molimo Vas da ispunite prijavnicu u nastavku.<\/p>\n<p>Ispunjavanjem ovog obrasca, pristajete na to da obra\u0111ujemo Va\u0161e podatke za potrebe komunikacije i dogovora oko suradnje. Va\u0161e podatke koristit \u0107emo samo za tu svrhu, a ako se u bilo kojem trenutku predomislite i vi\u0161e ne \u017eelite volontirati, slobodno nam javite i obrisat \u0107emo Va\u0161e podatke. Za vi\u0161e informacija pro\u010ditajte i na\u0161u <a href=\"http:\/\/www.zegevege.com\/?page_id=3537\">Politiku o privatnosti<\/a> koja se ti\u010de za\u0161tite Va\u0161ih osobnih podataka.<\/p>\n<div class=\"frm_forms  with_frm_style frm_style_formidable-style\" id=\"frm_form_5_container\" >\n<form enctype=\"multipart\/form-data\" method=\"post\" class=\"frm-show-form \" id=\"form_rzl4f0\" >\n<div class=\"frm_form_fields \">\n<fieldset>\n\r\n<div class=\"frm_fields_container\">\n<input type=\"hidden\" name=\"frm_action\" value=\"create\" \/>\n<input type=\"hidden\" name=\"form_id\" value=\"5\" \/>\n<input type=\"hidden\" name=\"frm_hide_fields_5\" id=\"frm_hide_fields_5\" value=\"\" \/>\n<input type=\"hidden\" name=\"form_key\" value=\"rzl4f0\" \/>\n<input type=\"hidden\" name=\"item_meta[0]\" value=\"\" \/>\n<input type=\"hidden\" id=\"frm_submit_entry_5\" name=\"frm_submit_entry_5\" value=\"d4e9b5e097\" \/><input type=\"hidden\" name=\"_wp_http_referer\" value=\"\/index.php?rest_route=%2Fwp%2Fv2%2Fpages%2F1019\" \/><div id=\"frm_field_31_container\" class=\"frm_form_field form-field  frm_top_container frm_first_half\">\r\n    <label for=\"field_agfpab\" class=\"frm_primary_label\">Ime i prezime*:\r\n        <span class=\"frm_required\"><\/span>\r\n    <\/label>\r\n    <input type=\"text\" id=\"field_agfpab\" name=\"item_meta[31]\" value=\"\"  data-invmsg=\"Ime i prezime*: is invalid\" aria-invalid=\"false\"  \/>\r\n    \r\n    \r\n<\/div>\n<div id=\"frm_field_32_container\" class=\"frm_form_field form-field  frm_top_container frm_first_half\">\r\n    <label for=\"field_wgcdlp\" class=\"frm_primary_label\">Naziv tvrtke*:\r\n        <span class=\"frm_required\"><\/span>\r\n    <\/label>\r\n    <input type=\"text\" id=\"field_wgcdlp\" name=\"item_meta[32]\" value=\"\"  data-invmsg=\"Naziv tvrtke*: is invalid\" aria-invalid=\"false\"  \/>\r\n    \r\n    \r\n<\/div>\n<div id=\"frm_field_33_container\" class=\"frm_form_field form-field  frm_top_container frm_first_half\">\r\n    <label for=\"field_nfren7\" class=\"frm_primary_label\">Telefon*:\r\n        <span class=\"frm_required\"><\/span>\r\n    <\/label>\r\n    <input type=\"text\" id=\"field_nfren7\" name=\"item_meta[33]\" value=\"\"  data-invmsg=\"Telefon*: is invalid\" aria-invalid=\"false\"  \/>\r\n    \r\n    \r\n<\/div>\n<div id=\"frm_field_34_container\" class=\"frm_form_field form-field  frm_top_container frm_first_half\">\r\n    <label for=\"field_63a66q\" class=\"frm_primary_label\">E-mail*:\r\n        <span class=\"frm_required\"><\/span>\r\n    <\/label>\r\n    <input type=\"text\" id=\"field_63a66q\" name=\"item_meta[34]\" value=\"\"  data-invmsg=\"E-mail*: is invalid\" aria-invalid=\"false\"  \/>\r\n    \r\n    \r\n<\/div>\n\t<input type=\"hidden\" name=\"item_key\" value=\"\" \/>\n\t\t\t<div id=\"frm_field_110_container\">\n\t\t\t<label for=\"field_roh2n\" >\n\t\t\t\tIf you are human, leave this field blank.\t\t\t<\/label>\n\t\t\t<input  id=\"field_roh2n\" type=\"text\" class=\"frm_form_field form-field frm_verify\" name=\"item_meta[110]\" value=\"\"  \/>\n\t\t<\/div>\n\t\t<input name=\"frm_state\" type=\"hidden\" value=\"wqPsY\/lw\/jY7xiGFSou8tLFdcny5MAO2H9+ZjKQqss8=\" \/><div class=\"frm_submit\">\r\n\r\n<input type=\"submit\" value=\"Po\u0161alji\"  \/>\r\n<img decoding=\"async\" class=\"frm_ajax_loading\" src=\"https:\/\/www.zegevege.com\/wp-content\/plugins\/formidable\/images\/ajax_loader.gif\" alt=\"Sending\" style=\"visibility:hidden;\" \/>\r\n\r\n<\/div><\/div>\n<\/fieldset>\n<\/div>\n\n<\/form>\n<\/div>\n\n","protected":false},"excerpt":{"rendered":"<p>If you are interested in participating in ZeGeVege festival as an sponsor, please fill in the from below. By submitting [&hellip;]<\/p>\n","protected":false},"author":1,"featured_media":0,"parent":0,"menu_order":0,"comment_status":"closed","ping_status":"closed","template":"","meta":{"site-sidebar-layout":"default","site-content-layout":"","ast-site-content-layout":"default","site-content-style":"default","site-sidebar-style":"default","ast-global-header-display":"","ast-banner-title-visibility":"","ast-main-header-display":"","ast-hfb-above-header-display":"","ast-hfb-below-header-display":"","ast-hfb-mobile-header-display":"","site-post-title":"","ast-breadcrumbs-content":"","ast-featured-img":"","footer-sml-layout":"","ast-disable-related-posts":"","theme-transparent-header-meta":"","adv-header-id-meta":"","stick-header-meta":"","header-above-stick-meta":"","header-main-stick-meta":"","header-below-stick-meta":"","astra-migrate-meta-layouts":"default","ast-page-background-enabled":"default","ast-page-background-meta":{"desktop":{"background-color":"var(--ast-global-color-5)","background-image":"","background-repeat":"repeat","background-position":"center center","background-size":"auto","background-attachment":"scroll","background-type":"","background-media":"","overlay-type":"","overlay-color":"","overlay-opacity":"","overlay-gradient":""},"tablet":{"background-color":"","background-image":"","background-repeat":"repeat","background-position":"center center","background-size":"auto","background-attachment":"scroll","background-type":"","background-media":"","overlay-type":"","overlay-color":"","overlay-opacity":"","overlay-gradient":""},"mobile":{"background-color":"","background-image":"","background-repeat":"repeat","background-position":"center center","background-size":"auto","background-attachment":"scroll","background-type":"","background-media":"","overlay-type":"","overlay-color":"","overlay-opacity":"","overlay-gradient":""}},"ast-content-background-meta":{"desktop":{"background-color":"var(--ast-global-color-4)","background-image":"","background-repeat":"repeat","background-position":"center center","background-size":"auto","background-attachment":"scroll","background-type":"","background-media":"","overlay-type":"","overlay-color":"","overlay-opacity":"","overlay-gradient":""},"tablet":{"background-color":"var(--ast-global-color-4)","background-image":"","background-repeat":"repeat","background-position":"center center","background-size":"auto","background-attachment":"scroll","background-type":"","background-media":"","overlay-type":"","overlay-color":"","overlay-opacity":"","overlay-gradient":""},"mobile":{"background-color":"var(--ast-global-color-4)","background-image":"","background-repeat":"repeat","background-position":"center center","background-size":"auto","background-attachment":"scroll","background-type":"","background-media":"","overlay-type":"","overlay-color":"","overlay-opacity":"","overlay-gradient":""}},"footnotes":""},"class_list":["post-1019","page","type-page","status-publish","hentry"],"_links":{"self":[{"href":"https:\/\/www.zegevege.com\/index.php?rest_route=\/wp\/v2\/pages\/1019","targetHints":{"allow":["GET"]}}],"collection":[{"href":"https:\/\/www.zegevege.com\/index.php?rest_route=\/wp\/v2\/pages"}],"about":[{"href":"https:\/\/www.zegevege.com\/index.php?rest_route=\/wp\/v2\/types\/page"}],"author":[{"embeddable":true,"href":"https:\/\/www.zegevege.com\/index.php?rest_route=\/wp\/v2\/users\/1"}],"replies":[{"embeddable":true,"href":"https:\/\/www.zegevege.com\/index.php?rest_route=%2Fwp%2Fv2%2Fcomments&post=1019"}],"version-history":[{"count":11,"href":"https:\/\/www.zegevege.com\/index.php?rest_route=\/wp\/v2\/pages\/1019\/revisions"}],"predecessor-version":[{"id":4863,"href":"https:\/\/www.zegevege.com\/index.php?rest_route=\/wp\/v2\/pages\/1019\/revisions\/4863"}],"wp:attachment":[{"href":"https:\/\/www.zegevege.com\/index.php?rest_route=%2Fwp%2Fv2%2Fmedia&parent=1019"}],"curies":[{"name":"wp","href":"https:\/\/api.w.org\/{rel}","templated":true}]}}