{"id":1021,"date":"2014-02-05T13:02:54","date_gmt":"2014-02-05T13:02:54","guid":{"rendered":"http:\/\/www.zegevege.com\/?page_id=1021"},"modified":"2026-04-21T12:23:45","modified_gmt":"2026-04-21T12:23:45","slug":"ostalo","status":"publish","type":"page","link":"https:\/\/www.zegevege.com\/?page_id=1021","title":{"rendered":"Ostalo"},"content":{"rendered":"<p><!--:hr--><\/p>\n<p>Ako ste zainteresirani podr\u017eati ZeGeVege festival na neki na\u010din, ali ostale prijavnice Vam iz nekog razloga ne odgovaraju, molimo Vas da ispunite ovu u nastavku.<\/p>\n<p>Ispunjavanjem prijavnice pristajete na to da obra\u0111ujemo Va\u0161e podatke za potrebe komunikacije i dogovora oko mogu\u0107eg suradnje na festivalu. Va\u0161e podatke koristit \u0107emo samo za tu svrhu, a za vi\u0161e informacija pro\u010ditajte i na\u0161u <a href=\"http:\/\/www.zegevege.com\/?page_id=3537\">Politiku o privatnosti<\/a> koja se ti\u010de za\u0161tite Va\u0161ih osobnih podataka.<\/p>\n<div class=\"frm_forms  with_frm_style frm_style_formidable-style\" id=\"frm_form_6_container\" >\n<form enctype=\"multipart\/form-data\" method=\"post\" class=\"frm-show-form \" id=\"form_z2c83z\" >\n<div class=\"frm_form_fields \">\n<fieldset>\n\r\n<div class=\"frm_fields_container\">\n<input type=\"hidden\" name=\"frm_action\" value=\"create\" \/>\n<input type=\"hidden\" name=\"form_id\" value=\"6\" \/>\n<input type=\"hidden\" name=\"frm_hide_fields_6\" id=\"frm_hide_fields_6\" value=\"\" \/>\n<input type=\"hidden\" name=\"form_key\" value=\"z2c83z\" \/>\n<input type=\"hidden\" name=\"item_meta[0]\" value=\"\" \/>\n<input type=\"hidden\" id=\"frm_submit_entry_6\" name=\"frm_submit_entry_6\" value=\"d4e9b5e097\" \/><input type=\"hidden\" name=\"_wp_http_referer\" value=\"\/index.php?rest_route=%2Fwp%2Fv2%2Fpages%2F1021\" \/><div id=\"frm_field_35_container\" class=\"frm_form_field form-field  frm_top_container frm_first_half\">\r\n    <label for=\"field_4hc6mb\" class=\"frm_primary_label\">Ime i prezime*:\r\n        <span class=\"frm_required\"><\/span>\r\n    <\/label>\r\n    <input type=\"text\" id=\"field_4hc6mb\" name=\"item_meta[35]\" value=\"\"  data-invmsg=\"Ime i prezime*: is invalid\" aria-invalid=\"false\"  \/>\r\n    \r\n    \r\n<\/div>\n<div id=\"frm_field_36_container\" class=\"frm_form_field form-field  frm_top_container frm_first_half\">\r\n    <label for=\"field_d5n7so\" class=\"frm_primary_label\">Telefon*:\r\n        <span class=\"frm_required\"><\/span>\r\n    <\/label>\r\n    <input type=\"text\" id=\"field_d5n7so\" name=\"item_meta[36]\" value=\"\"  data-invmsg=\"Telefon*: is invalid\" aria-invalid=\"false\"  \/>\r\n    \r\n    \r\n<\/div>\n<div id=\"frm_field_37_container\" class=\"frm_form_field form-field  frm_top_container frm_first_half\">\r\n    <label for=\"field_qbtvj8\" class=\"frm_primary_label\">E-mail*:\r\n        <span class=\"frm_required\"><\/span>\r\n    <\/label>\r\n    <input type=\"text\" id=\"field_qbtvj8\" name=\"item_meta[37]\" value=\"\"  data-invmsg=\"E-mail*: is invalid\" aria-invalid=\"false\"  \/>\r\n    \r\n    \r\n<\/div>\n<div id=\"frm_field_38_container\" class=\"frm_form_field form-field  frm_top_container frm_first_half\">\r\n    <label for=\"field_rtqd6r\" class=\"frm_primary_label\">Na koji na\u010din biste pomogli*:\r\n        <span class=\"frm_required\"><\/span>\r\n    <\/label>\r\n    <input type=\"text\" id=\"field_rtqd6r\" name=\"item_meta[38]\" value=\"\"  data-invmsg=\"Na koji na\u010din biste pomogli*: is invalid\" aria-invalid=\"false\"  \/>\r\n    \r\n    \r\n<\/div>\n\t<input type=\"hidden\" name=\"item_key\" value=\"\" \/>\n\t\t\t<div id=\"frm_field_109_container\">\n\t\t\t<label for=\"field_4jfvg\" >\n\t\t\t\tIf you are human, leave this field blank.\t\t\t<\/label>\n\t\t\t<input  id=\"field_4jfvg\" type=\"text\" class=\"frm_form_field form-field frm_verify\" name=\"item_meta[109]\" value=\"\"  \/>\n\t\t<\/div>\n\t\t<input name=\"frm_state\" type=\"hidden\" value=\"wqPsY\/lw\/jY7xiGFSou8tEN4WUrpUsJhhgjuVFnDK4A=\" \/><div class=\"frm_submit\">\r\n\r\n<input type=\"submit\" value=\"Po\u0161alji\"  \/>\r\n<img decoding=\"async\" class=\"frm_ajax_loading\" src=\"https:\/\/www.zegevege.com\/wp-content\/plugins\/formidable\/images\/ajax_loader.gif\" alt=\"Sending\" style=\"visibility:hidden;\" \/>\r\n\r\n<\/div><\/div>\n<\/fieldset>\n<\/div>\n\n<\/form>\n<\/div>\n\n<p><!--:--><\/p>\n","protected":false},"excerpt":{"rendered":"<p>Ako ste zainteresirani podr\u017eati ZeGeVege festival na neki na\u010din, ali ostale prijavnice Vam iz nekog razloga ne odgovaraju, molimo Vas [&hellip;]<\/p>\n","protected":false},"author":1,"featured_media":0,"parent":0,"menu_order":0,"comment_status":"closed","ping_status":"closed","template":"","meta":{"site-sidebar-layout":"default","site-content-layout":"","ast-site-content-layout":"default","site-content-style":"default","site-sidebar-style":"default","ast-global-header-display":"","ast-banner-title-visibility":"","ast-main-header-display":"","ast-hfb-above-header-display":"","ast-hfb-below-header-display":"","ast-hfb-mobile-header-display":"","site-post-title":"","ast-breadcrumbs-content":"","ast-featured-img":"","footer-sml-layout":"","ast-disable-related-posts":"","theme-transparent-header-meta":"","adv-header-id-meta":"","stick-header-meta":"","header-above-stick-meta":"","header-main-stick-meta":"","header-below-stick-meta":"","astra-migrate-meta-layouts":"default","ast-page-background-enabled":"default","ast-page-background-meta":{"desktop":{"background-color":"var(--ast-global-color-5)","background-image":"","background-repeat":"repeat","background-position":"center center","background-size":"auto","background-attachment":"scroll","background-type":"","background-media":"","overlay-type":"","overlay-color":"","overlay-opacity":"","overlay-gradient":""},"tablet":{"background-color":"","background-image":"","background-repeat":"repeat","background-position":"center center","background-size":"auto","background-attachment":"scroll","background-type":"","background-media":"","overlay-type":"","overlay-color":"","overlay-opacity":"","overlay-gradient":""},"mobile":{"background-color":"","background-image":"","background-repeat":"repeat","background-position":"center center","background-size":"auto","background-attachment":"scroll","background-type":"","background-media":"","overlay-type":"","overlay-color":"","overlay-opacity":"","overlay-gradient":""}},"ast-content-background-meta":{"desktop":{"background-color":"var(--ast-global-color-4)","background-image":"","background-repeat":"repeat","background-position":"center center","background-size":"auto","background-attachment":"scroll","background-type":"","background-media":"","overlay-type":"","overlay-color":"","overlay-opacity":"","overlay-gradient":""},"tablet":{"background-color":"var(--ast-global-color-4)","background-image":"","background-repeat":"repeat","background-position":"center center","background-size":"auto","background-attachment":"scroll","background-type":"","background-media":"","overlay-type":"","overlay-color":"","overlay-opacity":"","overlay-gradient":""},"mobile":{"background-color":"var(--ast-global-color-4)","background-image":"","background-repeat":"repeat","background-position":"center center","background-size":"auto","background-attachment":"scroll","background-type":"","background-media":"","overlay-type":"","overlay-color":"","overlay-opacity":"","overlay-gradient":""}},"footnotes":""},"class_list":["post-1021","page","type-page","status-publish","hentry"],"_links":{"self":[{"href":"https:\/\/www.zegevege.com\/index.php?rest_route=\/wp\/v2\/pages\/1021","targetHints":{"allow":["GET"]}}],"collection":[{"href":"https:\/\/www.zegevege.com\/index.php?rest_route=\/wp\/v2\/pages"}],"about":[{"href":"https:\/\/www.zegevege.com\/index.php?rest_route=\/wp\/v2\/types\/page"}],"author":[{"embeddable":true,"href":"https:\/\/www.zegevege.com\/index.php?rest_route=\/wp\/v2\/users\/1"}],"replies":[{"embeddable":true,"href":"https:\/\/www.zegevege.com\/index.php?rest_route=%2Fwp%2Fv2%2Fcomments&post=1021"}],"version-history":[{"count":6,"href":"https:\/\/www.zegevege.com\/index.php?rest_route=\/wp\/v2\/pages\/1021\/revisions"}],"predecessor-version":[{"id":4848,"href":"https:\/\/www.zegevege.com\/index.php?rest_route=\/wp\/v2\/pages\/1021\/revisions\/4848"}],"wp:attachment":[{"href":"https:\/\/www.zegevege.com\/index.php?rest_route=%2Fwp%2Fv2%2Fmedia&parent=1021"}],"curies":[{"name":"wp","href":"https:\/\/api.w.org\/{rel}","templated":true}]}}