{"id":1242,"date":"2014-02-27T14:25:06","date_gmt":"2014-02-27T14:25:06","guid":{"rendered":"http:\/\/www.zegevege.com\/?page_id=1242"},"modified":"2026-04-21T12:17:30","modified_gmt":"2026-04-21T12:17:30","slug":"izlagaci-2013","status":"publish","type":"page","link":"https:\/\/www.zegevege.com\/?page_id=1242","title":{"rendered":"Izlaga\u010di 2013"},"content":{"rendered":"<p><!--:en--><\/p>\n<ul>\n<li>Vegetarijanski klub<\/li>\n<li>Vegehop<\/li>\n<li>Clavis Consultor Nextbike &#8211; Sustav javnih bicikala<\/li>\n<li>OPG Jakopovi\u0107<\/li>\n<li>bio&amp;bio trgovine<\/li>\n<li>ekoproizvoda dm-drogerie markt<\/li>\n<li>AWT International<\/li>\n<li>Spar Hrvatska<\/li>\n<li>Vegetarijana Plus<\/li>\n<li>OPG Pereglin Tomislav<\/li>\n<li>Bike Box maloprodajna trgovina<\/li>\n<li>Sindikat biciklista<\/li>\n<li>Rumena<\/li>\n<li>Slovensko vegansko dru\u0161tvo<\/li>\n<li>Frizerski studio Beauty &amp; the Beast<\/li>\n<li>Makam Naturkost<\/li>\n<li>Green Point Art of Raw<\/li>\n<li>Konoplja &amp; Co.<\/li>\n<li>Vegetariana<\/li>\n<li>Postirapoljoprivredna zadruga<\/li>\n<li>Udruga Mrkvica \u2013 TarraLand uto\u010di\u0161te kuni\u0107a i divljih ze\u010deva<\/li>\n<li>OPG Andreja Petrovi\u0107<\/li>\n<li>Udruga za miroljubivu zemljoradnju Obzor<\/li>\n<li>Ro\u017ei\u0107<\/li>\n<li>Larimar Essentia<\/li>\n<li>\u0160akti Ko<\/li>\n<li>Advent<\/li>\n<li>OPG Branko \u010cegec<\/li>\n<li>Zelena pri\u010da<\/li>\n<li>BRUNA nat\u00fcrlich Eis<\/li>\n<li>Bio-zrno<\/li>\n<li>Nutrisun &#8211; Marigt Payrhuber<\/li>\n<li>OPG Vladimir \u0160inko<\/li>\n<li>Melvita<\/li>\n<li>OPG Ira Branilovi\u0107<\/li>\n<li>Ulola<\/li>\n<li>Annapurna<\/li>\n<li>OPG Anto Juri\u0107<\/li>\n<li>OPG Veseli\u0107<\/li>\n<li>Omegol<\/li>\n<li>GALA NATURA<\/li>\n<li>Zelena akcija<\/li>\n<li>Planetopija<\/li>\n<li>Roditelji u akciji \u2013 RODA<\/li>\n<li>Garden Eko<\/li>\n<li>OPG Huji\u0107<\/li>\n<li>OPG Roland Bakal<\/li>\n<li>Repro Eko<\/li>\n<li>Bioherba<\/li>\n<li>OPG Marija Mudri\u0107<\/li>\n<li>OM joga<\/li>\n<li>OPG Ore\u0161kovi\u0107<\/li>\n<li>Udruga Vestigium<\/li>\n<li>Vitamix<\/li>\n<li>Jadranka Ocvirek\/Centar za Vedske studije<\/li>\n<li>SMID &#8211; Mirjana Strancari\u0107<\/li>\n<li>Encian (Alpro)<\/li>\n<li>Socijalna zadruga Humana Nova<\/li>\n<li>Zlata Nani\u0107<\/li>\n<li>Udruga Glas \u017eivotinja<\/li>\n<li>Internacionalna zaklada Gabriele<\/li>\n<li>Sapunoteka<\/li>\n<li>Dvostruka duga<\/li>\n<li>Udruga Pobjede<\/li>\n<li>OPG \u017deljko Ili\u010di\u0107<\/li>\n<li>Zmajevna<\/li>\n<li>Drveni kutak<\/li>\n<li>Skloni\u0161te za nezbrinute \u017eivotinje Grada Zagreba<\/li>\n<li>Biodar<\/li>\n<li>Bormax<\/li>\n<li>Obrt za eko igra\u010dke<\/li>\n<li>Ami hrana za pse i ma\u010dke<\/li>\n<li>K naravi Milena Trefalt s.p.<\/li>\n<li>OPG \u010ci\u017emek Ljubica<\/li>\n<\/ul>\n<p><!--:--><!--:hr--><\/p>\n<ul>\n<li>Vegetarijanski klub<\/li>\n<li>Vegehop<\/li>\n<li>Clavis Consultor Nextbike &#8211; Sustav javnih bicikala<\/li>\n<li>OPG Jakopovi\u0107<\/li>\n<li>bio&amp;bio trgovine<\/li>\n<li>ekoproizvoda dm-drogerie markt<\/li>\n<li>AWT International<\/li>\n<li>Spar Hrvatska<\/li>\n<li>Vegetarijana Plus<\/li>\n<li>OPG Pereglin Tomislav<\/li>\n<li>Bike Box maloprodajna trgovina<\/li>\n<li>Sindikat biciklista<\/li>\n<li>Rumena<\/li>\n<li>Slovensko vegansko dru\u0161tvo<\/li>\n<li>Frizerski studio Beauty &amp; the Beast<\/li>\n<li>Makam Naturkost<\/li>\n<li>Green Point Art of Raw<\/li>\n<li>Konoplja &amp; Co.<\/li>\n<li>Vegetariana<\/li>\n<li>Postirapoljoprivredna zadruga<\/li>\n<li>Udruga Mrkvica \u2013 TarraLand uto\u010di\u0161te kuni\u0107a i divljih ze\u010deva<\/li>\n<li>OPG Andreja Petrovi\u0107<\/li>\n<li>Udruga za miroljubivu zemljoradnju Obzor<\/li>\n<li>Ro\u017ei\u0107<\/li>\n<li>Larimar Essentia<\/li>\n<li>\u0160akti Ko<\/li>\n<li>Advent<\/li>\n<li>OPG<\/li>\n<li>Branko \u010cegec<\/li>\n<li>Zelena pri\u010da<\/li>\n<li>BRUNA nat\u00fcrlich Eis<\/li>\n<li>Bio-zrno<\/li>\n<li>Nutrisun &#8211; Marigt Payrhuber<\/li>\n<li>OPG Vladimir \u0160inko<\/li>\n<li>Melvita<\/li>\n<li>OPG Ira Branilovi\u0107<\/li>\n<li>Ulola<\/li>\n<li>Annapurna<\/li>\n<li>OPG Anto Juri\u0107<\/li>\n<li>OPG Veseli\u0107<\/li>\n<li>Omegol<\/li>\n<li>GALA NATURA<\/li>\n<li>Zelena akcija<\/li>\n<li>Planetopija<\/li>\n<li>Roditelji u akciji \u2013 RODA<\/li>\n<li>Garden Eko<\/li>\n<li>OPG Huji\u0107<\/li>\n<li>OPG Roland Bakal<\/li>\n<li>Repro Eko<\/li>\n<li>Bioherba<\/li>\n<li>OPG Marija Mudri\u0107<\/li>\n<li>OM joga<\/li>\n<li>OPG Ore\u0161kovi\u0107<\/li>\n<li>Udruga Vestigium<\/li>\n<li>Vitamix<\/li>\n<li>Jadranka Ocvirek\/Centar za Vedske studije<\/li>\n<li>SMID &#8211; Mirjana Strancari\u0107<\/li>\n<li>Encian (Alpro)<\/li>\n<li>Socijalna zadruga Humana Nova<\/li>\n<li>Zlata Nani\u0107<\/li>\n<li>Udruga Glas \u017eivotinja<\/li>\n<li>Internacionalna zaklada Gabriele<\/li>\n<li>Sapunoteka<\/li>\n<li>Dvostruka duga<\/li>\n<li>Udruga Pobjede<\/li>\n<li>OPG \u017deljko Ili\u010di\u0107<\/li>\n<li>Zmajevna<\/li>\n<li>Drveni kutak<\/li>\n<li>Skloni\u0161te za nezbrinute \u017eivotinje Grada Zagreba<\/li>\n<li>Biodar<\/li>\n<li>Bormax<\/li>\n<li>Obrt za eko igra\u010dke<\/li>\n<li>Ami hrana za pse i ma\u010dke<\/li>\n<li>K naravi Milena Trefalt s.p.<\/li>\n<li>OPG \u010ci\u017emek Ljubica<\/li>\n<\/ul>\n<p><!--:--><\/p>\n","protected":false},"excerpt":{"rendered":"<p>Vegetarijanski klub Vegehop Clavis Consultor Nextbike &#8211; Sustav javnih bicikala OPG Jakopovi\u0107 bio&amp;bio trgovine ekoproizvoda dm-drogerie markt AWT International Spar [&hellip;]<\/p>\n","protected":false},"author":1,"featured_media":0,"parent":0,"menu_order":0,"comment_status":"closed","ping_status":"closed","template":"","meta":{"site-sidebar-layout":"default","site-content-layout":"","ast-site-content-layout":"default","site-content-style":"default","site-sidebar-style":"default","ast-global-header-display":"","ast-banner-title-visibility":"","ast-main-header-display":"","ast-hfb-above-header-display":"","ast-hfb-below-header-display":"","ast-hfb-mobile-header-display":"","site-post-title":"","ast-breadcrumbs-content":"","ast-featured-img":"","footer-sml-layout":"","ast-disable-related-posts":"","theme-transparent-header-meta":"","adv-header-id-meta":"","stick-header-meta":"","header-above-stick-meta":"","header-main-stick-meta":"","header-below-stick-meta":"","astra-migrate-meta-layouts":"default","ast-page-background-enabled":"default","ast-page-background-meta":{"desktop":{"background-color":"var(--ast-global-color-5)","background-image":"","background-repeat":"repeat","background-position":"center center","background-size":"auto","background-attachment":"scroll","background-type":"","background-media":"","overlay-type":"","overlay-color":"","overlay-opacity":"","overlay-gradient":""},"tablet":{"background-color":"","background-image":"","background-repeat":"repeat","background-position":"center center","background-size":"auto","background-attachment":"scroll","background-type":"","background-media":"","overlay-type":"","overlay-color":"","overlay-opacity":"","overlay-gradient":""},"mobile":{"background-color":"","background-image":"","background-repeat":"repeat","background-position":"center center","background-size":"auto","background-attachment":"scroll","background-type":"","background-media":"","overlay-type":"","overlay-color":"","overlay-opacity":"","overlay-gradient":""}},"ast-content-background-meta":{"desktop":{"background-color":"var(--ast-global-color-4)","background-image":"","background-repeat":"repeat","background-position":"center center","background-size":"auto","background-attachment":"scroll","background-type":"","background-media":"","overlay-type":"","overlay-color":"","overlay-opacity":"","overlay-gradient":""},"tablet":{"background-color":"var(--ast-global-color-4)","background-image":"","background-repeat":"repeat","background-position":"center center","background-size":"auto","background-attachment":"scroll","background-type":"","background-media":"","overlay-type":"","overlay-color":"","overlay-opacity":"","overlay-gradient":""},"mobile":{"background-color":"var(--ast-global-color-4)","background-image":"","background-repeat":"repeat","background-position":"center center","background-size":"auto","background-attachment":"scroll","background-type":"","background-media":"","overlay-type":"","overlay-color":"","overlay-opacity":"","overlay-gradient":""}},"footnotes":""},"class_list":["post-1242","page","type-page","status-publish","hentry"],"_links":{"self":[{"href":"https:\/\/www.zegevege.com\/index.php?rest_route=\/wp\/v2\/pages\/1242","targetHints":{"allow":["GET"]}}],"collection":[{"href":"https:\/\/www.zegevege.com\/index.php?rest_route=\/wp\/v2\/pages"}],"about":[{"href":"https:\/\/www.zegevege.com\/index.php?rest_route=\/wp\/v2\/types\/page"}],"author":[{"embeddable":true,"href":"https:\/\/www.zegevege.com\/index.php?rest_route=\/wp\/v2\/users\/1"}],"replies":[{"embeddable":true,"href":"https:\/\/www.zegevege.com\/index.php?rest_route=%2Fwp%2Fv2%2Fcomments&post=1242"}],"version-history":[{"count":3,"href":"https:\/\/www.zegevege.com\/index.php?rest_route=\/wp\/v2\/pages\/1242\/revisions"}],"predecessor-version":[{"id":4841,"href":"https:\/\/www.zegevege.com\/index.php?rest_route=\/wp\/v2\/pages\/1242\/revisions\/4841"}],"wp:attachment":[{"href":"https:\/\/www.zegevege.com\/index.php?rest_route=%2Fwp%2Fv2%2Fmedia&parent=1242"}],"curies":[{"name":"wp","href":"https:\/\/api.w.org\/{rel}","templated":true}]}}