{"id":133,"date":"2014-01-26T14:05:13","date_gmt":"2014-01-26T14:05:13","guid":{"rendered":"http:\/\/www.zegevege.com\/?page_id=133"},"modified":"2026-04-21T12:35:44","modified_gmt":"2026-04-21T12:35:44","slug":"odrzivo-zivljenje","status":"publish","type":"page","link":"https:\/\/www.zegevege.com\/?page_id=133","title":{"rendered":"Odr\u017eivo \u017eivljenje"},"content":{"rendered":"<p><!--:en-->[one_half] Sustainable living is the life style where using natural resources in the purpose of human needs do not distort the environment, life of other animals and the benefit of other people. That kind of life style, in a long term, provides to the existence of plants and animal species, biodiversity, natural balance and a peaceful life of all living beings on the Earth. Every day with our own choice of life style we decide about destinies of other living beings. Every one of us with our example, activities, attitude \u2013 entire being \u2013 is changing the world. A sustainable life-style is based on a balanced life in harmony with nature which means sympathy for the others and caring for the world around us.[\/one_half] [one_half_last]Awareness of the interpersonal connection of living beings and nature &#8211; of which we are part of &#8211; prompts us to positive changes and creating a qualitative culture of living. With a sustainable life sstyle we are improving own health, living the life with a calm conscience knowing that with our everyday life we do not harm other living beings. This sustainable life-style implies food which products are originating from plants, wearing of clothes from natural materials, eco-leather or eco-fur, using products which are not tested on animals, segregating waste through recycling, economically handling of energy and use of renewable energy sources&#8230; [\/one_half_last]\u00a0[quote width=&#8221;&#8221; align=&#8221;left&#8221;]<span style=\"color: #367313;\">Living straightforward with empathy is the affirmation of life, and represents fulfilling and joy.<\/span>[\/quote]<br \/>\n<!--:--><\/p>\n<p><!--:hr-->[one_half]Odr\u017eivo \u017eivljenje je na\u010din \u017eivota kojim se pri kori\u0161tenju prirodnih resursa u svrhu ispunjavanja ljudskih potreba ne naru\u0161ava okoli\u0161, \u017eivot ostalih \u017eivotinja i dobrobit drugih ljudi. Takav na\u010din \u017eivljenja dugoro\u010dno omogu\u0107uje opstanak biljnih i \u017eivotinjskih vrsta, bioraznolikost, prirodnu ravnote\u017eu i miran su\u017eivot svih \u017eivih bi\u0107a na planeti. Svakodnevno vlastitim izborom na\u010dina \u017eivota odlu\u010dujemo o sudbinama drugih \u017eivih bi\u0107a. Svatko od nas svojim primjerom, aktivnostima, stavom &#8211; cjelokupnim postojanjem &#8211; mijenja svijet. Odr\u017eivi na\u010din \u017eivljenja prije svega se temelji na skladnom \u017eivotu s prirodom odnosno suosje\u0107anju za druge i brizi za svijet oko nas.[\/one_half][one_half_last]Osvije\u0161tenost o me\u0111usobnoj povezanosti svih \u017eivih bi\u0107a i prirode \u2013 \u010diji smo dio \u2013 poti\u010de nas na pozitivne promjene i kreiranje kvalitetne kulture \u017eivljenja. Odr\u017eivim na\u010dinom \u017eivljenja unaprje\u0111ujemo vlastito zdravlje, \u017eivimo punim plu\u0107ima i mirne savjesti zbog saznanja da svojim svakodnevnim \u017eivotom ne \u0161kodimo drugim \u017eivim bi\u0107ima. Odr\u017eivi na\u010din \u017eivljenja podrazumijeva prehranu proizvodima koji su biljnoga podrijetla, odijevanje odje\u0107e od prirodnih materijala, eko-ko\u017ee ili eko-krzna, kori\u0161tenje proizvoda koji nisu testirani na \u017eivotinjama, razvrstavanje otpada radi recikliranja, \u0161tedljivo postupanje s energijom i kori\u0161tenje obnovljivih izvora energije\u2026 [\/one_half_last][divider]<span style=\"color: #367313;\">Odr\u017eiv na\u010din prehrane<\/span> takav je da isklju\u010duje iskori\u0161tavanje i ubijanje \u017eivotinja, zna\u010dajno smanjuje iskori\u0161tavanje prirodnih resursa te po\u0161tuje na\u010din \u017eivota ljudi i drugih \u017eivih bi\u0107a.<\/p>\n<p>Za\u0161to ga zovemo odr\u017eiv? Zato \u0161to ljudska vrsta, \u017eivotinjske vrste, kao i cjelokupni ekosustav na\u0161ega planeta jedino tako imaju izgleda za opstanak.<\/p>\n<p>Pitanje prehrane u 21. stolje\u0107u postalo je pitanje opstanka ne samo ljudi, ve\u0107 i cijele prirode. Prelazak na bezmesnu prehranu zna\u010di mijenjati svijet mijenjanjem sebe, u vrlo doslovnom smislu. Evo kako to djeluje:<\/p>\n<p><span style=\"color: #367313;\">1. Izbacimo meso iz prehrane<\/span><br \/>\nSukladno stotinama istra\u017eivanja i znanstvenih studija, kao i empirijskih dokaza, smanjujemo rizik od bolesti sr\u010dano-krvo\u017eilnog sustava (sr\u010danog i mo\u017edanog udara, visokoga tlaka, embolije), raka i pretilosti. Izgledamo bolje, osje\u0107amo se bolje, \u017eivimo dulje.<\/p>\n<p><span style=\"color: #367313;\">2. Spasimo na tisu\u0107e \u017eivotinja<\/span><br \/>\nVrlo jednostavna ra\u010dunica. Sve one \u017eivotinje koje niste pojeli i \u010dije mlijeko niste popili, nisu ubijene. Patnja i zato\u010deni\u0161tvo, saka\u0107enje, bolest, smrt i o\u010daj, emocije su koje ve\u017eemo uz \u017eiva bi\u0107a \u010dija je to svakodnevica, a koja su spa\u0161ena va\u0161om odlukom da ne\u0107ete sudjelovati u takvom izrabljivanju. Obespravljenost, klanje, bol, trovanje, zlostavljanje nisu rije\u010di koje \u017eelite na svojem tanjuru. To nije ono \u010dime \u017eelite hraniti svoju djecu.<\/p>\n<p><span style=\"color: #367313;\">3. Smanjimo glad u svijetu<\/span><br \/>\nDobro ste pro\u010ditali. Na uzgoj i prehranu \u017eivotinja koje se iskori\u0161tavaju za meso, mlijeko i jaja tro\u0161i se golema koli\u010dina resursa; fosilnih goriva, struje, vode, a najvi\u0161e biljne hrane. Umjesto da 80% svjetskih uroda p\u0161enice i ostalih usjeva ide na tov \u017eivotinja, njima se mogu prehraniti gladni. I jo\u0161 bi ostalo.<\/p>\n<p><span style=\"color: #367313;\">4. Spasimo planet<\/span><br \/>\nUzgoj \u017eivotinja uzrokovao je gotovo 50% zaga\u0111enja vode u Europi. Cjelokupni svjetski promet manje utje\u010de na globalno zatopljenje od sto\u010darstva. Vi\u0161e od 20 milijuna hektara tropskih \u0161uma pretvoreno je u pa\u0161njake. Za proizvodnju samo 10 odrezaka potro\u0161i se koli\u010dina vode koja prosje\u010dnoj obitelji dostaje za cijelu godinu. Uzgoj \u017eivotinja za mesnu industriju uni\u0161tava na\u0161 planet.<\/p>\n<p><span style=\"color: #367313;\">5. Spasimo budu\u0107nost<\/span><br \/>\nVrijeme je, dakle, da okrenemo taj kota\u010d na drugu stranu: umjesto da podr\u017eavamo i ubrzavamo propadanje na\u0161ega planeta, siroma\u0161tvo, glad i bolest, u\u010dinimo suprotno. Prelazak na bezmesnu prehranu osigurava vam fizi\u010dko zdravlje i mirnu savjest, osigurava va\u0161oj djeci i djeci va\u0161e djece zdrav i o\u010duvan ekosustav &#8211; njihova budu\u0107nost je isklju\u010divo na\u0161a odgovornost.<br \/>\nVi\u0161e informacija o tome kako promijeniti na\u010din vlastite prehrane na www.prijatelji-zivotinja.hr i www.vegan.hr.<br \/>\n[quote width=&#8221;&#8221; align=&#8221;left&#8221;]<span style=\"color: #367313;\">\u017divjeti iskreno i suosje\u0107ajno afirmacija je \u017eivota, te predstavlja ispunjenje i radost.<\/span>[\/quote]<br \/>\n<!--:--><\/p>\n","protected":false},"excerpt":{"rendered":"<p>[one_half] Sustainable living is the life style where using natural resources in the purpose of human needs do not distort [&hellip;]<\/p>\n","protected":false},"author":1,"featured_media":0,"parent":0,"menu_order":0,"comment_status":"open","ping_status":"closed","template":"","meta":{"site-sidebar-layout":"default","site-content-layout":"","ast-site-content-layout":"default","site-content-style":"default","site-sidebar-style":"default","ast-global-header-display":"","ast-banner-title-visibility":"","ast-main-header-display":"","ast-hfb-above-header-display":"","ast-hfb-below-header-display":"","ast-hfb-mobile-header-display":"","site-post-title":"","ast-breadcrumbs-content":"","ast-featured-img":"","footer-sml-layout":"","ast-disable-related-posts":"","theme-transparent-header-meta":"","adv-header-id-meta":"","stick-header-meta":"","header-above-stick-meta":"","header-main-stick-meta":"","header-below-stick-meta":"","astra-migrate-meta-layouts":"default","ast-page-background-enabled":"default","ast-page-background-meta":{"desktop":{"background-color":"var(--ast-global-color-5)","background-image":"","background-repeat":"repeat","background-position":"center center","background-size":"auto","background-attachment":"scroll","background-type":"","background-media":"","overlay-type":"","overlay-color":"","overlay-opacity":"","overlay-gradient":""},"tablet":{"background-color":"","background-image":"","background-repeat":"repeat","background-position":"center center","background-size":"auto","background-attachment":"scroll","background-type":"","background-media":"","overlay-type":"","overlay-color":"","overlay-opacity":"","overlay-gradient":""},"mobile":{"background-color":"","background-image":"","background-repeat":"repeat","background-position":"center center","background-size":"auto","background-attachment":"scroll","background-type":"","background-media":"","overlay-type":"","overlay-color":"","overlay-opacity":"","overlay-gradient":""}},"ast-content-background-meta":{"desktop":{"background-color":"var(--ast-global-color-4)","background-image":"","background-repeat":"repeat","background-position":"center center","background-size":"auto","background-attachment":"scroll","background-type":"","background-media":"","overlay-type":"","overlay-color":"","overlay-opacity":"","overlay-gradient":""},"tablet":{"background-color":"var(--ast-global-color-4)","background-image":"","background-repeat":"repeat","background-position":"center center","background-size":"auto","background-attachment":"scroll","background-type":"","background-media":"","overlay-type":"","overlay-color":"","overlay-opacity":"","overlay-gradient":""},"mobile":{"background-color":"var(--ast-global-color-4)","background-image":"","background-repeat":"repeat","background-position":"center center","background-size":"auto","background-attachment":"scroll","background-type":"","background-media":"","overlay-type":"","overlay-color":"","overlay-opacity":"","overlay-gradient":""}},"footnotes":""},"class_list":["post-133","page","type-page","status-publish","hentry"],"_links":{"self":[{"href":"https:\/\/www.zegevege.com\/index.php?rest_route=\/wp\/v2\/pages\/133","targetHints":{"allow":["GET"]}}],"collection":[{"href":"https:\/\/www.zegevege.com\/index.php?rest_route=\/wp\/v2\/pages"}],"about":[{"href":"https:\/\/www.zegevege.com\/index.php?rest_route=\/wp\/v2\/types\/page"}],"author":[{"embeddable":true,"href":"https:\/\/www.zegevege.com\/index.php?rest_route=\/wp\/v2\/users\/1"}],"replies":[{"embeddable":true,"href":"https:\/\/www.zegevege.com\/index.php?rest_route=%2Fwp%2Fv2%2Fcomments&post=133"}],"version-history":[{"count":47,"href":"https:\/\/www.zegevege.com\/index.php?rest_route=\/wp\/v2\/pages\/133\/revisions"}],"predecessor-version":[{"id":4865,"href":"https:\/\/www.zegevege.com\/index.php?rest_route=\/wp\/v2\/pages\/133\/revisions\/4865"}],"wp:attachment":[{"href":"https:\/\/www.zegevege.com\/index.php?rest_route=%2Fwp%2Fv2%2Fmedia&parent=133"}],"curies":[{"name":"wp","href":"https:\/\/api.w.org\/{rel}","templated":true}]}}