{"id":24,"date":"2014-01-25T18:11:06","date_gmt":"2014-01-25T18:11:06","guid":{"rendered":"http:\/\/www.zegevege.com\/?page_id=24"},"modified":"2026-04-22T10:08:37","modified_gmt":"2026-04-22T10:08:37","slug":"program","status":"publish","type":"page","link":"https:\/\/www.zegevege.com\/?page_id=24","title":{"rendered":"Program"},"content":{"rendered":"\t\t<div data-elementor-type=\"wp-page\" data-elementor-id=\"24\" class=\"elementor elementor-24\">\n\t\t\t\t<div class=\"elementor-element elementor-element-97a4923 e-flex e-con-boxed e-con e-parent\" data-id=\"97a4923\" data-element_type=\"container\" data-e-type=\"container\">\n\t\t\t\t\t<div class=\"e-con-inner\">\n\t\t\t\t<div class=\"elementor-element elementor-element-350f05fe elementor-widget elementor-widget-text-editor\" data-id=\"350f05fe\" data-element_type=\"widget\" data-e-type=\"widget\" data-widget_type=\"text-editor.default\">\n\t\t\t\t\t\t\t\t\t<p><img decoding=\"async\" class=\"aligncenter size-medium wp-image-3677\" src=\"http:\/\/www.zegevege.com\/wp-content\/uploads\/2022\/09\/edukativni-razgovori-2021-scaled.jpg\" alt=\"ZeGeVege radionica\" \/><\/p><p><!--:--><\/p>\t\t\t\t\t\t\t\t<\/div>\n\t\t\t\t\t<\/div>\n\t\t\t\t<\/div>\n\t\t<div class=\"elementor-element elementor-element-74ab8f3 e-flex e-con-boxed e-con e-parent\" data-id=\"74ab8f3\" data-element_type=\"container\" data-e-type=\"container\">\n\t\t\t\t\t<div class=\"e-con-inner\">\n\t\t\t\t<div class=\"elementor-element elementor-element-29ee251 elementor-widget elementor-widget-n-accordion\" data-id=\"29ee251\" data-element_type=\"widget\" data-e-type=\"widget\" data-settings=\"{&quot;default_state&quot;:&quot;expanded&quot;,&quot;max_items_expended&quot;:&quot;one&quot;,&quot;n_accordion_animation_duration&quot;:{&quot;unit&quot;:&quot;ms&quot;,&quot;size&quot;:400,&quot;sizes&quot;:[]}}\" data-widget_type=\"nested-accordion.default\">\n\t\t\t\t\t\t\t<div class=\"e-n-accordion\" aria-label=\"Accordion. Open links with Enter or Space, close with Escape, and navigate with Arrow Keys\">\n\t\t\t\t\t\t<details id=\"e-n-accordion-item-4390\" class=\"e-n-accordion-item\" open>\n\t\t\t\t<summary class=\"e-n-accordion-item-title\" data-accordion-index=\"1\" tabindex=\"0\" aria-expanded=\"true\" aria-controls=\"e-n-accordion-item-4390\" >\n\t\t\t\t\t<span class='e-n-accordion-item-title-header'><div class=\"e-n-accordion-item-title-text\"> 05. 9. 2025. Petak <\/div><\/span>\n\t\t\t\t\t\t\t<span class='e-n-accordion-item-title-icon'>\n\t\t\t<span class='e-opened' ><svg aria-hidden=\"true\" class=\"e-font-icon-svg e-fas-minus\" viewBox=\"0 0 448 512\" xmlns=\"http:\/\/www.w3.org\/2000\/svg\"><path d=\"M416 208H32c-17.67 0-32 14.33-32 32v32c0 17.67 14.33 32 32 32h384c17.67 0 32-14.33 32-32v-32c0-17.67-14.33-32-32-32z\"><\/path><\/svg><\/span>\n\t\t\t<span class='e-closed'><svg aria-hidden=\"true\" class=\"e-font-icon-svg e-fas-plus\" viewBox=\"0 0 448 512\" xmlns=\"http:\/\/www.w3.org\/2000\/svg\"><path d=\"M416 208H272V64c0-17.67-14.33-32-32-32h-32c-17.67 0-32 14.33-32 32v144H32c-17.67 0-32 14.33-32 32v32c0 17.67 14.33 32 32 32h144v144c0 17.67 14.33 32 32 32h32c17.67 0 32-14.33 32-32V304h144c17.67 0 32-14.33 32-32v-32c0-17.67-14.33-32-32-32z\"><\/path><\/svg><\/span>\n\t\t<\/span>\n\n\t\t\t\t\t\t<\/summary>\n\t\t\t\t<div role=\"region\" aria-labelledby=\"e-n-accordion-item-4390\" class=\"elementor-element elementor-element-e620825 e-con-full e-flex e-con e-child\" data-id=\"e620825\" data-element_type=\"container\" data-e-type=\"container\">\n\t\t<div role=\"region\" aria-labelledby=\"e-n-accordion-item-4390\" class=\"elementor-element elementor-element-c61e697 e-flex e-con-boxed e-con e-child\" data-id=\"c61e697\" data-element_type=\"container\" data-e-type=\"container\">\n\t\t\t\t\t<div class=\"e-con-inner\">\n\t\t\t\t\t\t\t\t<p class=\"e-paragraph-base\" data-interaction-id=\"d8ff607\"  >\n\t\t\t\t\t\t\t\t13:30 \u2013 13:45 dr. med. vet. Tatjana Zajec \u2013 O \u017eivotinjama, veganstvu i alpinizmu<br>14:00 nagradni kviz dm-a<br>16:30 \u2013 16:45 Luka Savi\u0107 \u2013 Budu\u0107nost je u kaktusu, jabuci i miceliju, a ne u klaonici<br>17:00 \u2013 17:15 Suzana Bedi\u0107 \u2013 Aktivizam za \u017eivotinje u Hrvatskoj i inicijativa WTF<br>17:30 \u2013 17:45 univ. bacc. biol. Nikolina Kanjer (Cruelty Free Biologist) \u2013 Vodi\u010d za cruelty-free \u017eivot<br>18:00 \u2013 18:15 Ivana Surjan Mitrovi\u0107 (Mama Veganka) \u2013 Pri\u010de mame veganke<br>18:30 \u2013 18:45 Petar I\u017eakovi\u0107 (Udruga Pobjede) \u2013 Suosje\u0107anje kao temelj promjene<br>19:00 \u2013 19:15 Ivana Mr\u010dela \u2013 \u017denska solidarnost i veganstvo<br>19:30 \u2013 19:45 Tin Rudni\u010dki \u2013 Kultivirano meso je hrana budu\u0107nosti\n\t\t\t\t\t<\/p>\n\t\t\t\t\t<\/div>\n\t\t\t\t<\/div>\n\t\t\t\t<\/div>\n\t\t\t\t\t<\/details>\n\t\t\t\t\t\t<details id=\"e-n-accordion-item-4391\" class=\"e-n-accordion-item\" >\n\t\t\t\t<summary class=\"e-n-accordion-item-title\" data-accordion-index=\"2\" tabindex=\"-1\" aria-expanded=\"false\" aria-controls=\"e-n-accordion-item-4391\" >\n\t\t\t\t\t<span class='e-n-accordion-item-title-header'><div class=\"e-n-accordion-item-title-text\"> 06. 9. 2025. Subota <\/div><\/span>\n\t\t\t\t\t\t\t<span class='e-n-accordion-item-title-icon'>\n\t\t\t<span class='e-opened' ><svg aria-hidden=\"true\" class=\"e-font-icon-svg e-fas-minus\" viewBox=\"0 0 448 512\" xmlns=\"http:\/\/www.w3.org\/2000\/svg\"><path d=\"M416 208H32c-17.67 0-32 14.33-32 32v32c0 17.67 14.33 32 32 32h384c17.67 0 32-14.33 32-32v-32c0-17.67-14.33-32-32-32z\"><\/path><\/svg><\/span>\n\t\t\t<span class='e-closed'><svg aria-hidden=\"true\" class=\"e-font-icon-svg e-fas-plus\" viewBox=\"0 0 448 512\" xmlns=\"http:\/\/www.w3.org\/2000\/svg\"><path d=\"M416 208H272V64c0-17.67-14.33-32-32-32h-32c-17.67 0-32 14.33-32 32v144H32c-17.67 0-32 14.33-32 32v32c0 17.67 14.33 32 32 32h144v144c0 17.67 14.33 32 32 32h32c17.67 0 32-14.33 32-32V304h144c17.67 0 32-14.33 32-32v-32c0-17.67-14.33-32-32-32z\"><\/path><\/svg><\/span>\n\t\t<\/span>\n\n\t\t\t\t\t\t<\/summary>\n\t\t\t\t<div role=\"region\" aria-labelledby=\"e-n-accordion-item-4391\" class=\"elementor-element elementor-element-b3421fe e-con-full e-flex e-con e-child\" data-id=\"b3421fe\" data-element_type=\"container\" data-e-type=\"container\">\n\t\t<div role=\"region\" aria-labelledby=\"e-n-accordion-item-4391\" class=\"elementor-element elementor-element-f968a11 e-flex e-con-boxed e-con e-child\" data-id=\"f968a11\" data-element_type=\"container\" data-e-type=\"container\">\n\t\t\t\t\t<div class=\"e-con-inner\">\n\t\t\t\t\t\t\t\t<p class=\"e-paragraph-base\" data-interaction-id=\"704af23\"  >\n\t\t\t\t\t\t\t\t114:30 \u2013 15:00 Dragan \u0160urlan \u2013 Feel-Good Vegan Life<br>15:00 nagradni kviz dm-a<br>16:30 \u2013 16:45 Ana \u0160pac \u2013 Prednosti biljnih proteina u sportu<br>17:00 \u2013 17:15 Kruno Pekas (Vrtlar Kruno) \u2013 Za\u0161tita opra\u0161iva\u010da u gradu, vrtu i na balkonu<br>17:30 \u2013 17:45 dr. sc. Suzana Marjani\u0107 \u2013 Zoo\u017eivoti: antrozoologija i kritika kapitalocena<br>18:00 \u2013 18:30 Damjanka Terstenjak (Socijalna zadruga Humana Nova) \u2013 RADIONICA: Kreativno recikliranje<br>19:00 \u2013 19:15 Sanja Bilas \u2013 Veganska kuharica iz Istre<br>19:30 \u2013 19:45 Mirna Herman (Prava \u0161apa) \u2013 Mic po mic do skloni\u0161ta za ma\u010dke<br>20:00 Izvedba indijskog klasi\u010dnog plesa \u2013 Kuchipudi\n\t\t\t\t\t<\/p>\n\t\t\t\t\t<\/div>\n\t\t\t\t<\/div>\n\t\t\t\t<\/div>\n\t\t\t\t\t<\/details>\n\t\t\t\t\t\t<details id=\"e-n-accordion-item-4392\" class=\"e-n-accordion-item\" >\n\t\t\t\t<summary class=\"e-n-accordion-item-title\" data-accordion-index=\"3\" tabindex=\"-1\" aria-expanded=\"false\" aria-controls=\"e-n-accordion-item-4392\" >\n\t\t\t\t\t<span class='e-n-accordion-item-title-header'><div class=\"e-n-accordion-item-title-text\"> 07. 9. 2025. Nedjelja <\/div><\/span>\n\t\t\t\t\t\t\t<span class='e-n-accordion-item-title-icon'>\n\t\t\t<span class='e-opened' ><svg aria-hidden=\"true\" class=\"e-font-icon-svg e-fas-minus\" viewBox=\"0 0 448 512\" xmlns=\"http:\/\/www.w3.org\/2000\/svg\"><path d=\"M416 208H32c-17.67 0-32 14.33-32 32v32c0 17.67 14.33 32 32 32h384c17.67 0 32-14.33 32-32v-32c0-17.67-14.33-32-32-32z\"><\/path><\/svg><\/span>\n\t\t\t<span class='e-closed'><svg aria-hidden=\"true\" class=\"e-font-icon-svg e-fas-plus\" viewBox=\"0 0 448 512\" xmlns=\"http:\/\/www.w3.org\/2000\/svg\"><path d=\"M416 208H272V64c0-17.67-14.33-32-32-32h-32c-17.67 0-32 14.33-32 32v144H32c-17.67 0-32 14.33-32 32v32c0 17.67 14.33 32 32 32h144v144c0 17.67 14.33 32 32 32h32c17.67 0 32-14.33 32-32V304h144c17.67 0 32-14.33 32-32v-32c0-17.67-14.33-32-32-32z\"><\/path><\/svg><\/span>\n\t\t<\/span>\n\n\t\t\t\t\t\t<\/summary>\n\t\t\t\t<div role=\"region\" aria-labelledby=\"e-n-accordion-item-4392\" class=\"elementor-element elementor-element-8586139 e-con-full e-flex e-con e-child\" data-id=\"8586139\" data-element_type=\"container\" data-e-type=\"container\">\n\t\t<div role=\"region\" aria-labelledby=\"e-n-accordion-item-4392\" class=\"elementor-element elementor-element-19ac475 e-flex e-con-boxed e-con e-child\" data-id=\"19ac475\" data-element_type=\"container\" data-e-type=\"container\">\n\t\t\t\t\t<div class=\"e-con-inner\">\n\t\t\t\t\t\t\t\t<p class=\"e-paragraph-base\" data-interaction-id=\"6def61d\"  >\n\t\t\t\t\t\t\t\t10:00 \u2013 10:45 Robert Franciszty \u2013 FLEISCHMASCHINE: \u010cajanka kod Ludog \u0160e\u0161ird\u017eije (performans i razgovor s umjetnikom)<br>11:00 \u2013 11:30 Maja Ljubas i Iva Jane\u0161 \u2013 Zeleni \u017eivot vege mama<br>12:00 \u2013 12:30 Ana \u0160tefulj i Bojan Kulji\u0107 \u2013 Biljno gorivo za sportske uspjehe<br>13:00 \u2013 13:15 Luka Savi\u0107 \u2013 Horor mlije\u010dne industrije<br>13:15 \u2013 13:30 Radomir Ostoji\u0107 \u2013 Moj put do veganstva<br>15:00 nagradni kviz dm-a\n\t\t\t\t\t<\/p>\n\t\t\t\t\t<\/div>\n\t\t\t\t<\/div>\n\t\t\t\t<\/div>\n\t\t\t\t\t<\/details>\n\t\t\t\t\t<\/div>\n\t\t\t\t\t\t<\/div>\n\t\t\t\t\t<\/div>\n\t\t\t\t<\/div>\n\t\t<div class=\"elementor-element elementor-element-941d918 e-flex e-con-boxed e-con e-parent\" data-id=\"941d918\" data-element_type=\"container\" data-e-type=\"container\">\n\t\t\t\t\t<div class=\"e-con-inner\">\n\t\t\t\t\t\t\t\t<p class=\"e-paragraph-base\" data-interaction-id=\"b5d3736\"  >\n\t\t\t\t\t\t\t\t<strong id=\"e-mo8twilt-795xuj9\">Pro\u010ditajte i preuzmite <\/strong><a target=\"_blank\" href=\"http:\/\/www.zegevege.com\/wp-content\/uploads\/2025\/09\/zgvg-brosura-2025_compressed.pdf\" id=\"e-mo8twilt-vaxda58\"><strong id=\"e-mo8twilt-2e8fj3q\"><u id=\"e-mo8twilt-sfgk2xt\">bro\u0161uru ZeGeVege festivala 2025.<\/u><\/strong><\/a>\n\t\t\t\t\t<\/p>\n\t\t\t\t\t<\/div>\n\t\t\t\t<\/div>\n\t\t<div class=\"elementor-element elementor-element-e34f0cd e-flex e-con-boxed e-con e-parent\" data-id=\"e34f0cd\" data-element_type=\"container\" data-e-type=\"container\">\n\t\t\t\t\t<div class=\"e-con-inner\">\n\t\t\t\t<div class=\"elementor-element elementor-element-1500e32 elementor-widget elementor-widget-sidebar\" data-id=\"1500e32\" data-element_type=\"widget\" data-e-type=\"widget\" data-widget_type=\"sidebar.default\">\n\t\t\t\t\t<aside id=\"block-6\" class=\"widget widget_block\"><h2 class=\"widgettitle\">Arhiva programa<\/h2>\n\n<a href=\"https:\/\/www.zegevege.com\/?page_id=4776\">Program 2024.<\/a> <\/br>\n<a href=\"http:\/\/www.zegevege.com\/?page_id=4576\">Program 2023.<\/a>\n<\/br>\n\n\n<a href=\"http:\/\/www.zegevege.com\/?page_id=4508\">Program 2022.<\/a>\n<\/br>\n\n<a href=\"http:\/\/www.zegevege.com\/?page_id=4374\">Program 2021.<\/a>\n<\/br>\n<a href=\"http:\/\/www.zegevege.com\/?page_id=4178\">Program 2019.<\/a>\n<\/br>\n<a href=\"http:\/\/www.zegevege.com\/?page_id=3811\">Program 2018.<\/a>\n<\/br>\n<a href=\"http:\/\/www.zegevege.com\/?page_id=3455\">Program 2017.<\/a>\n<\/br>\n<a href=\"http:\/\/www.zegevege.com\/?page_id=3249\">Program 2016.<\/a>\n<\/br>\n<a href=\"http:\/\/www.zegevege.com\/?page_id=3739\">Program 2015.<\/a>\n<\/br>\n<a href=\"http:\/\/www.zegevege.com\/?page_id=3742\">Program 2014.<\/a>\n<\/br>\n<a href=\"http:\/\/www.zegevege.com\/?page_id=3752\">Program 2013.<\/a>\n<\/br>\n<a href=\"http:\/\/www.zegevege.com\/?page_id=3755\">Program 2012.<\/a>\n<\/br>\n<a href=\"http:\/\/www.zegevege.com\/?page_id=3757\">Program 2011.<\/a>\n<\/br><\/aside>\t\t\t\t<\/div>\n\t\t\t\t\t<\/div>\n\t\t\t\t<\/div>\n\t\t\t\t<\/div>\n\t\t","protected":false},"excerpt":{"rendered":"<p>05. 9. 2025. Petak 13:30 \u2013 13:45 dr. med. vet. Tatjana Zajec \u2013 O \u017eivotinjama, veganstvu i alpinizmu14:00 nagradni kviz [&hellip;]<\/p>\n","protected":false},"author":1,"featured_media":0,"parent":0,"menu_order":0,"comment_status":"closed","ping_status":"closed","template":"","meta":{"site-sidebar-layout":"default","site-content-layout":"","ast-site-content-layout":"default","site-content-style":"default","site-sidebar-style":"default","ast-global-header-display":"","ast-banner-title-visibility":"","ast-main-header-display":"","ast-hfb-above-header-display":"","ast-hfb-below-header-display":"","ast-hfb-mobile-header-display":"","site-post-title":"","ast-breadcrumbs-content":"","ast-featured-img":"","footer-sml-layout":"","ast-disable-related-posts":"","theme-transparent-header-meta":"","adv-header-id-meta":"","stick-header-meta":"","header-above-stick-meta":"","header-main-stick-meta":"","header-below-stick-meta":"","astra-migrate-meta-layouts":"default","ast-page-background-enabled":"default","ast-page-background-meta":{"desktop":{"background-color":"var(--ast-global-color-5)","background-image":"","background-repeat":"repeat","background-position":"center center","background-size":"auto","background-attachment":"scroll","background-type":"","background-media":"","overlay-type":"","overlay-color":"","overlay-opacity":"","overlay-gradient":""},"tablet":{"background-color":"","background-image":"","background-repeat":"repeat","background-position":"center center","background-size":"auto","background-attachment":"scroll","background-type":"","background-media":"","overlay-type":"","overlay-color":"","overlay-opacity":"","overlay-gradient":""},"mobile":{"background-color":"","background-image":"","background-repeat":"repeat","background-position":"center center","background-size":"auto","background-attachment":"scroll","background-type":"","background-media":"","overlay-type":"","overlay-color":"","overlay-opacity":"","overlay-gradient":""}},"ast-content-background-meta":{"desktop":{"background-color":"var(--ast-global-color-4)","background-image":"","background-repeat":"repeat","background-position":"center center","background-size":"auto","background-attachment":"scroll","background-type":"","background-media":"","overlay-type":"","overlay-color":"","overlay-opacity":"","overlay-gradient":""},"tablet":{"background-color":"var(--ast-global-color-4)","background-image":"","background-repeat":"repeat","background-position":"center center","background-size":"auto","background-attachment":"scroll","background-type":"","background-media":"","overlay-type":"","overlay-color":"","overlay-opacity":"","overlay-gradient":""},"mobile":{"background-color":"var(--ast-global-color-4)","background-image":"","background-repeat":"repeat","background-position":"center center","background-size":"auto","background-attachment":"scroll","background-type":"","background-media":"","overlay-type":"","overlay-color":"","overlay-opacity":"","overlay-gradient":""}},"footnotes":""},"class_list":["post-24","page","type-page","status-publish","hentry"],"_links":{"self":[{"href":"https:\/\/www.zegevege.com\/index.php?rest_route=\/wp\/v2\/pages\/24","targetHints":{"allow":["GET"]}}],"collection":[{"href":"https:\/\/www.zegevege.com\/index.php?rest_route=\/wp\/v2\/pages"}],"about":[{"href":"https:\/\/www.zegevege.com\/index.php?rest_route=\/wp\/v2\/types\/page"}],"author":[{"embeddable":true,"href":"https:\/\/www.zegevege.com\/index.php?rest_route=\/wp\/v2\/users\/1"}],"replies":[{"embeddable":true,"href":"https:\/\/www.zegevege.com\/index.php?rest_route=%2Fwp%2Fv2%2Fcomments&post=24"}],"version-history":[{"count":135,"href":"https:\/\/www.zegevege.com\/index.php?rest_route=\/wp\/v2\/pages\/24\/revisions"}],"predecessor-version":[{"id":4991,"href":"https:\/\/www.zegevege.com\/index.php?rest_route=\/wp\/v2\/pages\/24\/revisions\/4991"}],"wp:attachment":[{"href":"https:\/\/www.zegevege.com\/index.php?rest_route=%2Fwp%2Fv2%2Fmedia&parent=24"}],"curies":[{"name":"wp","href":"https:\/\/api.w.org\/{rel}","templated":true}]}}