{"id":3455,"date":"2017-10-09T12:39:34","date_gmt":"2017-10-09T12:39:34","guid":{"rendered":"http:\/\/www.zegevege.com\/?page_id=3455"},"modified":"2026-04-21T13:17:27","modified_gmt":"2026-04-21T13:17:27","slug":"english-program","status":"publish","type":"page","link":"https:\/\/www.zegevege.com\/?page_id=3455","title":{"rendered":"Program 2017."},"content":{"rendered":"<p><!--:hr--><br \/>\n[frame_center src=&#8221;http:\/\/www.zegevege.com\/wp-content\/uploads\/2014\/01\/Izvodjaci.jpg&#8221; href=&#8221;&#8221;]Izvo\u0111a\u010di[\/frame_center]<br \/>\n[accordion title=&#8221;8. 9. Petak&#8221; close=&#8221;1&#8243;]<br \/>\n09:00 Otvaranje festivala<br \/>\n18:40 Fusion<br \/>\n19:00 GiankStyle Dance Crew<br \/>\n19:15 Back to Swing<br \/>\n20:00 Atomic dance factory<br \/>\n20:20 SOSS<br \/>\n20:50 GiankStyle Dance Crew<br \/>\n[\/accordion]<\/p>\n<p>[accordion title=&#8221;9. 9. Subota&#8221; close=&#8221;1&#8243;]<br \/>\n09:00 Joga u svakodnevnom \u017eivotu<br \/>\n10:10 Zumba Fitness by Jelena Dikli\u0107<br \/>\n11:20 Mofit<br \/>\n17:30 Plesni punktovi Zagreb<br \/>\n18:00 GiankStyle Dance Crew<br \/>\n18:20 Jete<br \/>\n18:50 GiankStyle Dance Crew<br \/>\n[\/accordion]<\/p>\n<p>[frame_center src=&#8221;http:\/\/www.zegevege.com\/wp-content\/uploads\/2014\/01\/Radionica.jpg&#8221;]<a href=\"http:\/\/www.zegevege.com\/?p=3402\"><span style=\"color: #367313;\">Predavanja i radionice<\/span><\/a>[\/frame_center]<br \/>\n[accordion title=&#8221;8. 9. Petak&#8221; close=&#8221;1&#8243;]<br \/>\n9:00 Jelena Toma\u0161evi\u0107 \u2013 Prevladavanje predrasuda o veganskoj prehrani<br \/>\n10:00 Svantevid \u2013 Prirodna njega ko\u017ee i kose nakon ljeta (radionica)<br \/>\n11:00 Agneza Le\u0161dedaj \u2013 Su\u017eivot sa \u017eivotinjama spa\u0161enima s farma<br \/>\n12:00 Anita Petrovi\u0107 \u2013 Bez jaja = bez problema (radionica)<br \/>\n13:00 Udruga Pobjede \u2013 Na azilskoj veganskoj kavi, najboljoj na svijetu!<br \/>\n14:00 Vladimira Vlatka Frketi\u0107 (Makronova) \u2013 Kvalitetni biljni izvori bjelan\u010devina (radionica)<br \/>\n15:00 Goran Majeti\u0107 \u2013 Veganstvom do slobode<br \/>\n16:00 Sne\u017eana Milovanovi\u0107 (Sloboda za \u017eivotinje) \u2013 Komunikacija sa \u017eivotinjama i veganstvo 17:00 Anita Euschen \u2013 \u010cokoladna halava (radionica)<br \/>\n18:00 Hrana, a ne oru\u017eje \u2013 Samoorganizacija, direktna akcija, solidarnost<br \/>\n19:00 Mislav Skrepnik \u2013 Fitness i veganstvo \u2013 znanost i praksa<br \/>\n20:00 Vedran Romac \u2013 Bajka o sretnoj kravici i veselom teletu<\/p>\n<p><a href=\"http:\/\/www.zegevege.com\/?p=3402\"><span style=\"color: #367313;\">Detaljniji opisi predavanja i radionica.<\/span><\/a><\/p>\n<p>[\/accordion]<\/p>\n<p>[accordion title=&#8221; 9. 9. Subota&#8221; close=&#8221;1&#8243;]<br \/>\n9:00 Nikolina Plenar \u2013 \u0160nenokle bez jaja (radionica)<br \/>\n10:00 Marijana Jerkovi\u0107 \u2013 Roditelji vegani. A djeca?<br \/>\n11:00 Mihaela Devescovi \u2013 Sirova \u010dokolada (radionica)<br \/>\n12:00 Irena Mik\u0161i\u0107 \u2013 Seks i veganstvo<br \/>\n13:00 Ivana Surjan Mitrovi\u0107 (Mama Veganka) \u2013 Bademovo mlijeko (radionica)<br \/>\n14:00 mag. nutr. Ivana \u0160imi\u0107 \u2013 Osnove veganske prehrane u dje\u010djoj dobi<br \/>\n15:00 Ana Janjatovi\u0107 Zorica (Makronova) \u2013 Supertrikovi za zdravo veganstvo<br \/>\n16:00 Ivana Rukavina \u2013 Doma\u0107e veganske pa\u0161tete za zaposlene gurmane (radionica)<br \/>\n17:00 Ana Laura Kapetanovi\u0107 \u2013 Bilo kuda, veganka svuda: Izazovi veganke u manekenskoj profesiji<br \/>\n18:00 Dragan \u0160urlan \u2013 VEGAN THUGZ: s kau\u010da do uto\u010di\u0161ta \u2013 dru\u017eenje, kuhanje i pomaganje \u017eivotinjama<\/p>\n<p><a href=\"http:\/\/www.zegevege.com\/?p=3402\"><span style=\"color: #367313;\">Detaljniji opisi predavanja i radionica.<\/span><\/a><br \/>\n[\/accordion]<\/p>\n<p><!--:--><\/p>\n","protected":false},"excerpt":{"rendered":"<p>[frame_center src=&#8221;http:\/\/www.zegevege.com\/wp-content\/uploads\/2014\/01\/Izvodjaci.jpg&#8221; href=&#8221;&#8221;]Izvo\u0111a\u010di[\/frame_center] [accordion title=&#8221;8. 9. Petak&#8221; close=&#8221;1&#8243;] 09:00 Otvaranje festivala 18:40 Fusion 19:00 GiankStyle Dance Crew 19:15 Back to [&hellip;]<\/p>\n","protected":false},"author":1,"featured_media":0,"parent":0,"menu_order":0,"comment_status":"closed","ping_status":"closed","template":"","meta":{"site-sidebar-layout":"default","site-content-layout":"","ast-site-content-layout":"default","site-content-style":"default","site-sidebar-style":"default","ast-global-header-display":"","ast-banner-title-visibility":"","ast-main-header-display":"","ast-hfb-above-header-display":"","ast-hfb-below-header-display":"","ast-hfb-mobile-header-display":"","site-post-title":"","ast-breadcrumbs-content":"","ast-featured-img":"","footer-sml-layout":"","ast-disable-related-posts":"","theme-transparent-header-meta":"","adv-header-id-meta":"","stick-header-meta":"","header-above-stick-meta":"","header-main-stick-meta":"","header-below-stick-meta":"","astra-migrate-meta-layouts":"default","ast-page-background-enabled":"default","ast-page-background-meta":{"desktop":{"background-color":"var(--ast-global-color-5)","background-image":"","background-repeat":"repeat","background-position":"center center","background-size":"auto","background-attachment":"scroll","background-type":"","background-media":"","overlay-type":"","overlay-color":"","overlay-opacity":"","overlay-gradient":""},"tablet":{"background-color":"","background-image":"","background-repeat":"repeat","background-position":"center center","background-size":"auto","background-attachment":"scroll","background-type":"","background-media":"","overlay-type":"","overlay-color":"","overlay-opacity":"","overlay-gradient":""},"mobile":{"background-color":"","background-image":"","background-repeat":"repeat","background-position":"center center","background-size":"auto","background-attachment":"scroll","background-type":"","background-media":"","overlay-type":"","overlay-color":"","overlay-opacity":"","overlay-gradient":""}},"ast-content-background-meta":{"desktop":{"background-color":"var(--ast-global-color-4)","background-image":"","background-repeat":"repeat","background-position":"center center","background-size":"auto","background-attachment":"scroll","background-type":"","background-media":"","overlay-type":"","overlay-color":"","overlay-opacity":"","overlay-gradient":""},"tablet":{"background-color":"var(--ast-global-color-4)","background-image":"","background-repeat":"repeat","background-position":"center center","background-size":"auto","background-attachment":"scroll","background-type":"","background-media":"","overlay-type":"","overlay-color":"","overlay-opacity":"","overlay-gradient":""},"mobile":{"background-color":"var(--ast-global-color-4)","background-image":"","background-repeat":"repeat","background-position":"center center","background-size":"auto","background-attachment":"scroll","background-type":"","background-media":"","overlay-type":"","overlay-color":"","overlay-opacity":"","overlay-gradient":""}},"footnotes":""},"class_list":["post-3455","page","type-page","status-publish","hentry"],"_links":{"self":[{"href":"https:\/\/www.zegevege.com\/index.php?rest_route=\/wp\/v2\/pages\/3455","targetHints":{"allow":["GET"]}}],"collection":[{"href":"https:\/\/www.zegevege.com\/index.php?rest_route=\/wp\/v2\/pages"}],"about":[{"href":"https:\/\/www.zegevege.com\/index.php?rest_route=\/wp\/v2\/types\/page"}],"author":[{"embeddable":true,"href":"https:\/\/www.zegevege.com\/index.php?rest_route=\/wp\/v2\/users\/1"}],"replies":[{"embeddable":true,"href":"https:\/\/www.zegevege.com\/index.php?rest_route=%2Fwp%2Fv2%2Fcomments&post=3455"}],"version-history":[{"count":13,"href":"https:\/\/www.zegevege.com\/index.php?rest_route=\/wp\/v2\/pages\/3455\/revisions"}],"predecessor-version":[{"id":4870,"href":"https:\/\/www.zegevege.com\/index.php?rest_route=\/wp\/v2\/pages\/3455\/revisions\/4870"}],"wp:attachment":[{"href":"https:\/\/www.zegevege.com\/index.php?rest_route=%2Fwp%2Fv2%2Fmedia&parent=3455"}],"curies":[{"name":"wp","href":"https:\/\/api.w.org\/{rel}","templated":true}]}}