{"id":3472,"date":"2017-10-09T13:09:41","date_gmt":"2017-10-09T13:09:41","guid":{"rendered":"http:\/\/www.zegevege.com\/?page_id=3472"},"modified":"2026-04-21T12:26:28","modified_gmt":"2026-04-21T12:26:28","slug":"sudionici-2017","status":"publish","type":"page","link":"https:\/\/www.zegevege.com\/?page_id=3472","title":{"rendered":"Sudionici 2017."},"content":{"rendered":"<p><!--:hr-->[accordion title=&#8221;Generalni sponzor&#8221; close=&#8221;1&#8243;]\n<table id=\"tablepress-18\" class=\"tablepress tablepress-id-18\">\n<tbody>\n<tr class=\"row-1\">\n\t<td class=\"column-1\"><\/td><td class=\"column-2\"><img decoding=\"async\" src=\"http:\/\/www.zegevege.com\/wp-content\/uploads\/2017\/07\/Veggie-Spar-logo-1.jpg\" alt=\"Veggie Spar\" width=\"180\" height=\"80\" class=\"aligncenter size-full wp-image-1639\" \/><\/td><td class=\"column-3\"><\/td>\n<\/tr>\n<\/tbody>\n<\/table>\n<!-- #tablepress-18 from cache -->[\/accordion]<\/p>\n<p>[accordion title=&#8221;Izlaga\u010di&#8221; close=&#8221;1&#8243;]\n<table id=\"tablepress-17\" class=\"tablepress tablepress-id-17\">\n<tbody>\n<tr class=\"row-1\">\n\t<td class=\"column-1\"><\/td><td class=\"column-2\"><img decoding=\"async\" src=\"http:\/\/www.zegevege.com\/wp-content\/uploads\/2017\/07\/Veggie-Spar-logo.jpg\" alt=\"Veggie Spar logo\" width=\"180\" height=\"122\" class=\"aligncenter size-full wp-image-1648\" \/><\/td><td class=\"column-3\"><\/td>\n<\/tr>\n<tr class=\"row-2\">\n\t<td class=\"column-1\"><\/td><td class=\"column-2\"><img decoding=\"async\" src=\"http:\/\/www.zegevege.com\/wp-content\/uploads\/2017\/09\/bibiologo.png\" alt=\"bio&amp;bio logo\" width=\"180\" height=\"122\" class=\"aligncenter size-full wp-image-3430\" \/><\/td><td class=\"column-3\"><\/td>\n<\/tr>\n<tr class=\"row-3\">\n\t<td class=\"column-1\"><\/td><td class=\"column-2\"><img loading=\"lazy\" decoding=\"async\" src=\"http:\/\/www.zegevege.com\/wp-content\/uploads\/2016\/08\/DM-logo-web.jpg\" alt=\"\" width=\"180\" height=\"122\" class=\"aligncenter size-full wp-image-1648\" \/><\/td><td class=\"column-3\"><\/td>\n<\/tr>\n<tr class=\"row-4\">\n\t<td class=\"column-1\"><img loading=\"lazy\" decoding=\"async\" src=\"http:\/\/www.zegevege.com\/wp-content\/uploads\/2015\/07\/Encian.jpg\" alt=\"Encian logo\" width=\"180\" height=\"122\" class=\"aligncenter size-full wp-image-1505\" \/><\/td><td class=\"column-2\"><img loading=\"lazy\" decoding=\"async\" src=\"http:\/\/www.zegevege.com\/wp-content\/uploads\/2014\/07\/Alpro-300x203.jpg\" alt=\"Alpro logo\" width=\"180\" height=\"122\" class=\"aligncenter size-medium wp-image-1507\" srcset=\"https:\/\/www.zegevege.com\/wp-content\/uploads\/2014\/07\/Alpro-300x203.jpg 300w, https:\/\/www.zegevege.com\/wp-content\/uploads\/2014\/07\/Alpro.jpg 326w\" sizes=\"(max-width: 180px) 100vw, 180px\" \/><\/td><td class=\"column-3\"><img loading=\"lazy\" decoding=\"async\" src=\"http:\/\/www.zegevege.com\/wp-content\/uploads\/2015\/08\/ZrnoEkoImanje.png\" alt=\"Zrno Eko imanje logo\" width=\"180\" height=\"122\" class=\"aligncenter size-full wp-image-1648\" \/><\/td>\n<\/tr>\n<tr class=\"row-5\">\n\t<td class=\"column-1\"><img loading=\"lazy\" decoding=\"async\" src=\"http:\/\/www.zegevege.com\/wp-content\/uploads\/2017\/07\/tzh-logo.png\" alt=\"Tvornica zdrave hrane logo\" width=\"180\" height=\"122\" class=\"aligncenter size-full wp-image-1648\" \/><\/td><td class=\"column-2\"><img loading=\"lazy\" decoding=\"async\" src=\"http:\/\/www.zegevege.com\/wp-content\/uploads\/2017\/08\/termomix.jpg\" alt=\"Thermomix\" width=\"180\" height=\"122\" class=\"aligncenter size-full wp-image-1648\" \/><\/td><td class=\"column-3\"><img loading=\"lazy\" decoding=\"async\" src=\"http:\/\/www.zegevege.com\/wp-content\/uploads\/2017\/08\/doomsday-logo.png\" alt=\"Doomsday pizza logo\" width=\"180\" height=\"122\" class=\"aligncenter size-full wp-image-3373\" \/><\/td>\n<\/tr>\n<\/tbody>\n<\/table>\n<!-- #tablepress-17 from cache --><\/p>\n<ul>\n<li>OPG Mati\u0107<\/li>\n<li>OPG Dobo\u0161i\u0107<\/li>\n<li>Franck<\/li>\n<li>OPG Siladi<\/li>\n<li>Vegehop<\/li>\n<li>Advent<\/li>\n<li>Udruga za dobrobit i za\u0161titu ma\u010daka S.O.S. Cat<\/li>\n<li>Enzita<\/li>\n<li>Nutrimedica<\/li>\n<li>Rasayana<\/li>\n<li>Simple Green<\/li>\n<liPlavi kri\u017e<\/li>\n<li>OPG Hukavec Martina<\/li>\n<li>Glas \u017eivotinja<\/li>\n<li>OPG Grabar Josip<\/li>\n<li>OPG Pereglin <\/li>\n<li>Nila media grupa<\/li>\n<li>Nutrisun &#8211; Margit Payrhuber<\/li>\n<li>OPG Vadlja<\/li>\n<li>Organica Vita<\/li>\n<li>Udruga Ayurvedom do zdravlja<\/li>\n<li>OPG Silvija Miklec<\/li>\n<li>Free From (Sheese)<\/li>\n<li>OPG Mladen Cesarec<\/li>\n<li>Mikroedra<\/li>\n<li>Planetopija<\/li>\n<li>Aronija Anu\u0161i\u0107<\/li>\n<li>Sana delikatese<\/li>\n<li>Udruga Vestigium<\/li>\n<li>Art of Juice<\/li>\n<li>Ami hrana za pse i ma\u010dke<\/li>\n<li>Gala Natura<\/li>\n<li>OPG Ivan Antun \u010cegec<\/li>\n<li>Bruna nat\u00fcrlich Eis<\/li>\n<li>Annapurna<\/li>\n<li>OPG Ivana Ro\u017ei\u0107<\/li>\n<li>Green Point<\/li>\n<li>Eko OPG Huji\u0107<\/li>\n<li>TRUE Mex<\/li>\n<li>Zelena akcija<\/li>\n<li>OPG Klobu\u010dar<\/li>\n<li>AWT International (Naturel)<\/li>\n<li>OPG Dora Dujmovi\u0107<\/li>\n<li>OPG Jakopovi\u0107<\/li>\n<li>BiJoLada, Danica Sto\u0161i\u010d<\/li>\n<li>BB Natura Vera<\/li>\n<li>Ljekovite gljive<\/li>\n<li>Sloboda za \u017eivotinje<\/li>\n<li>Slovensko vegansko dru\u0161tvo<\/li>\n<li>OPG Ira Branilovi\u0107<\/li>\n<li>Eko-etno udruga Terra Magnifica<\/li>\n<li>OPG Ore\u0161kovi\u0107<\/li>\n<li>Olival<\/li>\n<li>Loving Hut Ljubljana center<\/li>\n<li>OPG Andreja Petrovi\u0107<\/li>\n<li>OPG \u010ci\u017emek Ljubica<\/li>\n<li>SMID t.o.<\/li>\n<li>Food Harmony (Harmoni program)<\/li>\n<li>Ilirija Promet obrt za proizvodnju<\/li>\n<li>OPG Kele\u010di\u0107<\/li>\n<li>Socijalna zadruga Humana Nova<\/li>\n<li>Nashe obrt<\/li>\n<li>OPG Pe\u0161a Marija<\/li>\n<li>OPG Kralj<\/li>\n<li>OPG Anto Juri\u0107<\/li>\n<li>Doma\u0107a radinost Borka Plav\u0161i\u0107<\/li>\n<li>Gelati d&#8217;Oro<\/li>\n<li>Sattva udruga za promicanje ajurvede i vegetarijanstva<\/li>\n<li>OPG Lovro Lenac<\/li>\n<li>OPG Kali\u0107 Zvonimir<\/li>\n<li>OPG Veseli\u0107 Ivan<\/li>\n<li>OPG Jankovi\u0107<\/li>\n<li>OPG Aralica \/ Divlji cvit<\/li>\n<li>Zrno eko imanje<\/li>\n<li>Udruga Pobjede<\/li>\n<li>Sirova hrana<\/li>\n<li>OPG Goran Vrabec<\/li>\n<li>Braniteljska zadruga Arka na\u0161a<\/li>\n<li>OPG \u017deljka Rospacher<\/li>\n<li>POSTIRA poljoprivredna zadruga<\/li>\n<li>OPG Marija Mudri\u0107<\/li>\n<li>Bormax<\/li>\n<li>OPG Brolich<\/li>\n<li>Sapunoteka<\/li>\n<li>Udruga Mrkvica<\/li>\n<li>OPG Zlata Nani\u0107<\/li>\n<li>Skloni\u0161te za nezbrinute \u017eivotinje grada Zagreba <\/li>\n<li>Dvostruka duga i Vegefino<\/li>\n<\/ul>\n<p>[\/accordion]<\/p>\n<p>[accordion title=&#8221;Izvo\u0111a\u010di&#8221; close=&#8221;1&#8243;]<\/p>\n<ul>\n<ul>\n<li>School of Street Styles (SOSS)<\/li>\n<li>Atomic Dance Factory<\/li>\n<li>GiankStyle Dance Crew<\/li>\n<li>Mofit<\/li>\n<li>Jete<\/li>\n<li>Fusion<\/li>\n<li>Joga u suvremenom \u017eivotu<\/li>\n<li>Zumba Fitness by Jelena Dikli\u0107<\/li>\n<li>Back To Swing<\/li>\n<li>Plesni punktovi Zagreb (Super grupa)<\/li>\n<\/ul>\n<p>[\/accordion]<\/p>\n<p>[accordion title=&#8221;Medijski pokrovitelji&#8221; close=&#8221;1&#8243;]\n<table id=\"tablepress-19\" class=\"tablepress tablepress-id-19\">\n<tbody>\n<tr class=\"row-1\">\n\t<td class=\"column-1\"><\/td><td class=\"column-2\"><a href=\"https:\/\/www.vecernji.hr\/\" target=\"_blank\" title=\"Ve\u010dernji list\"><img loading=\"lazy\" decoding=\"async\" src=\"http:\/\/www.zegevege.com\/wp-content\/uploads\/2017\/08\/LOGO-Vecernji-list.jpg\" alt=\"Ve\u010dernji list logo\" width=\"180\" height=\"72\" class=\"aligncenter size-full wp-image-3359\" \/><\/a><\/td><td class=\"column-3\"><\/td>\n<\/tr>\n<tr class=\"row-2\">\n\t<td class=\"column-1\"><a href=\"http:\/\/www.h-alter.org\/\" target=\"_blank\" title=\"H-Alter\"><img loading=\"lazy\" decoding=\"async\" src=\"http:\/\/www.zegevege.com\/wp-content\/uploads\/2014\/07\/HAlter.jpg\" alt=\"\" width=\"180\" height=\"72\" class=\"aligncenter size-full wp-image-1510\" \/><\/a><\/td><td class=\"column-2\"><a href=\"http:\/\/www.krenizdravo.com\/\" target=\"_blank\" title=\"Kreni zdravo\"><img loading=\"lazy\" decoding=\"async\" src=\"http:\/\/www.zegevege.com\/wp-content\/uploads\/2017\/08\/krenuzdravo.jpg\" alt=\"Kreni zdravo logo\" width=\"180\" height=\"72\" class=\"aligncenter size-medium wp-image-1458\" \/><\/a><\/td><td class=\"column-3\"><a href=\"http:\/\/www.zagrebonline.hr\/\" target=\"_blank\" title=\"Zagreb online\"><img loading=\"lazy\" decoding=\"async\" src=\"http:\/\/www.zegevege.com\/wp-content\/uploads\/2014\/07\/ZagrebOnline.png\" alt=\"\" width=\"180\" height=\"72\" class=\"aligncenter size-full wp-image-1533\" \/><\/a><\/td>\n<\/tr>\n<tr class=\"row-3\">\n\t<td class=\"column-1\"><a href=\"http:\/\/she.hr\/\" target=\"_blank\" title=\"She.hr\"><img loading=\"lazy\" decoding=\"async\" src=\"http:\/\/www.zegevege.com\/wp-content\/uploads\/2014\/07\/she.jpg\" alt=\"\" width=\"180\" height=\"72\" class=\"aligncenter size-full wp-image-1532\" \/><\/a><\/td><td class=\"column-2\"><a href=\"http:\/\/www.journal.hr\/\" target=\"_blank\" title=\"Journal.hr\"><img loading=\"lazy\" decoding=\"async\" src=\"http:\/\/www.zegevege.com\/wp-content\/uploads\/2017\/08\/journal-200-x-80.jpg\" alt=\"Journal logo\" width=\"180\" height=\"72\" class=\"aligncenter size-full wp-image-3333\" \/><\/a><\/td><td class=\"column-3\"><a href=\"http:\/\/fresh.hr\/\" target=\"_blank\" title=\"Fresh.hr\"><img loading=\"lazy\" decoding=\"async\" src=\"http:\/\/www.zegevege.com\/wp-content\/uploads\/2015\/08\/FreshHR.png\" alt=\"\" width=\"180\" height=\"72\" class=\"alignnone size-medium wp-image-1460\" \/><\/a><\/td>\n<\/tr>\n<tr class=\"row-4\">\n\t<td class=\"column-1\"><a href=\"http:\/\/www.zdravakrava.hr\/\" target=\"_blank\" title=\"Zdrava krava\"><img loading=\"lazy\" decoding=\"async\" src=\"http:\/\/www.zegevege.com\/wp-content\/uploads\/2014\/06\/ZdravaKravaLogo.jpg\" alt=\"\" width=\"180\" height=\"72\" class=\"alignnone size-full wp-image-1455\" \/><\/a><\/td><td class=\"column-2\"><a href=\"http:\/\/drumtidam.info\" target=\"_blank\"><img loading=\"lazy\" decoding=\"async\" src=\"http:\/\/www.zegevege.com\/wp-content\/uploads\/2017\/08\/drumtidam.jpg\" alt=\"Drumtidam logo\" width=\"180\" height=\"72\" class=\"aligncenter size-full wp-image-3400\" \/><\/a><\/td><td class=\"column-3\"><a href=\"http:\/\/hr.zdrava-televizija.com\/\" target=\"_blank\" title=\"Zdrava televizija\"><img loading=\"lazy\" decoding=\"async\" src=\"http:\/\/www.zegevege.com\/wp-content\/uploads\/2014\/08\/Zdrava-tv.jpg\" alt=\"\" width=\"180\" height=\"78\" class=\"aligncenter size-full wp-image-1738\" \/><\/a><\/td>\n<\/tr>\n<\/tbody>\n<\/table>\n<!-- #tablepress-19 from cache -->[\/accordion]<\/p>\n<p>[accordion title=&#8221;Sponzori&#8221; close=&#8221;1&#8243;]\n<table id=\"tablepress-20\" class=\"tablepress tablepress-id-20\">\n<tbody>\n<tr class=\"row-1\">\n\t<td class=\"column-1\"><img loading=\"lazy\" decoding=\"async\" src=\"http:\/\/www.zegevege.com\/wp-content\/uploads\/2017\/08\/Juicy-logo.jpg\" alt=\"Juicy logo\" width=\"180\" height=\"80\" class=\"aligncenter size-full wp-image-1701\" \/><\/td><td class=\"column-2\"><img loading=\"lazy\" decoding=\"async\" src=\"http:\/\/www.zegevege.com\/wp-content\/uploads\/2014\/08\/Avalon.png\" alt=\"\" width=\"180\" height=\"80\" class=\"aligncenter size-full wp-image-1701\" \/><\/td><td class=\"column-3\"><img loading=\"lazy\" decoding=\"async\" src=\"http:\/\/www.zegevege.com\/wp-content\/uploads\/2014\/08\/Chillout.jpg\" alt=\"\" width=\"180\" height=\"80\" class=\"aligncenter size-full wp-image-1671\" \/><\/td>\n<\/tr>\n<tr class=\"row-2\">\n\t<td class=\"column-1\"><img decoding=\"async\" src=\"http:\/\/www.zegevege.com\/wp-content\/uploads\/2017\/09\/bibiologo.png\" alt=\"bio&amp;bio logo\" width=\"180\" height=\"122\" class=\"aligncenter size-full wp-image-3430\" \/><\/td><td class=\"column-2\"><img loading=\"lazy\" decoding=\"async\" src=\"http:\/\/www.zegevege.com\/wp-content\/uploads\/2016\/08\/DM-logo-web.jpg\" alt=\"\" width=\"180\" height=\"122\" class=\"aligncenter size-full wp-image-1648\" \/><\/td><td class=\"column-3\"><img loading=\"lazy\" decoding=\"async\" src=\"http:\/\/www.zegevege.com\/wp-content\/uploads\/2017\/08\/Nacionalna-zaklada-za-razvoj-civilnog-drustva.jpg\" alt=\"Nacionalna zaklada za razvoj civilnog drustva logo\" width=\"180\" height=\"80\" class=\"aligncenter size-full wp-image-3382\" \/><\/td>\n<\/tr>\n<tr class=\"row-3\">\n\t<td class=\"column-1\"><a title=\"VegFund\"><img loading=\"lazy\" decoding=\"async\" src=\"http:\/\/www.zegevege.com\/wp-content\/uploads\/2016\/08\/VegFund.png\" alt=\"\" width=\"180\" height=\"80\" class=\"alignnone size-medium wp-image-1460\" \/><\/a><\/td><td class=\"column-2\"><img loading=\"lazy\" decoding=\"async\" src=\"http:\/\/www.zegevege.com\/wp-content\/uploads\/2017\/08\/Meridian-logo.jpg\" alt=\"Meridian logo\" width=\"180\" height=\"80\" class=\"aligncenter size-full wp-image-3380\" \/><\/td><td class=\"column-3\"><img loading=\"lazy\" decoding=\"async\" src=\"http:\/\/www.zegevege.com\/wp-content\/uploads\/2017\/09\/holding.jpg\" alt=\"Zagreba\u010dki holding - logo\" width=\"180\" height=\"80\" class=\"aligncenter size-full wp-image-3447\" \/><\/td>\n<\/tr>\n<\/tbody>\n<\/table>\n<!-- #tablepress-20 from cache -->[\/accordion] <\/p>\n<p>[accordion title=&#8221;Prijatelji festivala&#8221; close=&#8221;1&#8243;]<\/p>\n<ul>\n<li>Inki Dinki<\/li>\n<li>ZVRK &#8211; transports Mladen Zenko<\/li>\n<li>Pivnica Pinta<\/li>\n<li>Virtus Security<\/li>\n<\/ul>\n<p>[\/accordion]<\/p>\n<p>[accordion title=&#8221;Potporu dali&#8221; close=&#8221;1&#8243;]<\/p>\n<ul>\n<li>Ured Predsjednice Republike Hrvatske<\/li>\n<li>Ministarstvo poljoprivrede<\/li>\n<li>Ministarstvo Turizma<\/li>\n<li>Ministarstvo socijalne politike i mladih<\/li>\n<li>Hrvatski zavod za javno zdravstvo<\/li>\n<li>Ured gradona\u010delnika Milana Bandi\u0107a<\/li>\n<li>Gradski ured za zdravstvo<\/li>\n<li>Fond za za\u0161titu okoli\u0161a i energetsku u\u010dinkovitost<\/li>\n<li>Hrvatska gospodarska komora &#8211; Sektor za turizam<\/li>\n<li>Gradski ured za gospodarstvo, rad i poduzetni\u0161tvo<\/li>\n<li>Agencija za za\u0161titu okoli\u0161a<\/li>\n<li>Hrvatska poljoprivredna agencija<\/li>\n<li>Gradski ured za poljoprivredu i \u0161umarstvo<\/li>\n<li>Gradski ured za energetiku, za\u0161titu okoli\u0161a i odr\u017eivi razvoj<\/li>\n<li>Turisti\u010dka zajednica grada Zagreba<\/li>\n<\/ul>\n<p>[\/accordion] <\/p>\n<p>[accordion title=&#8221;Pokroviteljstvo&#8221; close=&#8221;1&#8243;]<\/p>\n<ul>\n<li>Predsjednica Republike Hrvatske &#8211; Kolinda Grabar-Kitarovi\u0107<\/li>\n<li>Grad Zagreb &#8211; gradona\u010delnik Milan Bandi\u0107<\/li>\n<li>Hrvatski sabor &#8211; Ured predsjednika<\/li>\n<li>Hrvatski sabor &#8211; Odbor za za\u0161titu okoli\u0161a i prirode<\/li>\n<li>Ministarstvo poljoprivrede<\/li>\n<li>Ministarstvo turizma<\/li>\n<li>Ministarstvo za\u0161tite okoli\u0161a i prirode<\/li>\n<li>Gradski ured za poljoprivredu i \u0161umarstvo<\/li>\n<li>Nastavni zavod za javno zdravstvo &#8220;Dr. Andrija \u0160tampar&#8221;<\/li>\n<\/ul>\n<p>[\/accordion]<\/p>\n<p><!--:--><\/p>\n","protected":false},"excerpt":{"rendered":"<p>[accordion title=&#8221;Generalni sponzor&#8221; close=&#8221;1&#8243;][\/accordion] [accordion title=&#8221;Izlaga\u010di&#8221; close=&#8221;1&#8243;] OPG Mati\u0107 OPG Dobo\u0161i\u0107 Franck OPG Siladi Vegehop Advent Udruga za dobrobit i [&hellip;]<\/p>\n","protected":false},"author":1,"featured_media":0,"parent":0,"menu_order":0,"comment_status":"closed","ping_status":"closed","template":"","meta":{"site-sidebar-layout":"default","site-content-layout":"","ast-site-content-layout":"default","site-content-style":"default","site-sidebar-style":"default","ast-global-header-display":"","ast-banner-title-visibility":"","ast-main-header-display":"","ast-hfb-above-header-display":"","ast-hfb-below-header-display":"","ast-hfb-mobile-header-display":"","site-post-title":"","ast-breadcrumbs-content":"","ast-featured-img":"","footer-sml-layout":"","ast-disable-related-posts":"","theme-transparent-header-meta":"","adv-header-id-meta":"","stick-header-meta":"","header-above-stick-meta":"","header-main-stick-meta":"","header-below-stick-meta":"","astra-migrate-meta-layouts":"default","ast-page-background-enabled":"default","ast-page-background-meta":{"desktop":{"background-color":"var(--ast-global-color-5)","background-image":"","background-repeat":"repeat","background-position":"center center","background-size":"auto","background-attachment":"scroll","background-type":"","background-media":"","overlay-type":"","overlay-color":"","overlay-opacity":"","overlay-gradient":""},"tablet":{"background-color":"","background-image":"","background-repeat":"repeat","background-position":"center center","background-size":"auto","background-attachment":"scroll","background-type":"","background-media":"","overlay-type":"","overlay-color":"","overlay-opacity":"","overlay-gradient":""},"mobile":{"background-color":"","background-image":"","background-repeat":"repeat","background-position":"center center","background-size":"auto","background-attachment":"scroll","background-type":"","background-media":"","overlay-type":"","overlay-color":"","overlay-opacity":"","overlay-gradient":""}},"ast-content-background-meta":{"desktop":{"background-color":"var(--ast-global-color-4)","background-image":"","background-repeat":"repeat","background-position":"center center","background-size":"auto","background-attachment":"scroll","background-type":"","background-media":"","overlay-type":"","overlay-color":"","overlay-opacity":"","overlay-gradient":""},"tablet":{"background-color":"var(--ast-global-color-4)","background-image":"","background-repeat":"repeat","background-position":"center center","background-size":"auto","background-attachment":"scroll","background-type":"","background-media":"","overlay-type":"","overlay-color":"","overlay-opacity":"","overlay-gradient":""},"mobile":{"background-color":"var(--ast-global-color-4)","background-image":"","background-repeat":"repeat","background-position":"center center","background-size":"auto","background-attachment":"scroll","background-type":"","background-media":"","overlay-type":"","overlay-color":"","overlay-opacity":"","overlay-gradient":""}},"footnotes":""},"class_list":["post-3472","page","type-page","status-publish","hentry"],"_links":{"self":[{"href":"https:\/\/www.zegevege.com\/index.php?rest_route=\/wp\/v2\/pages\/3472","targetHints":{"allow":["GET"]}}],"collection":[{"href":"https:\/\/www.zegevege.com\/index.php?rest_route=\/wp\/v2\/pages"}],"about":[{"href":"https:\/\/www.zegevege.com\/index.php?rest_route=\/wp\/v2\/types\/page"}],"author":[{"embeddable":true,"href":"https:\/\/www.zegevege.com\/index.php?rest_route=\/wp\/v2\/users\/1"}],"replies":[{"embeddable":true,"href":"https:\/\/www.zegevege.com\/index.php?rest_route=%2Fwp%2Fv2%2Fcomments&post=3472"}],"version-history":[{"count":3,"href":"https:\/\/www.zegevege.com\/index.php?rest_route=\/wp\/v2\/pages\/3472\/revisions"}],"predecessor-version":[{"id":4851,"href":"https:\/\/www.zegevege.com\/index.php?rest_route=\/wp\/v2\/pages\/3472\/revisions\/4851"}],"wp:attachment":[{"href":"https:\/\/www.zegevege.com\/index.php?rest_route=%2Fwp%2Fv2%2Fmedia&parent=3472"}],"curies":[{"name":"wp","href":"https:\/\/api.w.org\/{rel}","templated":true}]}}