{"id":3811,"date":"2019-07-03T14:12:58","date_gmt":"2019-07-03T14:12:58","guid":{"rendered":"http:\/\/www.zegevege.com\/?page_id=3811"},"modified":"2026-04-21T12:34:36","modified_gmt":"2026-04-21T12:34:36","slug":"program-2018","status":"publish","type":"page","link":"https:\/\/www.zegevege.com\/?page_id=3811","title":{"rendered":"Program 2018."},"content":{"rendered":"<p><!--:en--><br \/>\n[frame_center src=&#8221;<img fetchpriority=\"high\" decoding=\"async\" width=\"600\" height=\"325\" src=\"http:\/\/www.zegevege.com\/wp-content\/uploads\/2018\/09\/radionice.jpg\" alt=\"ZeGeVege radionica\" class=\"aligncenter size-medium wp-image-3677\" srcset=\"https:\/\/www.zegevege.com\/wp-content\/uploads\/2018\/09\/radionice.jpg 600w, https:\/\/www.zegevege.com\/wp-content\/uploads\/2018\/09\/radionice-300x163.jpg 300w\" sizes=\"(max-width: 600px) 100vw, 600px\" \/>&#8220;]<span style=\"color: #367313;\">Lectures and cooking workshops<\/span>[\/frame_center]<br \/>\n[accordion title=&#8221;Friday September 7th 2018&#8243; close=&#8221;1&#8243;]<br \/>\n09:00    Nikolina Plenar Jelicic \u2013 Falafel (cooking workshop)<br \/>\n10:00    Anamarija Prgomet (Zero Waste Croatia) \u2013 Vegan life without waste<br \/>\n11:00    Tamara Jevtovic &amp; Jelena Stevanovic (Freedom for animals) \u2013 Vegan movement in Serbia<br \/>\n12:00    Katarina Kukucka &amp; Igor Draskovic \u2013 Plant &#8211; powered ultramarathon<br \/>\n13:00    Igor Barberic \u2013 Vegan cupcakes (cooking workshop)<br \/>\n14:00    Simona Mezic (Makronova) \u2013 Veggiequiz \u2013 vegan culture quiz<br \/>\n15:00    Ana Rumiha (Rest Movement) \u2013 Veganism and life in movement<br \/>\n16:00    Ivana Crnoja &amp; Zrinka Kosta (association Victories) \u2013 The Path of victories \u2013 challenges then and now<br \/>\n17:00    Anita Euschen &amp; Anita Petrovic \u2013 Street activism in Croatia<br \/>\n18:00    mag. nutr. Ivana Simic \u2013 A Nutritionist\u2019s Journey \u2013 from additional education to the book on plant based diet<br \/>\n19:00    Mislav Skrepnik \u2013 Answers to most common veganism prejudice<br \/>\n20:00    Dan Richardson \u2013 Why I became a vegan?<br \/>\n[\/accordion]<\/p>\n<p>[accordion title=&#8221;Saturday September 8th 2018&#8243; close=&#8221;1&#8243;]<br \/>\n09:00    Anita Petrovic \u2013 The mystery of cakes without eggs and milk (cooking workshop)<br \/>\n10:00    Sanja i Davor Barkovic \u2013 The time is always right to make good veg changes \u2013 third age group<br \/>\n11:00    Ivana Surjan Mitrovic (&#8220;Mama Veganka&#8221; &#8211; Vegan Mum) \u2013 Vegan omelet (cooking workshop)<br \/>\n12:00    Vladimira Vlatka Frketic (Makronova) \u2013 Fried bread-crumbed bread vegan style (cooking workshop)<br \/>\n13:00    Irena Miksic \u2013 The wisdom of local produce<br \/>\n14:00    Mihaela Brijak \u2013 Sunflower seed vegan cheese (cooking workshop)<br \/>\n15:00    Andrea Cakic \u2013 Vegan film travles<br \/>\n16:00    Viktorija Jaksic (Get nuts with me) \u2013 Vegan cheese pastry (VegBurek) (cooking workshop)<br \/>\n17:00    Marko Samardzija \u2013 How to be a fit and healthy vegan easily?<br \/>\n18:00    Vedran Romac \u2013 Manipulating the motherhood &#8211; taking lives<br \/>\n[\/accordion]<\/p>\n<p>[frame_center src=&#8221;<img decoding=\"async\" src=\"http:\/\/www.zegevege.com\/wp-content\/uploads\/2018\/09\/izvodjaci1.jpg\" alt=\"Additional program\" width=\"600\" height=\"325\" class=\"aligncenter size-full wp-image-3680\" srcset=\"https:\/\/www.zegevege.com\/wp-content\/uploads\/2018\/09\/izvodjaci1.jpg 600w, https:\/\/www.zegevege.com\/wp-content\/uploads\/2018\/09\/izvodjaci1-300x163.jpg 300w\" sizes=\"(max-width: 600px) 100vw, 600px\" \/>&#8221; href=&#8221;&#8221;]<span style=\"color: #367313;\">Performers and additional program<\/span>[\/frame_center]<br \/>\n[accordion title=&#8221;Friday September 7th 2018&#8243; close=&#8221;1&#8243;]<br \/>\n08:00     Opening of the Festival<br \/>\n14:00     Cube of Truth<br \/>\n15:15     Plesni punktovi Zagreb (Dance group)<br \/>\n15:45     Plesni punktovi Zagreb (Dance group)<br \/>\n19:30     Back to Swing<br \/>\n20:00     School of Street Styles \u2013 SOSS<br \/>\n[\/accordion]<\/p>\n<p>[accordion title=&#8221;Saturday September 8th 2018&#8243; close=&#8221;1&#8243;]<br \/>\n10:30     Mofit (Dance group)<br \/>\n12:00     Cube of Truth<br \/>\n17:00     My Way Dance Studio<br \/>\n18:00     Atomic Dance Factory<br \/>\n19:00     Las Reinas<br \/>\n[\/accordion]<\/p>\n<p>[frame_center src=&#8221;<img decoding=\"async\" src=\"http:\/\/www.zegevege.com\/wp-content\/uploads\/2018\/09\/after1.jpg\" alt=\"Vegan\" width=\"600\" height=\"325\" class=\"aligncenter size-full wp-image-3682\" srcset=\"https:\/\/www.zegevege.com\/wp-content\/uploads\/2018\/09\/after1.jpg 600w, https:\/\/www.zegevege.com\/wp-content\/uploads\/2018\/09\/after1-300x163.jpg 300w\" sizes=\"(max-width: 600px) 100vw, 600px\" \/>&#8221; href=&#8221;&#8221;]<span style=\"color: #367313;\">ZeGeVege Spicy After in Mochvara<\/span>[\/frame_center]<br \/>\n[accordion title=&#8221;Sunday September 9th 2018&#8243; close=&#8221;1&#8243;]<br \/>\n\u2022 free entrance, doors open at 17 h<br \/>\n\u2022 tasty vegan food, for 0 kunas<br \/>\n\u2022 cooks: Association Victories<\/p>\n<p>More information on: <a href=\"https:\/\/www.facebook.com\/events\/298974920693130\/\"><span style=\"color: #367313;\">Facebook event<\/span><\/a><br \/>\n[\/accordion]<\/p>\n<p><!--:hr--><\/p>\n<p>[frame_center src=&#8221;<img fetchpriority=\"high\" decoding=\"async\" width=\"600\" height=\"325\" src=\"http:\/\/www.zegevege.com\/wp-content\/uploads\/2018\/09\/radionice.jpg\" alt=\"ZeGeVege radionica\" class=\"aligncenter size-medium wp-image-3677\" srcset=\"https:\/\/www.zegevege.com\/wp-content\/uploads\/2018\/09\/radionice.jpg 600w, https:\/\/www.zegevege.com\/wp-content\/uploads\/2018\/09\/radionice-300x163.jpg 300w\" sizes=\"(max-width: 600px) 100vw, 600px\" \/>&#8220;]<span style=\"color: #367313;\">Predavanja i radionice<\/span>[\/frame_center]<br \/>\n[accordion title=&#8221;7. 9. Petak&#8221; close=&#8221;1&#8243;]<br \/>\n09:00    Nikolina Plenar Jeli\u010di\u0107 \u2013 Falafel (radionica kuhanja)<br \/>\n10:00    Anamarija Prgomet (Zero Waste Croatia) \u2013 Veganski \u017eivot bez otpada<br \/>\n11:00    Tamara Jevtovi\u0107 i Jelena Stevanovi\u0107 (Sloboda za \u017eivotinje) \u2013 Veganski pokret u \t                Srbiji<br \/>\n12:00    Katarina Kuku\u010dka i Igor Dra\u0161kovi\u0107 \u2013 Ultramaraton na biljni pogon<br \/>\n13:00    Igor Barberi\u0107 \u2013 Veganski cupcakes (radionica kuhanja)<br \/>\n14:00    Simona Mezi\u0107 (Makronova)\u2013 Vegekviz \u2013 \tkviz veganske kulture<br \/>\n15:00    Ana Rumiha (Pokret odmora) \u2013 Veganstvo i \u017eivot u pokretu<br \/>\n16:00    Ivana Crnoja i Zrinka Ko\u0161ta (Udruga Pobjede) \u2013 Put pobjeda \u2013 izazovi nekada i   \t                sada<br \/>\n17:00    Anita Euschen i Anita Petrovi\u0107 \u2013 Uli\u010dni aktivizam u Hrvatskoj<br \/>\n18:00    mag. nutr. Ivana \u0160imi\u0107 \u2013 Put jedne nutricionistice \u2013 od dodatne edukacije do   \t                knjige o biljnoj prehrani<br \/>\n19:00    Mislav Skrepnik \u2013 Odgovori na naj\u010de\u0161\u0107e predrasude o veganstvu<br \/>\n20:00    Dan Richardson \u2013 Za\u0161to sam postao vegan?<br \/>\n[\/accordion]<\/p>\n<p>[accordion title=&#8221; 8. 9. Subota&#8221; close=&#8221;1&#8243;]<br \/>\n09:00    Anita Petrovi\u0107 \u2013 Misterij kola\u010da bez jaja i mlijeka (radionica kuhanja)<br \/>\n10:00    Sanja i Davor Barkovi\u0107 \u2013 Uvijek je pravo vrijeme za dobre vege promjene \u2013 tre\u0107a \u017eivotna dob<br \/>\n11:00    Ivana Surjan Mitrovi\u0107 (Mama Veganka) \u2013 Veganski omlet (radionica kuhanja)<br \/>\n12:00    Vladimira Vlatka Frketi\u0107 (Makronova) \u2013 Pohani kruh na veganski na\u010din (radionica kuhanja)<br \/>\n13:00    Irena Mik\u0161i\u0107 \u2013 Mudrost lokalnih namirnica<br \/>\n14:00    Mihaela Brijak \u2013 Veganski sir od suncokretovih sjemenki (radionica kuhanja)<br \/>\n15:00    Andrea \u0106aki\u0107 \u2013 Filmski vegeplov<br \/>\n16:00    Viktorija Jak\u0161i\u0107 (Get nuts with me) \u2013Veganska pita od sira (VegBurek) (radionica kuhanja)<br \/>\n17:00    Marko Samard\u017eija \u2013 Kako jednostavno biti zdrav i fit vegan?<br \/>\n18:00    Vedran Romac \u2013 Manipulacija maj\u010dinstvom \u2013 uzimanje \u017eivota<br \/>\n[\/accordion]<\/p>\n<p>[frame_center src=&#8221;<img loading=\"lazy\" decoding=\"async\" src=\"http:\/\/www.zegevege.com\/wp-content\/uploads\/2018\/09\/izvodjaci1.jpg\" alt=\"Popratni program\" width=\"600\" height=\"325\" class=\"aligncenter size-full wp-image-3680\" srcset=\"https:\/\/www.zegevege.com\/wp-content\/uploads\/2018\/09\/izvodjaci1.jpg 600w, https:\/\/www.zegevege.com\/wp-content\/uploads\/2018\/09\/izvodjaci1-300x163.jpg 300w\" sizes=\"(max-width: 600px) 100vw, 600px\" \/>&#8221; href=&#8221;&#8221;]<span style=\"color: #367313;\">Izvo\u0111a\u010di i popratna doga\u0111anja<\/span>[\/frame_center]<br \/>\n[accordion title=&#8221;7. 9. Petak&#8221; close=&#8221;1&#8243;]<br \/>\n08:00     Otvaranje Festivala<br \/>\n14:00     Kocka istine \/ Cube of Truth<br \/>\n15:15     Plesni punktovi Zagreb<br \/>\n15:45     Plesni punktovi Zagreb<br \/>\n19:30     Back to Swing<br \/>\n20:00     School of Street Styles \u2013 SOSS<br \/>\n[\/accordion]<\/p>\n<p>[accordion title=&#8221;8. 9. Subota&#8221; close=&#8221;1&#8243;]<br \/>\n10:30     Mofit<br \/>\n12:00     Kocka istine \/ Cube of Truth<br \/>\n17:00     Plesni studio My Way<br \/>\n18:00     Atomic Dance Factory<br \/>\n19:00     Las Reinas<br \/>\n[\/accordion]<\/p>\n<p>[frame_center src=&#8221;<img decoding=\"async\" src=\"http:\/\/www.zegevege.com\/wp-content\/uploads\/2018\/09\/after1.jpg\" alt=\"Vegan\" width=\"600\" height=\"325\" class=\"aligncenter size-full wp-image-3682\" srcset=\"https:\/\/www.zegevege.com\/wp-content\/uploads\/2018\/09\/after1.jpg 600w, https:\/\/www.zegevege.com\/wp-content\/uploads\/2018\/09\/after1-300x163.jpg 300w\" sizes=\"(max-width: 600px) 100vw, 600px\" \/>&#8221; href=&#8221;&#8221;]<span style=\"color: #367313;\">ZeGeVege Spicy After u Mo\u010dvari<\/span>[\/frame_center]<br \/>\n[accordion title=&#8221;9. 9. Nedjelja (Mo\u010dvara)&#8221; close=&#8221;1&#8243;]<br \/>\n\u2022 besplatan upad od 17 h<br \/>\n\u2022 najfiniji vege kotli\u0107i &#8211; porcija 0 kn<br \/>\n\u2022 za kuha\u010dom: Udruga Pobjede<\/p>\n<p>Vi\u0161e informacija na: <a href=\"https:\/\/www.facebook.com\/events\/298974920693130\/\"><span style=\"color: #367313;\">Facebook event<\/span><\/a><br \/>\n[\/accordion]<\/p>\n","protected":false},"excerpt":{"rendered":"<p>[frame_center src=&#8221;&#8220;]Lectures and cooking workshops[\/frame_center] [accordion title=&#8221;Friday September 7th 2018&#8243; close=&#8221;1&#8243;] 09:00 Nikolina Plenar Jelicic \u2013 Falafel (cooking workshop) 10:00 [&hellip;]<\/p>\n","protected":false},"author":1,"featured_media":0,"parent":0,"menu_order":0,"comment_status":"closed","ping_status":"closed","template":"","meta":{"site-sidebar-layout":"default","site-content-layout":"","ast-site-content-layout":"default","site-content-style":"default","site-sidebar-style":"default","ast-global-header-display":"","ast-banner-title-visibility":"","ast-main-header-display":"","ast-hfb-above-header-display":"","ast-hfb-below-header-display":"","ast-hfb-mobile-header-display":"","site-post-title":"","ast-breadcrumbs-content":"","ast-featured-img":"","footer-sml-layout":"","ast-disable-related-posts":"","theme-transparent-header-meta":"","adv-header-id-meta":"","stick-header-meta":"","header-above-stick-meta":"","header-main-stick-meta":"","header-below-stick-meta":"","astra-migrate-meta-layouts":"default","ast-page-background-enabled":"default","ast-page-background-meta":{"desktop":{"background-color":"var(--ast-global-color-5)","background-image":"","background-repeat":"repeat","background-position":"center center","background-size":"auto","background-attachment":"scroll","background-type":"","background-media":"","overlay-type":"","overlay-color":"","overlay-opacity":"","overlay-gradient":""},"tablet":{"background-color":"","background-image":"","background-repeat":"repeat","background-position":"center center","background-size":"auto","background-attachment":"scroll","background-type":"","background-media":"","overlay-type":"","overlay-color":"","overlay-opacity":"","overlay-gradient":""},"mobile":{"background-color":"","background-image":"","background-repeat":"repeat","background-position":"center center","background-size":"auto","background-attachment":"scroll","background-type":"","background-media":"","overlay-type":"","overlay-color":"","overlay-opacity":"","overlay-gradient":""}},"ast-content-background-meta":{"desktop":{"background-color":"var(--ast-global-color-4)","background-image":"","background-repeat":"repeat","background-position":"center center","background-size":"auto","background-attachment":"scroll","background-type":"","background-media":"","overlay-type":"","overlay-color":"","overlay-opacity":"","overlay-gradient":""},"tablet":{"background-color":"var(--ast-global-color-4)","background-image":"","background-repeat":"repeat","background-position":"center center","background-size":"auto","background-attachment":"scroll","background-type":"","background-media":"","overlay-type":"","overlay-color":"","overlay-opacity":"","overlay-gradient":""},"mobile":{"background-color":"var(--ast-global-color-4)","background-image":"","background-repeat":"repeat","background-position":"center center","background-size":"auto","background-attachment":"scroll","background-type":"","background-media":"","overlay-type":"","overlay-color":"","overlay-opacity":"","overlay-gradient":""}},"footnotes":""},"class_list":["post-3811","page","type-page","status-publish","hentry"],"_links":{"self":[{"href":"https:\/\/www.zegevege.com\/index.php?rest_route=\/wp\/v2\/pages\/3811","targetHints":{"allow":["GET"]}}],"collection":[{"href":"https:\/\/www.zegevege.com\/index.php?rest_route=\/wp\/v2\/pages"}],"about":[{"href":"https:\/\/www.zegevege.com\/index.php?rest_route=\/wp\/v2\/types\/page"}],"author":[{"embeddable":true,"href":"https:\/\/www.zegevege.com\/index.php?rest_route=\/wp\/v2\/users\/1"}],"replies":[{"embeddable":true,"href":"https:\/\/www.zegevege.com\/index.php?rest_route=%2Fwp%2Fv2%2Fcomments&post=3811"}],"version-history":[{"count":6,"href":"https:\/\/www.zegevege.com\/index.php?rest_route=\/wp\/v2\/pages\/3811\/revisions"}],"predecessor-version":[{"id":4858,"href":"https:\/\/www.zegevege.com\/index.php?rest_route=\/wp\/v2\/pages\/3811\/revisions\/4858"}],"wp:attachment":[{"href":"https:\/\/www.zegevege.com\/index.php?rest_route=%2Fwp%2Fv2%2Fmedia&parent=3811"}],"curies":[{"name":"wp","href":"https:\/\/api.w.org\/{rel}","templated":true}]}}