{"id":4374,"date":"2022-09-08T12:50:42","date_gmt":"2022-09-08T12:50:42","guid":{"rendered":"http:\/\/www.zegevege.com\/?page_id=4374"},"modified":"2026-04-21T12:35:09","modified_gmt":"2026-04-21T12:35:09","slug":"program-2021","status":"publish","type":"page","link":"https:\/\/www.zegevege.com\/?page_id=4374","title":{"rendered":"Program 2021."},"content":{"rendered":"<p><!--:en--><\/p>\n<p>[frame_center src=&#8221;<img decoding=\"async\" class=\"aligncenter size-medium wp-image-3677\" src=\"http:\/\/www.zegevege.com\/wp-content\/uploads\/2022\/09\/barbaric.jpg\" alt=\"ZeGeVege radionica\">&#8220;]<span style=\"color: #367313;\">Lectures and cooking workshops<\/span>[\/frame_center]<\/p>\n<p>[accordion title=&#8221;Friday September 3rd 2021&#8243; close=&#8221;1&#8243;]<br><!--09:00    Nikolina Plenar Jelicic \u2013 Falafel (cooking workshop) SAMO PRIMJER--><\/p>\n<p>18:00 \u2013 18:15 Nikolina Plenar Jeli\u010di\u0107 \u2013 Veganism and climate change<\/p>\n<p>18:30 \u2013 18:45 Igor Dra\u0161kovi\u0107 \u2013 Ultra trail running and veganism as a lifestyle<\/p>\n<p>19:00 \u2013 19:15 Ana Marija Mileusni\u0107 \u2013 How to put an end to disposable plastic?<\/p>\n<p>19:30 \u2013 19:45 Nata\u0161a Raj\u010devi\u0107 \u2013 Useful tips for the path to veganism<\/p>\n<p>20:00 \u2013 20:15 Igor Barberi\u0107 \u2013 Instead of calories I count saved lives<\/p>\n<p>[\/accordion]<\/p>\n<p>[accordion title=&#8221;Saturday September 4th 2021&#8243; close=&#8221;1&#8243;]<\/p>\n<p>10:00 \u2013 10:15 Anita Petrovi\u0107 \u2013 Traditional cuisine &#8211; vegan style<\/p>\n<p>10:30 \u2013 10:45 Vege zajednica \u2013 Animal rights activism in Serbia<\/p>\n<p>12:00 \u2013 12:15 Hrvoje Hara\u010d \u2013 Organization Victorius challenges you to Challenge 22!<\/p>\n<p>12:30 \u2013 12:45 Ivana Martinec \u2013 Getting healthy with veganism<\/p>\n<p>13:00 \u2013 13:15 Marko Samard\u017eija \u2013 Veganism to sporting success<\/p>\n<p>[\/accordion]<\/p>\n<p><\/p>\n<p>More information on: <a href=\"https:\/\/www.facebook.com\/ZeGeVegeFestival\/?ref=bookmarks\"><span style=\"color: #367313;\">Facebook event<\/span><\/a><\/p>\n<h3 style=\"text-align: center;\"><span style=\"color: #000000;\">Read and download our <a href=\"http:\/\/www.zegevege.com\/wp-content\/uploads\/2021\/09\/zegevege-2021-brosura.pdf\">2021 ZeGeVege festival booklet<\/a>!<\/span><\/h3>\n<p><!--:--><\/p>\n<p><!--:hr--><\/p>\n<p>[frame_center src=&#8221;<img decoding=\"async\" class=\"aligncenter size-medium wp-image-3677\" src=\"http:\/\/www.zegevege.com\/wp-content\/uploads\/2022\/09\/barbaric.jpg\" alt=\"ZeGeVege radionica\">&#8220;]<span style=\"color: #367313;\">Predavanja i radionice<\/span>[\/frame_center]<\/p>\n<p>[accordion title=&#8221;03. 9. Petak&#8221; close=&#8221;1&#8243;]<\/p>\n<p>18:00 \u2013 18:15 Nikolina Plenar Jeli\u010di\u0107 \u2013 Veganstvo i klimatske promjene<\/p>\n<p>18:30 \u2013 18:45 Igor Dra\u0161kovi\u0107 \u2013 Ultra trail tr\u010danje i veganstvo kao \u017eivotni stil<\/p>\n<p>19:00 \u2013 19:15 Ana Marija Mileusni\u0107 \u2013 Kako stati na kraj jednokratnoj plastici?<\/p>\n<p>19:30 \u2013 19:45 Nata\u0161a Raj\u010devi\u0107 \u2013 Korisni savjeti za put prema veganstvu<\/p>\n<p>20:00 \u2013 20:15 Igor Barberi\u0107 \u2013 Umjesto kalorija, brojim spa\u0161ene \u017eivote<\/p>\n<p>[\/accordion]<\/p>\n<p>[accordion title=&#8221; 04. 9. Subota&#8221; close=&#8221;1&#8243;]<\/p>\n<p>10:00 \u2013 10:15 Anita Petrovi\u0107 \u2013 Tradicionalna kuhinja u veganskoj izvedbi<\/p>\n<p>10:30 \u2013 10:45 Vege zajednica \u2013 Aktivizam za prava \u017eivotinja u Srbiji<\/p>\n<p>12:00 \u2013 12:15 Hrvoje Hara\u010d \u2013 Pobjede vas izazivaju na Super izazov 22!<\/p>\n<p>12:30 \u2013 12:45 Ivana Martinec \u2013 Veganstvom do zdravlja<\/p>\n<p>13:00 \u2013 13:15 Marko Samard\u017eija \u2013 Veganstvom do sportskih uspjeha<\/p>\n<p>[\/accordion]<\/p>\n<p><\/p>\n<h3 style=\"text-align: center;\"><span style=\"color: #000000;\">Pro\u010ditajte i preuzmite bro\u0161uru <a href=\"http:\/\/www.zegevege.com\/wp-content\/uploads\/2021\/09\/zegevege-2021-brosura.pdf\">ZeGeVege festivala 2021.<\/a><\/span><\/h3>\n\n\n<p><\/p>\n","protected":false},"excerpt":{"rendered":"<p>[frame_center src=&#8221;&#8220;]Lectures and cooking workshops[\/frame_center] [accordion title=&#8221;Friday September 3rd 2021&#8243; close=&#8221;1&#8243;] 18:00 \u2013 18:15 Nikolina Plenar Jeli\u010di\u0107 \u2013 Veganism and [&hellip;]<\/p>\n","protected":false},"author":1,"featured_media":0,"parent":0,"menu_order":0,"comment_status":"closed","ping_status":"closed","template":"","meta":{"site-sidebar-layout":"default","site-content-layout":"","ast-site-content-layout":"default","site-content-style":"default","site-sidebar-style":"default","ast-global-header-display":"","ast-banner-title-visibility":"","ast-main-header-display":"","ast-hfb-above-header-display":"","ast-hfb-below-header-display":"","ast-hfb-mobile-header-display":"","site-post-title":"","ast-breadcrumbs-content":"","ast-featured-img":"","footer-sml-layout":"","ast-disable-related-posts":"","theme-transparent-header-meta":"","adv-header-id-meta":"","stick-header-meta":"","header-above-stick-meta":"","header-main-stick-meta":"","header-below-stick-meta":"","astra-migrate-meta-layouts":"default","ast-page-background-enabled":"default","ast-page-background-meta":{"desktop":{"background-color":"var(--ast-global-color-5)","background-image":"","background-repeat":"repeat","background-position":"center center","background-size":"auto","background-attachment":"scroll","background-type":"","background-media":"","overlay-type":"","overlay-color":"","overlay-opacity":"","overlay-gradient":""},"tablet":{"background-color":"","background-image":"","background-repeat":"repeat","background-position":"center center","background-size":"auto","background-attachment":"scroll","background-type":"","background-media":"","overlay-type":"","overlay-color":"","overlay-opacity":"","overlay-gradient":""},"mobile":{"background-color":"","background-image":"","background-repeat":"repeat","background-position":"center center","background-size":"auto","background-attachment":"scroll","background-type":"","background-media":"","overlay-type":"","overlay-color":"","overlay-opacity":"","overlay-gradient":""}},"ast-content-background-meta":{"desktop":{"background-color":"var(--ast-global-color-4)","background-image":"","background-repeat":"repeat","background-position":"center center","background-size":"auto","background-attachment":"scroll","background-type":"","background-media":"","overlay-type":"","overlay-color":"","overlay-opacity":"","overlay-gradient":""},"tablet":{"background-color":"var(--ast-global-color-4)","background-image":"","background-repeat":"repeat","background-position":"center center","background-size":"auto","background-attachment":"scroll","background-type":"","background-media":"","overlay-type":"","overlay-color":"","overlay-opacity":"","overlay-gradient":""},"mobile":{"background-color":"var(--ast-global-color-4)","background-image":"","background-repeat":"repeat","background-position":"center center","background-size":"auto","background-attachment":"scroll","background-type":"","background-media":"","overlay-type":"","overlay-color":"","overlay-opacity":"","overlay-gradient":""}},"footnotes":""},"class_list":["post-4374","page","type-page","status-publish","hentry"],"_links":{"self":[{"href":"https:\/\/www.zegevege.com\/index.php?rest_route=\/wp\/v2\/pages\/4374","targetHints":{"allow":["GET"]}}],"collection":[{"href":"https:\/\/www.zegevege.com\/index.php?rest_route=\/wp\/v2\/pages"}],"about":[{"href":"https:\/\/www.zegevege.com\/index.php?rest_route=\/wp\/v2\/types\/page"}],"author":[{"embeddable":true,"href":"https:\/\/www.zegevege.com\/index.php?rest_route=\/wp\/v2\/users\/1"}],"replies":[{"embeddable":true,"href":"https:\/\/www.zegevege.com\/index.php?rest_route=%2Fwp%2Fv2%2Fcomments&post=4374"}],"version-history":[{"count":6,"href":"https:\/\/www.zegevege.com\/index.php?rest_route=\/wp\/v2\/pages\/4374\/revisions"}],"predecessor-version":[{"id":4861,"href":"https:\/\/www.zegevege.com\/index.php?rest_route=\/wp\/v2\/pages\/4374\/revisions\/4861"}],"wp:attachment":[{"href":"https:\/\/www.zegevege.com\/index.php?rest_route=%2Fwp%2Fv2%2Fmedia&parent=4374"}],"curies":[{"name":"wp","href":"https:\/\/api.w.org\/{rel}","templated":true}]}}